{"id":17080,"date":"2023-06-12T12:46:21","date_gmt":"2023-06-12T10:46:21","guid":{"rendered":"https:\/\/www.pogar.ch\/webnew\/?page_id=17080"},"modified":"2024-02-09T18:26:03","modified_gmt":"2024-02-09T17:26:03","slug":"portes-coupe-feu","status":"publish","type":"page","link":"https:\/\/www.pogar.ch\/webnew\/produits\/portes-coupe-feu\/","title":{"rendered":"Portes coupe-feu"},"content":{"rendered":"<section class=\"wpb-content-wrapper\"><p>[vc_row css_animation=\u00a0\u00bb\u00a0\u00bb row_type=\u00a0\u00bbrow\u00a0\u00bb use_row_as_full_screen_section=\u00a0\u00bbno\u00a0\u00bb type=\u00a0\u00bbgrid\u00a0\u00bb angled_section=\u00a0\u00bbno\u00a0\u00bb text_align=\u00a0\u00bbleft\u00a0\u00bb background_image_as_pattern=\u00a0\u00bbwithout_pattern\u00a0\u00bb z_index=\u00a0\u00bb\u00a0\u00bb padding_bottom=\u00a0\u00bb0&Prime; padding_top=\u00a0\u00bb50&Prime;][vc_column][vc_separator type=\u00a0\u00bbtransparent\u00a0\u00bb thickness=\u00a0\u00bb1&Prime; up=\u00a0\u00bb-8&Prime;][vc_column_text]<\/p>\n<h5>Portes s\u00e9curit\u00e9<\/h5>\n<p>[\/vc_column_text][vc_separator type=\u00a0\u00bbsmall\u00a0\u00bb position=\u00a0\u00bbleft\u00a0\u00bb up=\u00a0\u00bb6&Prime; down=\u00a0\u00bb15&Prime;][vc_column_text]<\/p>\n<h1>Les portes coupe-feu<\/h1>\n<p>[\/vc_column_text][vc_separator type=\u00a0\u00bbtransparent\u00a0\u00bb thickness=\u00a0\u00bb1&Prime; up=\u00a0\u00bb25&Prime; down=\u00a0\u00bb0&Prime;][vc_column_text]Bienvenue sur notre page consacr\u00e9e aux portes coupe-feu. Nous sommes experts dans la fourniture et l&rsquo;installation de diff\u00e9rents types de portes coupe-feu, notamment les portes battantes, les portes t\u00e9lescopiques et les portes coulissantes.<\/p>\n<p>&nbsp;<\/p>\n<p><strong>Les portes coupe-feu sont essentielles pour pr\u00e9server la s\u00e9curit\u00e9 de votre b\u00e2timent.<\/strong> Elles sont con\u00e7ues pour r\u00e9sister au feu, emp\u00eachant sa propagation et offrant une issue de secours s\u00e9curis\u00e9e en cas d&rsquo;urgence. <strong>Choisir le bon type de porte coupe-feu peut d\u00e9pendre de nombreux facteurs,<\/strong> dont l&rsquo;espace disponible, le flux de trafic, et bien s\u00fbr, la r\u00e9glementation en vigueur.<\/p>\n<p>&nbsp;<\/p>\n<p><strong>Nos portes coupe-feu battantes sont parmi les plus couramment utilis\u00e9es.<\/strong> Elles sont robustes, fiables et offrent une grande facilit\u00e9 d&rsquo;acc\u00e8s. Que vous ayez besoin d&rsquo;une ou de plusieurs vantaux, nos portes battantes peuvent \u00eatre adapt\u00e9es \u00e0 vos besoins sp\u00e9cifiques.<\/p>\n<p>&nbsp;<\/p>\n<p>Les portes coupe-feu t\u00e9lescopiques, quant \u00e0 elles, <strong>sont une solution id\u00e9ale pour les espaces restreints.<\/strong> Leur conception permet de gagner de l&rsquo;espace sans compromettre la s\u00e9curit\u00e9. Elles sont id\u00e9ales pour les couloirs \u00e9troits ou les endroits o\u00f9 l&rsquo;espace est limit\u00e9.<\/p>\n<p>&nbsp;<\/p>\n<p>Enfin, nos portes coupe-feu coulissantes sont souvent utilis\u00e9es pour les grandes ouvertures ou les zones \u00e0 fort trafic. Elles offrent une facilit\u00e9 d&rsquo;utilisation et une performance incendie in\u00e9gal\u00e9e, <strong>tout en maximisant l&rsquo;espace disponible.<\/strong><\/p>\n<p>&nbsp;<\/p>\n<p>Toutes nos portes sont conformes aux normes de s\u00e9curit\u00e9 les plus strictes et sont install\u00e9es par notre \u00e9quipe d&rsquo;experts, assurant ainsi la tranquillit\u00e9 d&rsquo;esprit de nos clients. Nous proposons \u00e9galement des services d&rsquo;entretien et de r\u00e9paration, assurant ainsi que vos portes fonctionnent correctement et continuent \u00e0 fournir un niveau de protection optimal.<\/p>\n<p>&nbsp;<\/p>\n<p>Si vous avez des questions ou si vous souhaitez discuter de vos besoins sp\u00e9cifiques, <strong>n&rsquo;h\u00e9sitez pas \u00e0 nous contacter.<\/strong>[\/vc_column_text][\/vc_column][\/vc_row][vc_row css_animation=\u00a0\u00bb\u00a0\u00bb row_type=\u00a0\u00bbrow\u00a0\u00bb use_row_as_full_screen_section=\u00a0\u00bbno\u00a0\u00bb type=\u00a0\u00bbgrid\u00a0\u00bb angled_section=\u00a0\u00bbno\u00a0\u00bb text_align=\u00a0\u00bbleft\u00a0\u00bb background_image_as_pattern=\u00a0\u00bbwithout_pattern\u00a0\u00bb z_index=\u00a0\u00bb\u00a0\u00bb padding_bottom=\u00a0\u00bb20&Prime; padding_top=\u00a0\u00bb50&Prime;][vc_column css=\u00a0\u00bb.vc_custom_1655576646318{padding-bottom: 20px !important;}\u00a0\u00bb]<a  itemprop=\"url\" href=\"https:\/\/www.pogar.ch\/webnew\/services\/demande-de-devis\/\" target=\"_self\"  class=\"qbutton  default\" style=\"margin: 20px 0px 0px 0px; \">Demander un devis gratuit<\/a>[\/vc_column][\/vc_row][vc_row css_animation=\u00a0\u00bb\u00a0\u00bb row_type=\u00a0\u00bbrow\u00a0\u00bb use_row_as_full_screen_section=\u00a0\u00bbno\u00a0\u00bb type=\u00a0\u00bbgrid\u00a0\u00bb angled_section=\u00a0\u00bbno\u00a0\u00bb text_align=\u00a0\u00bbleft\u00a0\u00bb background_image_as_pattern=\u00a0\u00bbwithout_pattern\u00a0\u00bb z_index=\u00a0\u00bb\u00a0\u00bb padding_bottom=\u00a0\u00bb20&Prime; padding_top=\u00a0\u00bb50&Prime;][vc_column width=\u00a0\u00bb1\/2&Prime; css=\u00a0\u00bb.vc_custom_1655576646318{padding-bottom: 20px !important;}\u00a0\u00bb][vc_single_image image=\u00a0\u00bb17095&Prime; img_size=\u00a0\u00bbfull\u00a0\u00bb qode_css_animation=\u00a0\u00bb\u00a0\u00bb][\/vc_column][vc_column width=\u00a0\u00bb1\/2&Prime;][vc_column_text]<\/p>\n<h3>Portes battantes coupe-feu<\/h3>\n<p>Les portes battantes coupe-feu jouent un r\u00f4le crucial dans la pr\u00e9vention de la propagation du feu et de la fum\u00e9e dans un b\u00e2timent en cas d&rsquo;incendie. Elles sont sp\u00e9cialement con\u00e7ues pour isoler et contenir un incendie dans une zone sp\u00e9cifique, permettant ainsi une \u00e9vacuation s\u00e9curis\u00e9e des occupants et une intervention efficace des services de secours.[\/vc_column_text][\/vc_column][\/vc_row][vc_row css_animation=\u00a0\u00bb\u00a0\u00bb row_type=\u00a0\u00bbrow\u00a0\u00bb use_row_as_full_screen_section=\u00a0\u00bbno\u00a0\u00bb type=\u00a0\u00bbgrid\u00a0\u00bb angled_section=\u00a0\u00bbno\u00a0\u00bb text_align=\u00a0\u00bbleft\u00a0\u00bb background_image_as_pattern=\u00a0\u00bbwithout_pattern\u00a0\u00bb z_index=\u00a0\u00bb\u00a0\u00bb padding_bottom=\u00a0\u00bb20&Prime; padding_top=\u00a0\u00bb50&Prime;][vc_column width=\u00a0\u00bb1\/2&Prime; css=\u00a0\u00bb.vc_custom_1655576646318{padding-bottom: 20px !important;}\u00a0\u00bb][vc_column_text]<\/p>\n<h3>Portes coulissantes coupe-feu<\/h3>\n<p>Une porte coulissante coupe-feu est con\u00e7ue pour r\u00e9sister et comporter face aux incendies. Ces portes sont r\u00e9glement\u00e9es par des normes strictes afin d&rsquo;assurer la s\u00e9curit\u00e9 des biens et des personnes.[\/vc_column_text][\/vc_column][vc_column width=\u00a0\u00bb1\/2&Prime;][vc_single_image image=\u00a0\u00bb17087&Prime; img_size=\u00a0\u00bbfull\u00a0\u00bb qode_css_animation=\u00a0\u00bb\u00a0\u00bb][\/vc_column][\/vc_row][vc_row css_animation=\u00a0\u00bb\u00a0\u00bb row_type=\u00a0\u00bbrow\u00a0\u00bb use_row_as_full_screen_section=\u00a0\u00bbno\u00a0\u00bb type=\u00a0\u00bbgrid\u00a0\u00bb angled_section=\u00a0\u00bbno\u00a0\u00bb text_align=\u00a0\u00bbleft\u00a0\u00bb background_image_as_pattern=\u00a0\u00bbwithout_pattern\u00a0\u00bb z_index=\u00a0\u00bb\u00a0\u00bb padding_bottom=\u00a0\u00bb20&Prime; padding_top=\u00a0\u00bb50&Prime;][vc_column width=\u00a0\u00bb1\/2&Prime; css=\u00a0\u00bb.vc_custom_1655576646318{padding-bottom: 20px !important;}\u00a0\u00bb][vc_single_image image=\u00a0\u00bb17094&Prime; img_size=\u00a0\u00bbfull\u00a0\u00bb qode_css_animation=\u00a0\u00bb\u00a0\u00bb][\/vc_column][vc_column width=\u00a0\u00bb1\/2&Prime;][vc_column_text]<\/p>\n<h3>Portes t\u00e9lescopiques coupe-feu<\/h3>\n<p>Notre gamme de portes t\u00e9lescopiques coupe-feu combine innovation technologique, robustesse exceptionnelle et esth\u00e9tique moderne. Elles sont con\u00e7ues pour s&rsquo;int\u00e9grer harmonieusement \u00e0 tout type d&rsquo;architecture, tout en offrant une protection in\u00e9gal\u00e9e contre le feu.[\/vc_column_text][\/vc_column][\/vc_row][vc_row css_animation=\u00a0\u00bb\u00a0\u00bb row_type=\u00a0\u00bbrow\u00a0\u00bb use_row_as_full_screen_section=\u00a0\u00bbno\u00a0\u00bb type=\u00a0\u00bbfull_width\u00a0\u00bb angled_section=\u00a0\u00bbno\u00a0\u00bb text_align=\u00a0\u00bbleft\u00a0\u00bb background_image_as_pattern=\u00a0\u00bbwithout_pattern\u00a0\u00bb][vc_column][vc_separator type=\u00a0\u00bbtransparent\u00a0\u00bb up=\u00a0\u00bb50&Prime; down=\u00a0\u00bb50&Prime;][\/vc_column][\/vc_row][vc_row css_animation=\u00a0\u00bb\u00a0\u00bb row_type=\u00a0\u00bbrow\u00a0\u00bb use_row_as_full_screen_section=\u00a0\u00bbno\u00a0\u00bb type=\u00a0\u00bbgrid\u00a0\u00bb angled_section=\u00a0\u00bbno\u00a0\u00bb text_align=\u00a0\u00bbleft\u00a0\u00bb background_image_as_pattern=\u00a0\u00bbwithout_pattern\u00a0\u00bb z_index=\u00a0\u00bb\u00a0\u00bb padding_bottom=\u00a0\u00bb20&Prime; padding_top=\u00a0\u00bb50&Prime;][vc_column css=\u00a0\u00bb.vc_custom_1655576646318{padding-bottom: 20px !important;}\u00a0\u00bb]<a  itemprop=\"url\" href=\"https:\/\/www.pogar.ch\/webnew\/services\/demande-de-devis\/\" target=\"_self\"  class=\"qbutton  default\" style=\"margin: 20px 0px 0px 0px; \">Demander un devis gratuit<\/a>[\/vc_column][\/vc_row]<\/p>\n<\/section>","protected":false},"excerpt":{"rendered":"<p>[vc_row css_animation=\u00a0\u00bb\u00a0\u00bb row_type=\u00a0\u00bbrow\u00a0\u00bb use_row_as_full_screen_section=\u00a0\u00bbno\u00a0\u00bb type=\u00a0\u00bbgrid\u00a0\u00bb angled_section=\u00a0\u00bbno\u00a0\u00bb text_align=\u00a0\u00bbleft\u00a0\u00bb background_image_as_pattern=\u00a0\u00bbwithout_pattern\u00a0\u00bb z_index=\u00a0\u00bb\u00a0\u00bb padding_bottom=\u00a0\u00bb0&Prime; padding_top=\u00a0\u00bb50&Prime;][vc_column][vc_separator type=\u00a0\u00bbtransparent\u00a0\u00bb thickness=\u00a0\u00bb1&Prime; up=\u00a0\u00bb-8&Prime;][vc_column_text] Portes s\u00e9curit\u00e9 [\/vc_column_text][vc_separator type=\u00a0\u00bbsmall\u00a0\u00bb position=\u00a0\u00bbleft\u00a0\u00bb up=\u00a0\u00bb6&Prime; down=\u00a0\u00bb15&Prime;][vc_column_text] Les portes coupe-feu [\/vc_column_text][vc_separator type=\u00a0\u00bbtransparent\u00a0\u00bb thickness=\u00a0\u00bb1&Prime; up=\u00a0\u00bb25&Prime; down=\u00a0\u00bb0&Prime;][vc_column_text]Bienvenue sur notre page consacr\u00e9e aux portes coupe-feu. Nous sommes experts dans la fourniture et l&rsquo;installation de&#8230;<\/p>\n","protected":false},"author":1,"featured_media":0,"parent":15425,"menu_order":0,"comment_status":"closed","ping_status":"closed","template":"full_width.php","meta":[],"yoast_head":"<!-- This site is optimized with the Yoast SEO Premium plugin v20.9 (Yoast SEO v20.9) - https:\/\/yoast.com\/wordpress\/plugins\/seo\/ -->\n<title>Portes coupe-feu - Pogar S.A.<\/title>\n<meta name=\"description\" content=\"Nous sommes experts dans la fourniture et l&#039;installation de portes coupe-feu, battantes, t\u00e9lescopiques et coulissantes.\" \/>\n<meta name=\"robots\" content=\"index, follow, max-snippet:-1, max-image-preview:large, max-video-preview:-1\" \/>\n<link rel=\"canonical\" href=\"https:\/\/www.pogar.ch\/webnew\/produits\/portes-coupe-feu\/\" \/>\n<meta property=\"og:locale\" content=\"fr_FR\" \/>\n<meta property=\"og:type\" content=\"article\" \/>\n<meta property=\"og:title\" content=\"Portes coupe-feu\" \/>\n<meta property=\"og:description\" content=\"Nous sommes experts dans la fourniture et l&#039;installation de portes coupe-feu, battantes, t\u00e9lescopiques et coulissantes.\" \/>\n<meta property=\"og:url\" content=\"https:\/\/www.pogar.ch\/webnew\/produits\/portes-coupe-feu\/\" \/>\n<meta property=\"og:site_name\" content=\"Pogar S.A.\" \/>\n<meta property=\"article:publisher\" content=\"https:\/\/www.facebook.com\/POGAR-Team-139006666269936\/\" \/>\n<meta property=\"article:modified_time\" content=\"2024-02-09T17:26:03+00:00\" \/>\n<meta name=\"twitter:card\" content=\"summary_large_image\" \/>\n<meta name=\"twitter:label1\" content=\"Dur\u00e9e de lecture estim\u00e9e\" \/>\n\t<meta name=\"twitter:data1\" content=\"3 minutes\" \/>\n<script type=\"application\/ld+json\" class=\"yoast-schema-graph\">{\"@context\":\"https:\/\/schema.org\",\"@graph\":[{\"@type\":\"WebPage\",\"@id\":\"https:\/\/www.pogar.ch\/webnew\/produits\/portes-coupe-feu\/\",\"url\":\"https:\/\/www.pogar.ch\/webnew\/produits\/portes-coupe-feu\/\",\"name\":\"Portes coupe-feu - Pogar S.A.\",\"isPartOf\":{\"@id\":\"https:\/\/www.pogar.ch\/webnew\/#website\"},\"datePublished\":\"2023-06-12T10:46:21+00:00\",\"dateModified\":\"2024-02-09T17:26:03+00:00\",\"description\":\"Nous sommes experts dans la fourniture et l'installation de portes coupe-feu, battantes, t\u00e9lescopiques et coulissantes.\",\"breadcrumb\":{\"@id\":\"https:\/\/www.pogar.ch\/webnew\/produits\/portes-coupe-feu\/#breadcrumb\"},\"inLanguage\":\"fr-FR\",\"potentialAction\":[{\"@type\":\"ReadAction\",\"target\":[\"https:\/\/www.pogar.ch\/webnew\/produits\/portes-coupe-feu\/\"]}]},{\"@type\":\"BreadcrumbList\",\"@id\":\"https:\/\/www.pogar.ch\/webnew\/produits\/portes-coupe-feu\/#breadcrumb\",\"itemListElement\":[{\"@type\":\"ListItem\",\"position\":1,\"name\":\"Accueil\",\"item\":\"https:\/\/www.pogar.ch\/webnew\/\"},{\"@type\":\"ListItem\",\"position\":2,\"name\":\"Tous les produits\",\"item\":\"https:\/\/www.pogar.ch\/webnew\/produits\/\"},{\"@type\":\"ListItem\",\"position\":3,\"name\":\"Portes coupe-feu\"}]},{\"@type\":\"WebSite\",\"@id\":\"https:\/\/www.pogar.ch\/webnew\/#website\",\"url\":\"https:\/\/www.pogar.ch\/webnew\/\",\"name\":\"Pogar S.A.\",\"description\":\"Portes de garage - Portes d&#039;entr\u00e9e - Portails\",\"publisher\":{\"@id\":\"https:\/\/www.pogar.ch\/webnew\/#organization\"},\"potentialAction\":[{\"@type\":\"SearchAction\",\"target\":{\"@type\":\"EntryPoint\",\"urlTemplate\":\"https:\/\/www.pogar.ch\/webnew\/?s={search_term_string}\"},\"query-input\":\"required name=search_term_string\"}],\"inLanguage\":\"fr-FR\"},{\"@type\":\"Organization\",\"@id\":\"https:\/\/www.pogar.ch\/webnew\/#organization\",\"name\":\"Pogar S.A.\",\"url\":\"https:\/\/www.pogar.ch\/webnew\/\",\"logo\":{\"@type\":\"ImageObject\",\"inLanguage\":\"fr-FR\",\"@id\":\"https:\/\/www.pogar.ch\/webnew\/#\/schema\/logo\/image\/\",\"url\":\"https:\/\/www.pogar.ch\/webnew\/wp-content\/uploads\/2019\/09\/logo-positif-pogar.png\",\"contentUrl\":\"https:\/\/www.pogar.ch\/webnew\/wp-content\/uploads\/2019\/09\/logo-positif-pogar.png\",\"width\":254,\"height\":210,\"caption\":\"Pogar S.A.\"},\"image\":{\"@id\":\"https:\/\/www.pogar.ch\/webnew\/#\/schema\/logo\/image\/\"},\"sameAs\":[\"https:\/\/www.facebook.com\/POGAR-Team-139006666269936\/\",\"https:\/\/www.instagram.com\/pogar_sa\/\",\"https:\/\/www.linkedin.com\/company\/81284588\/\"]}]}<\/script>\n<!-- \/ Yoast SEO Premium plugin. -->","yoast_head_json":{"title":"Portes coupe-feu - Pogar S.A.","description":"Nous sommes experts dans la fourniture et l'installation de portes coupe-feu, battantes, t\u00e9lescopiques et coulissantes.","robots":{"index":"index","follow":"follow","max-snippet":"max-snippet:-1","max-image-preview":"max-image-preview:large","max-video-preview":"max-video-preview:-1"},"canonical":"https:\/\/www.pogar.ch\/webnew\/produits\/portes-coupe-feu\/","og_locale":"fr_FR","og_type":"article","og_title":"Portes coupe-feu","og_description":"Nous sommes experts dans la fourniture et l'installation de portes coupe-feu, battantes, t\u00e9lescopiques et coulissantes.","og_url":"https:\/\/www.pogar.ch\/webnew\/produits\/portes-coupe-feu\/","og_site_name":"Pogar S.A.","article_publisher":"https:\/\/www.facebook.com\/POGAR-Team-139006666269936\/","article_modified_time":"2024-02-09T17:26:03+00:00","twitter_card":"summary_large_image","twitter_misc":{"Dur\u00e9e de lecture estim\u00e9e":"3 minutes"},"schema":{"@context":"https:\/\/schema.org","@graph":[{"@type":"WebPage","@id":"https:\/\/www.pogar.ch\/webnew\/produits\/portes-coupe-feu\/","url":"https:\/\/www.pogar.ch\/webnew\/produits\/portes-coupe-feu\/","name":"Portes coupe-feu - Pogar S.A.","isPartOf":{"@id":"https:\/\/www.pogar.ch\/webnew\/#website"},"datePublished":"2023-06-12T10:46:21+00:00","dateModified":"2024-02-09T17:26:03+00:00","description":"Nous sommes experts dans la fourniture et l'installation de portes coupe-feu, battantes, t\u00e9lescopiques et coulissantes.","breadcrumb":{"@id":"https:\/\/www.pogar.ch\/webnew\/produits\/portes-coupe-feu\/#breadcrumb"},"inLanguage":"fr-FR","potentialAction":[{"@type":"ReadAction","target":["https:\/\/www.pogar.ch\/webnew\/produits\/portes-coupe-feu\/"]}]},{"@type":"BreadcrumbList","@id":"https:\/\/www.pogar.ch\/webnew\/produits\/portes-coupe-feu\/#breadcrumb","itemListElement":[{"@type":"ListItem","position":1,"name":"Accueil","item":"https:\/\/www.pogar.ch\/webnew\/"},{"@type":"ListItem","position":2,"name":"Tous les produits","item":"https:\/\/www.pogar.ch\/webnew\/produits\/"},{"@type":"ListItem","position":3,"name":"Portes coupe-feu"}]},{"@type":"WebSite","@id":"https:\/\/www.pogar.ch\/webnew\/#website","url":"https:\/\/www.pogar.ch\/webnew\/","name":"Pogar S.A.","description":"Portes de garage - Portes d&#039;entr\u00e9e - Portails","publisher":{"@id":"https:\/\/www.pogar.ch\/webnew\/#organization"},"potentialAction":[{"@type":"SearchAction","target":{"@type":"EntryPoint","urlTemplate":"https:\/\/www.pogar.ch\/webnew\/?s={search_term_string}"},"query-input":"required name=search_term_string"}],"inLanguage":"fr-FR"},{"@type":"Organization","@id":"https:\/\/www.pogar.ch\/webnew\/#organization","name":"Pogar S.A.","url":"https:\/\/www.pogar.ch\/webnew\/","logo":{"@type":"ImageObject","inLanguage":"fr-FR","@id":"https:\/\/www.pogar.ch\/webnew\/#\/schema\/logo\/image\/","url":"https:\/\/www.pogar.ch\/webnew\/wp-content\/uploads\/2019\/09\/logo-positif-pogar.png","contentUrl":"https:\/\/www.pogar.ch\/webnew\/wp-content\/uploads\/2019\/09\/logo-positif-pogar.png","width":254,"height":210,"caption":"Pogar S.A."},"image":{"@id":"https:\/\/www.pogar.ch\/webnew\/#\/schema\/logo\/image\/"},"sameAs":["https:\/\/www.facebook.com\/POGAR-Team-139006666269936\/","https:\/\/www.instagram.com\/pogar_sa\/","https:\/\/www.linkedin.com\/company\/81284588\/"]}]}},"_links":{"self":[{"href":"https:\/\/www.pogar.ch\/webnew\/wp-json\/wp\/v2\/pages\/17080"}],"collection":[{"href":"https:\/\/www.pogar.ch\/webnew\/wp-json\/wp\/v2\/pages"}],"about":[{"href":"https:\/\/www.pogar.ch\/webnew\/wp-json\/wp\/v2\/types\/page"}],"author":[{"embeddable":true,"href":"https:\/\/www.pogar.ch\/webnew\/wp-json\/wp\/v2\/users\/1"}],"replies":[{"embeddable":true,"href":"https:\/\/www.pogar.ch\/webnew\/wp-json\/wp\/v2\/comments?post=17080"}],"version-history":[{"count":14,"href":"https:\/\/www.pogar.ch\/webnew\/wp-json\/wp\/v2\/pages\/17080\/revisions"}],"predecessor-version":[{"id":17221,"href":"https:\/\/www.pogar.ch\/webnew\/wp-json\/wp\/v2\/pages\/17080\/revisions\/17221"}],"up":[{"embeddable":true,"href":"https:\/\/www.pogar.ch\/webnew\/wp-json\/wp\/v2\/pages\/15425"}],"wp:attachment":[{"href":"https:\/\/www.pogar.ch\/webnew\/wp-json\/wp\/v2\/media?parent=17080"}],"curies":[{"name":"wp","href":"https:\/\/api.w.org\/{rel}","templated":true}]}}