{"id":17066,"date":"2023-06-12T11:48:09","date_gmt":"2023-06-12T09:48:09","guid":{"rendered":"https:\/\/www.pogar.ch\/webnew\/?page_id=17066"},"modified":"2024-02-09T18:15:53","modified_gmt":"2024-02-09T17:15:53","slug":"portes-de-garage-battantes","status":"publish","type":"page","link":"https:\/\/www.pogar.ch\/webnew\/produits\/portes-de-garage\/portes-de-garages-residentielles\/portes-de-garage-battantes\/","title":{"rendered":"Portes de garage battantes"},"content":{"rendered":"<section class=\"wpb-content-wrapper\"><p>[vc_row css_animation=\u00a0\u00bb\u00a0\u00bb row_type=\u00a0\u00bbrow\u00a0\u00bb use_row_as_full_screen_section=\u00a0\u00bbno\u00a0\u00bb type=\u00a0\u00bbgrid\u00a0\u00bb angled_section=\u00a0\u00bbno\u00a0\u00bb text_align=\u00a0\u00bbleft\u00a0\u00bb background_image_as_pattern=\u00a0\u00bbwithout_pattern\u00a0\u00bb z_index=\u00a0\u00bb\u00a0\u00bb padding_bottom=\u00a0\u00bb0&Prime; padding_top=\u00a0\u00bb50&Prime;][vc_column][vc_separator type=\u00a0\u00bbtransparent\u00a0\u00bb thickness=\u00a0\u00bb1&Prime; up=\u00a0\u00bb-8&Prime;][vc_column_text]<\/p>\n<h5><a href=\"https:\/\/www.pogar.ch\/webnew\/produits\/portes-de-garage\/portes-de-garages-residentielles\/\">Portes de garage r\u00e9sidentielles<\/a><\/h5>\n<p>[\/vc_column_text][vc_separator type=\u00a0\u00bbsmall\u00a0\u00bb position=\u00a0\u00bbleft\u00a0\u00bb up=\u00a0\u00bb6&Prime; down=\u00a0\u00bb15&Prime;][vc_column_text]<\/p>\n<h1>Portes de garage battantes<\/h1>\n<p>[\/vc_column_text][vc_separator type=\u00a0\u00bbtransparent\u00a0\u00bb thickness=\u00a0\u00bb1&Prime; up=\u00a0\u00bb25&Prime; down=\u00a0\u00bb0&Prime;][vc_column_text]Bienvenue sur notre page d\u00e9di\u00e9e aux portes de garage battantes. Notre entreprise se distingue par notre expertise dans l&rsquo;installation, l&rsquo;entretien et le remplacement de ce type de porte.<\/p>\n<p>&nbsp;<\/p>\n<p>Les portes de garage battantes, \u00e9galement connues sous le nom de portes \u00e0 deux battants, sont une option populaire pour de nombreux propri\u00e9taires gr\u00e2ce \u00e0 leur esth\u00e9tique classique et \u00e0 leur robustesse. Elles offrent une s\u00e9curit\u00e9 optimale et s&rsquo;int\u00e8grent parfaitement dans le paysage de votre maison, qu&rsquo;il soit traditionnel ou contemporain.<\/p>\n<p>&nbsp;<\/p>\n<p>L&rsquo;installation d&rsquo;une porte de garage battante requiert une expertise pr\u00e9cise pour garantir sa durabilit\u00e9 et sa fonctionnalit\u00e9 optimale. Notre \u00e9quipe d&rsquo;installateurs professionnels dispose de l&rsquo;exp\u00e9rience et des comp\u00e9tences n\u00e9cessaires pour effectuer ce travail en respectant les normes de s\u00e9curit\u00e9 les plus strictes.<\/p>\n<p>&nbsp;<\/p>\n<p>Lorsque vous faites appel \u00e0 nous pour l&rsquo;installation de votre porte de garage battante, nous nous engageons \u00e0 utiliser des mat\u00e9riaux de la plus haute qualit\u00e9. Nous offrons \u00e9galement un service de personnalisation, vous permettant de choisir parmi une vari\u00e9t\u00e9 de styles, de couleurs et de finitions pour cr\u00e9er une porte qui correspond parfaitement \u00e0 l&rsquo;esth\u00e9tique de votre maison.<\/p>\n<p>&nbsp;<\/p>\n<p>Outre l&rsquo;installation de nouvelles portes, nous fournissons \u00e9galement un service d&rsquo;entretien de portes de garage battantes.<\/p>\n<p>&nbsp;<\/p>\n<p>Si vous habitez dans notre zone de service et que vous recherchez une entreprise fiable pour l&rsquo;installation de votre porte de garage battante, n&rsquo;h\u00e9sitez pas \u00e0 nous contacter. Nous sommes l\u00e0 pour r\u00e9pondre \u00e0 toutes vos questions et pour vous aider \u00e0 choisir la meilleure solution pour vos besoins.<\/p>\n<p>&nbsp;<\/p>\n<p>Chez nous, votre satisfaction est notre priorit\u00e9. C&rsquo;est pourquoi nous nous engageons \u00e0 offrir un service de qualit\u00e9, rapide et efficace, que vous ayez besoin d&rsquo;une installation de porte de garage battante ou d&rsquo;un simple entretien.<\/p>\n<p>&nbsp;<\/p>\n<p>En parcourant notre site, vous pourrez d\u00e9couvrir les divers mod\u00e8les de portes de garage battantes que nous proposons, ainsi que nos r\u00e9alisations. Vous y trouverez \u00e9galement des conseils utiles pour entretenir votre porte et prolonger sa dur\u00e9e de vie.<\/p>\n<p>&nbsp;<\/p>\n<p>Merci de nous faire confiance pour tous vos besoins en mati\u00e8re de portes de garage battantes. N&rsquo;h\u00e9sitez pas \u00e0 nous contacter pour un devis gratuit et sans engagement.[\/vc_column_text][\/vc_column][\/vc_row][vc_row css_animation=\u00a0\u00bb\u00a0\u00bb row_type=\u00a0\u00bbrow\u00a0\u00bb use_row_as_full_screen_section=\u00a0\u00bbno\u00a0\u00bb type=\u00a0\u00bbgrid\u00a0\u00bb angled_section=\u00a0\u00bbno\u00a0\u00bb text_align=\u00a0\u00bbleft\u00a0\u00bb background_image_as_pattern=\u00a0\u00bbwithout_pattern\u00a0\u00bb z_index=\u00a0\u00bb\u00a0\u00bb padding_bottom=\u00a0\u00bb20&Prime; padding_top=\u00a0\u00bb50&Prime;][vc_column css=\u00a0\u00bb.vc_custom_1655576646318{padding-bottom: 20px !important;}\u00a0\u00bb]<a  itemprop=\"url\" href=\"https:\/\/www.pogar.ch\/webnew\/services\/demande-de-devis\/\" target=\"_self\"  class=\"qbutton  default\" style=\"margin: 20px 0px 0px 0px; \">Demander un devis gratuit<\/a>[\/vc_column][\/vc_row][vc_row css_animation=\u00a0\u00bb\u00a0\u00bb row_type=\u00a0\u00bbrow\u00a0\u00bb use_row_as_full_screen_section=\u00a0\u00bbno\u00a0\u00bb type=\u00a0\u00bbgrid\u00a0\u00bb angled_section=\u00a0\u00bbno\u00a0\u00bb text_align=\u00a0\u00bbleft\u00a0\u00bb background_image_as_pattern=\u00a0\u00bbwithout_pattern\u00a0\u00bb z_index=\u00a0\u00bb\u00a0\u00bb padding_bottom=\u00a0\u00bb100&Prime; padding_top=\u00a0\u00bb50&Prime; anchor=\u00a0\u00bbportescoulissantes\u00a0\u00bb][vc_column][vc_column_text]<\/p>\n<h3><span style=\"color: #3d3d3d;\">Quelques exemples de portes battantes<\/span><\/h3>\n<p>[\/vc_column_text][vc_separator type=\u00a0\u00bbsmall\u00a0\u00bb position=\u00a0\u00bbleft\u00a0\u00bb up=\u00a0\u00bb12&Prime; down=\u00a0\u00bb30&Prime;]<div class=\"qode-advanced-image-gallery  qode-aig-grid-type qode-small-space   \">\n\t<div class=\"qode-aig-inner qode-outer-space qode-aig-grid qode-aig-two-columns\">\n\t\t\t\t\t<div class=\"qode-aig-image qode-item-space\">\n\t\t\t\t<div class=\"qode-aig-image-inner\">\n\t\t\t\t\t\t\t\t\t\t\t<img width=\"1200\" height=\"900\" src=\"https:\/\/www.pogar.ch\/webnew\/wp-content\/uploads\/2023\/06\/Portes-battantes-avec-portillon-Pogar-01.jpg\" class=\"attachment-full size-full\" alt=\"Porte de garage. battante avec portillon Pogar Sa\" decoding=\"async\" loading=\"lazy\" srcset=\"https:\/\/www.pogar.ch\/webnew\/wp-content\/uploads\/2023\/06\/Portes-battantes-avec-portillon-Pogar-01.jpg 1200w, https:\/\/www.pogar.ch\/webnew\/wp-content\/uploads\/2023\/06\/Portes-battantes-avec-portillon-Pogar-01-300x225.jpg 300w, https:\/\/www.pogar.ch\/webnew\/wp-content\/uploads\/2023\/06\/Portes-battantes-avec-portillon-Pogar-01-1024x768.jpg 1024w, https:\/\/www.pogar.ch\/webnew\/wp-content\/uploads\/2023\/06\/Portes-battantes-avec-portillon-Pogar-01-768x576.jpg 768w, https:\/\/www.pogar.ch\/webnew\/wp-content\/uploads\/2023\/06\/Portes-battantes-avec-portillon-Pogar-01-800x600.jpg 800w, https:\/\/www.pogar.ch\/webnew\/wp-content\/uploads\/2023\/06\/Portes-battantes-avec-portillon-Pogar-01-700x525.jpg 700w\" sizes=\"(max-width: 1200px) 100vw, 1200px\" \/>\t\t\t\t\t\t<span class=\"aig-gallery-hover\">\n\t\t\t\t\t\t\t\t\t\t\t\t\t<\/span>\n\t\t\t\t\t\t\t\t\t<\/div>\n\t\t\t<\/div>\n\t\t\t\t\t<div class=\"qode-aig-image qode-item-space\">\n\t\t\t\t<div class=\"qode-aig-image-inner\">\n\t\t\t\t\t\t\t\t\t\t\t<img width=\"1200\" height=\"900\" src=\"https:\/\/www.pogar.ch\/webnew\/wp-content\/uploads\/2023\/06\/Portes-battantes-avec-portillon-Pogar-02.jpg\" class=\"attachment-full size-full\" alt=\"Porte de garage. battante avec portillon Pogar Sa\" decoding=\"async\" loading=\"lazy\" srcset=\"https:\/\/www.pogar.ch\/webnew\/wp-content\/uploads\/2023\/06\/Portes-battantes-avec-portillon-Pogar-02.jpg 1200w, https:\/\/www.pogar.ch\/webnew\/wp-content\/uploads\/2023\/06\/Portes-battantes-avec-portillon-Pogar-02-300x225.jpg 300w, https:\/\/www.pogar.ch\/webnew\/wp-content\/uploads\/2023\/06\/Portes-battantes-avec-portillon-Pogar-02-1024x768.jpg 1024w, https:\/\/www.pogar.ch\/webnew\/wp-content\/uploads\/2023\/06\/Portes-battantes-avec-portillon-Pogar-02-768x576.jpg 768w, https:\/\/www.pogar.ch\/webnew\/wp-content\/uploads\/2023\/06\/Portes-battantes-avec-portillon-Pogar-02-800x600.jpg 800w, https:\/\/www.pogar.ch\/webnew\/wp-content\/uploads\/2023\/06\/Portes-battantes-avec-portillon-Pogar-02-700x525.jpg 700w\" sizes=\"(max-width: 1200px) 100vw, 1200px\" \/>\t\t\t\t\t\t<span class=\"aig-gallery-hover\">\n\t\t\t\t\t\t\t\t\t\t\t\t\t<\/span>\n\t\t\t\t\t\t\t\t\t<\/div>\n\t\t\t<\/div>\n\t\t\t\t\t<div class=\"qode-aig-image qode-item-space\">\n\t\t\t\t<div class=\"qode-aig-image-inner\">\n\t\t\t\t\t\t\t\t\t\t\t<img width=\"1200\" height=\"900\" src=\"https:\/\/www.pogar.ch\/webnew\/wp-content\/uploads\/2023\/06\/Portes-battantes-avec-portillon-Pogar-03.jpg\" class=\"attachment-full size-full\" alt=\"Porte de garage. battante avec portillon Pogar Sa\" decoding=\"async\" loading=\"lazy\" srcset=\"https:\/\/www.pogar.ch\/webnew\/wp-content\/uploads\/2023\/06\/Portes-battantes-avec-portillon-Pogar-03.jpg 1200w, https:\/\/www.pogar.ch\/webnew\/wp-content\/uploads\/2023\/06\/Portes-battantes-avec-portillon-Pogar-03-300x225.jpg 300w, https:\/\/www.pogar.ch\/webnew\/wp-content\/uploads\/2023\/06\/Portes-battantes-avec-portillon-Pogar-03-1024x768.jpg 1024w, https:\/\/www.pogar.ch\/webnew\/wp-content\/uploads\/2023\/06\/Portes-battantes-avec-portillon-Pogar-03-768x576.jpg 768w, https:\/\/www.pogar.ch\/webnew\/wp-content\/uploads\/2023\/06\/Portes-battantes-avec-portillon-Pogar-03-800x600.jpg 800w, https:\/\/www.pogar.ch\/webnew\/wp-content\/uploads\/2023\/06\/Portes-battantes-avec-portillon-Pogar-03-700x525.jpg 700w\" sizes=\"(max-width: 1200px) 100vw, 1200px\" \/>\t\t\t\t\t\t<span class=\"aig-gallery-hover\">\n\t\t\t\t\t\t\t\t\t\t\t\t\t<\/span>\n\t\t\t\t\t\t\t\t\t<\/div>\n\t\t\t<\/div>\n\t\t\t\t\t<div class=\"qode-aig-image qode-item-space\">\n\t\t\t\t<div class=\"qode-aig-image-inner\">\n\t\t\t\t\t\t\t\t\t\t\t<img width=\"1200\" height=\"900\" src=\"https:\/\/www.pogar.ch\/webnew\/wp-content\/uploads\/2023\/06\/Portes-battantes-Bursinel-Pogar.jpg\" class=\"attachment-full size-full\" alt=\"Porte de garage battante Pogar Sa\" decoding=\"async\" loading=\"lazy\" srcset=\"https:\/\/www.pogar.ch\/webnew\/wp-content\/uploads\/2023\/06\/Portes-battantes-Bursinel-Pogar.jpg 1200w, https:\/\/www.pogar.ch\/webnew\/wp-content\/uploads\/2023\/06\/Portes-battantes-Bursinel-Pogar-300x225.jpg 300w, https:\/\/www.pogar.ch\/webnew\/wp-content\/uploads\/2023\/06\/Portes-battantes-Bursinel-Pogar-1024x768.jpg 1024w, https:\/\/www.pogar.ch\/webnew\/wp-content\/uploads\/2023\/06\/Portes-battantes-Bursinel-Pogar-768x576.jpg 768w, https:\/\/www.pogar.ch\/webnew\/wp-content\/uploads\/2023\/06\/Portes-battantes-Bursinel-Pogar-800x600.jpg 800w, https:\/\/www.pogar.ch\/webnew\/wp-content\/uploads\/2023\/06\/Portes-battantes-Bursinel-Pogar-700x525.jpg 700w\" sizes=\"(max-width: 1200px) 100vw, 1200px\" \/>\t\t\t\t\t\t<span class=\"aig-gallery-hover\">\n\t\t\t\t\t\t\t\t\t\t\t\t\t<\/span>\n\t\t\t\t\t\t\t\t\t<\/div>\n\t\t\t<\/div>\n\t\t\t\t\t<div class=\"qode-aig-image qode-item-space\">\n\t\t\t\t<div class=\"qode-aig-image-inner\">\n\t\t\t\t\t\t\t\t\t\t\t<img width=\"1200\" height=\"896\" src=\"https:\/\/www.pogar.ch\/webnew\/wp-content\/uploads\/2023\/06\/Portes-battantes-Pogar-02.jpg\" class=\"attachment-full size-full\" alt=\"Porte de garage battante Pogar Sa\" decoding=\"async\" loading=\"lazy\" srcset=\"https:\/\/www.pogar.ch\/webnew\/wp-content\/uploads\/2023\/06\/Portes-battantes-Pogar-02.jpg 1200w, https:\/\/www.pogar.ch\/webnew\/wp-content\/uploads\/2023\/06\/Portes-battantes-Pogar-02-300x224.jpg 300w, https:\/\/www.pogar.ch\/webnew\/wp-content\/uploads\/2023\/06\/Portes-battantes-Pogar-02-1024x765.jpg 1024w, https:\/\/www.pogar.ch\/webnew\/wp-content\/uploads\/2023\/06\/Portes-battantes-Pogar-02-768x573.jpg 768w, https:\/\/www.pogar.ch\/webnew\/wp-content\/uploads\/2023\/06\/Portes-battantes-Pogar-02-700x523.jpg 700w\" sizes=\"(max-width: 1200px) 100vw, 1200px\" \/>\t\t\t\t\t\t<span class=\"aig-gallery-hover\">\n\t\t\t\t\t\t\t\t\t\t\t\t\t<\/span>\n\t\t\t\t\t\t\t\t\t<\/div>\n\t\t\t<\/div>\n\t\t\t<\/div>\n<\/div>[vc_row_inner row_type=\u00a0\u00bbrow\u00a0\u00bb type=\u00a0\u00bbfull_width\u00a0\u00bb text_align=\u00a0\u00bbleft\u00a0\u00bb css_animation=\u00a0\u00bb\u00a0\u00bb][vc_column_inner width=\u00a0\u00bb1\/2&Prime;][vc_single_image image=\u00a0\u00bb17121&Prime; img_size=\u00a0\u00bbfull\u00a0\u00bb add_caption=\u00a0\u00bbyes\u00a0\u00bb qode_css_animation=\u00a0\u00bb\u00a0\u00bb][\/vc_column_inner][vc_column_inner width=\u00a0\u00bb1\/2&Prime;][vc_single_image image=\u00a0\u00bb17113&Prime; img_size=\u00a0\u00bbfull\u00a0\u00bb add_caption=\u00a0\u00bbyes\u00a0\u00bb alignment=\u00a0\u00bbright\u00a0\u00bb qode_css_animation=\u00a0\u00bb\u00a0\u00bb][\/vc_column_inner][\/vc_row_inner][\/vc_column][\/vc_row][vc_row css_animation=\u00a0\u00bb\u00a0\u00bb row_type=\u00a0\u00bbrow\u00a0\u00bb use_row_as_full_screen_section=\u00a0\u00bbno\u00a0\u00bb type=\u00a0\u00bbgrid\u00a0\u00bb angled_section=\u00a0\u00bbno\u00a0\u00bb text_align=\u00a0\u00bbleft\u00a0\u00bb background_image_as_pattern=\u00a0\u00bbwithout_pattern\u00a0\u00bb z_index=\u00a0\u00bb\u00a0\u00bb padding_bottom=\u00a0\u00bb20&Prime; padding_top=\u00a0\u00bb50&Prime;][vc_column css=\u00a0\u00bb.vc_custom_1655576646318{padding-bottom: 20px !important;}\u00a0\u00bb]<a  itemprop=\"url\" href=\"https:\/\/www.pogar.ch\/webnew\/services\/demande-de-devis\/\" target=\"_self\"  class=\"qbutton  default\" style=\"margin: 20px 0px 0px 0px; \">Demander un devis gratuit<\/a>[\/vc_column][\/vc_row]<\/p>\n<\/section>","protected":false},"excerpt":{"rendered":"<p>[vc_row css_animation=\u00a0\u00bb\u00a0\u00bb row_type=\u00a0\u00bbrow\u00a0\u00bb use_row_as_full_screen_section=\u00a0\u00bbno\u00a0\u00bb type=\u00a0\u00bbgrid\u00a0\u00bb angled_section=\u00a0\u00bbno\u00a0\u00bb text_align=\u00a0\u00bbleft\u00a0\u00bb background_image_as_pattern=\u00a0\u00bbwithout_pattern\u00a0\u00bb z_index=\u00a0\u00bb\u00a0\u00bb padding_bottom=\u00a0\u00bb0&Prime; padding_top=\u00a0\u00bb50&Prime;][vc_column][vc_separator type=\u00a0\u00bbtransparent\u00a0\u00bb thickness=\u00a0\u00bb1&Prime; up=\u00a0\u00bb-8&Prime;][vc_column_text] Portes de garage r\u00e9sidentielles [\/vc_column_text][vc_separator type=\u00a0\u00bbsmall\u00a0\u00bb position=\u00a0\u00bbleft\u00a0\u00bb up=\u00a0\u00bb6&Prime; down=\u00a0\u00bb15&Prime;][vc_column_text] Portes de garage battantes [\/vc_column_text][vc_separator type=\u00a0\u00bbtransparent\u00a0\u00bb thickness=\u00a0\u00bb1&Prime; up=\u00a0\u00bb25&Prime; down=\u00a0\u00bb0&Prime;][vc_column_text]Bienvenue sur notre page d\u00e9di\u00e9e aux portes de garage battantes. Notre entreprise se distingue&#8230;<\/p>\n","protected":false},"author":1,"featured_media":0,"parent":16204,"menu_order":0,"comment_status":"closed","ping_status":"closed","template":"full_width.php","meta":[],"yoast_head":"<!-- This site is optimized with the Yoast SEO Premium plugin v20.9 (Yoast SEO v20.9) - https:\/\/yoast.com\/wordpress\/plugins\/seo\/ -->\n<title>Portes de garage battantes - Pogar S.A.<\/title>\n<meta name=\"description\" content=\"Bienvenue sur notre page d\u00e9di\u00e9e aux portes de garage battantes. Notre entreprise se distingue par notre expertise dans l&#039;installation, l&#039;entretien et le remplacement de ce type de porte.\" \/>\n<meta name=\"robots\" content=\"index, follow, max-snippet:-1, max-image-preview:large, max-video-preview:-1\" \/>\n<link rel=\"canonical\" href=\"https:\/\/www.pogar.ch\/webnew\/produits\/portes-de-garage\/portes-de-garages-residentielles\/portes-de-garage-battantes\/\" \/>\n<meta property=\"og:locale\" content=\"fr_FR\" \/>\n<meta property=\"og:type\" content=\"article\" \/>\n<meta property=\"og:title\" content=\"Portes de garage battantes\" \/>\n<meta property=\"og:description\" content=\"Bienvenue sur notre page d\u00e9di\u00e9e aux portes de garage battantes. Notre entreprise se distingue par notre expertise dans l&#039;installation, l&#039;entretien et le remplacement de ce type de porte.\" \/>\n<meta property=\"og:url\" content=\"https:\/\/www.pogar.ch\/webnew\/produits\/portes-de-garage\/portes-de-garages-residentielles\/portes-de-garage-battantes\/\" \/>\n<meta property=\"og:site_name\" content=\"Pogar S.A.\" \/>\n<meta property=\"article:publisher\" content=\"https:\/\/www.facebook.com\/POGAR-Team-139006666269936\/\" \/>\n<meta property=\"article:modified_time\" content=\"2024-02-09T17:15:53+00:00\" \/>\n<meta name=\"twitter:card\" content=\"summary_large_image\" \/>\n<meta name=\"twitter:label1\" content=\"Dur\u00e9e de lecture estim\u00e9e\" \/>\n\t<meta name=\"twitter:data1\" content=\"3 minutes\" \/>\n<script type=\"application\/ld+json\" class=\"yoast-schema-graph\">{\"@context\":\"https:\/\/schema.org\",\"@graph\":[{\"@type\":\"WebPage\",\"@id\":\"https:\/\/www.pogar.ch\/webnew\/produits\/portes-de-garage\/portes-de-garages-residentielles\/portes-de-garage-battantes\/\",\"url\":\"https:\/\/www.pogar.ch\/webnew\/produits\/portes-de-garage\/portes-de-garages-residentielles\/portes-de-garage-battantes\/\",\"name\":\"Portes de garage battantes - Pogar S.A.\",\"isPartOf\":{\"@id\":\"https:\/\/www.pogar.ch\/webnew\/#website\"},\"datePublished\":\"2023-06-12T09:48:09+00:00\",\"dateModified\":\"2024-02-09T17:15:53+00:00\",\"description\":\"Bienvenue sur notre page d\u00e9di\u00e9e aux portes de garage battantes. Notre entreprise se distingue par notre expertise dans l'installation, l'entretien et le remplacement de ce type de porte.\",\"breadcrumb\":{\"@id\":\"https:\/\/www.pogar.ch\/webnew\/produits\/portes-de-garage\/portes-de-garages-residentielles\/portes-de-garage-battantes\/#breadcrumb\"},\"inLanguage\":\"fr-FR\",\"potentialAction\":[{\"@type\":\"ReadAction\",\"target\":[\"https:\/\/www.pogar.ch\/webnew\/produits\/portes-de-garage\/portes-de-garages-residentielles\/portes-de-garage-battantes\/\"]}]},{\"@type\":\"BreadcrumbList\",\"@id\":\"https:\/\/www.pogar.ch\/webnew\/produits\/portes-de-garage\/portes-de-garages-residentielles\/portes-de-garage-battantes\/#breadcrumb\",\"itemListElement\":[{\"@type\":\"ListItem\",\"position\":1,\"name\":\"Accueil\",\"item\":\"https:\/\/www.pogar.ch\/webnew\/\"},{\"@type\":\"ListItem\",\"position\":2,\"name\":\"Tous les produits\",\"item\":\"https:\/\/www.pogar.ch\/webnew\/produits\/\"},{\"@type\":\"ListItem\",\"position\":3,\"name\":\"Portes de garage standards\",\"item\":\"https:\/\/www.pogar.ch\/webnew\/produits\/portes-de-garage\/\"},{\"@type\":\"ListItem\",\"position\":4,\"name\":\"Portes de garage r\u00e9sidentielles\",\"item\":\"https:\/\/www.pogar.ch\/webnew\/produits\/portes-de-garage\/portes-de-garages-residentielles\/\"},{\"@type\":\"ListItem\",\"position\":5,\"name\":\"Portes de garage battantes\"}]},{\"@type\":\"WebSite\",\"@id\":\"https:\/\/www.pogar.ch\/webnew\/#website\",\"url\":\"https:\/\/www.pogar.ch\/webnew\/\",\"name\":\"Pogar S.A.\",\"description\":\"Portes de garage - Portes d&#039;entr\u00e9e - Portails\",\"publisher\":{\"@id\":\"https:\/\/www.pogar.ch\/webnew\/#organization\"},\"potentialAction\":[{\"@type\":\"SearchAction\",\"target\":{\"@type\":\"EntryPoint\",\"urlTemplate\":\"https:\/\/www.pogar.ch\/webnew\/?s={search_term_string}\"},\"query-input\":\"required name=search_term_string\"}],\"inLanguage\":\"fr-FR\"},{\"@type\":\"Organization\",\"@id\":\"https:\/\/www.pogar.ch\/webnew\/#organization\",\"name\":\"Pogar S.A.\",\"url\":\"https:\/\/www.pogar.ch\/webnew\/\",\"logo\":{\"@type\":\"ImageObject\",\"inLanguage\":\"fr-FR\",\"@id\":\"https:\/\/www.pogar.ch\/webnew\/#\/schema\/logo\/image\/\",\"url\":\"https:\/\/www.pogar.ch\/webnew\/wp-content\/uploads\/2019\/09\/logo-positif-pogar.png\",\"contentUrl\":\"https:\/\/www.pogar.ch\/webnew\/wp-content\/uploads\/2019\/09\/logo-positif-pogar.png\",\"width\":254,\"height\":210,\"caption\":\"Pogar S.A.\"},\"image\":{\"@id\":\"https:\/\/www.pogar.ch\/webnew\/#\/schema\/logo\/image\/\"},\"sameAs\":[\"https:\/\/www.facebook.com\/POGAR-Team-139006666269936\/\",\"https:\/\/www.instagram.com\/pogar_sa\/\",\"https:\/\/www.linkedin.com\/company\/81284588\/\"]}]}<\/script>\n<!-- \/ Yoast SEO Premium plugin. -->","yoast_head_json":{"title":"Portes de garage battantes - Pogar S.A.","description":"Bienvenue sur notre page d\u00e9di\u00e9e aux portes de garage battantes. Notre entreprise se distingue par notre expertise dans l'installation, l'entretien et le remplacement de ce type de porte.","robots":{"index":"index","follow":"follow","max-snippet":"max-snippet:-1","max-image-preview":"max-image-preview:large","max-video-preview":"max-video-preview:-1"},"canonical":"https:\/\/www.pogar.ch\/webnew\/produits\/portes-de-garage\/portes-de-garages-residentielles\/portes-de-garage-battantes\/","og_locale":"fr_FR","og_type":"article","og_title":"Portes de garage battantes","og_description":"Bienvenue sur notre page d\u00e9di\u00e9e aux portes de garage battantes. Notre entreprise se distingue par notre expertise dans l'installation, l'entretien et le remplacement de ce type de porte.","og_url":"https:\/\/www.pogar.ch\/webnew\/produits\/portes-de-garage\/portes-de-garages-residentielles\/portes-de-garage-battantes\/","og_site_name":"Pogar S.A.","article_publisher":"https:\/\/www.facebook.com\/POGAR-Team-139006666269936\/","article_modified_time":"2024-02-09T17:15:53+00:00","twitter_card":"summary_large_image","twitter_misc":{"Dur\u00e9e de lecture estim\u00e9e":"3 minutes"},"schema":{"@context":"https:\/\/schema.org","@graph":[{"@type":"WebPage","@id":"https:\/\/www.pogar.ch\/webnew\/produits\/portes-de-garage\/portes-de-garages-residentielles\/portes-de-garage-battantes\/","url":"https:\/\/www.pogar.ch\/webnew\/produits\/portes-de-garage\/portes-de-garages-residentielles\/portes-de-garage-battantes\/","name":"Portes de garage battantes - Pogar S.A.","isPartOf":{"@id":"https:\/\/www.pogar.ch\/webnew\/#website"},"datePublished":"2023-06-12T09:48:09+00:00","dateModified":"2024-02-09T17:15:53+00:00","description":"Bienvenue sur notre page d\u00e9di\u00e9e aux portes de garage battantes. Notre entreprise se distingue par notre expertise dans l'installation, l'entretien et le remplacement de ce type de porte.","breadcrumb":{"@id":"https:\/\/www.pogar.ch\/webnew\/produits\/portes-de-garage\/portes-de-garages-residentielles\/portes-de-garage-battantes\/#breadcrumb"},"inLanguage":"fr-FR","potentialAction":[{"@type":"ReadAction","target":["https:\/\/www.pogar.ch\/webnew\/produits\/portes-de-garage\/portes-de-garages-residentielles\/portes-de-garage-battantes\/"]}]},{"@type":"BreadcrumbList","@id":"https:\/\/www.pogar.ch\/webnew\/produits\/portes-de-garage\/portes-de-garages-residentielles\/portes-de-garage-battantes\/#breadcrumb","itemListElement":[{"@type":"ListItem","position":1,"name":"Accueil","item":"https:\/\/www.pogar.ch\/webnew\/"},{"@type":"ListItem","position":2,"name":"Tous les produits","item":"https:\/\/www.pogar.ch\/webnew\/produits\/"},{"@type":"ListItem","position":3,"name":"Portes de garage standards","item":"https:\/\/www.pogar.ch\/webnew\/produits\/portes-de-garage\/"},{"@type":"ListItem","position":4,"name":"Portes de garage r\u00e9sidentielles","item":"https:\/\/www.pogar.ch\/webnew\/produits\/portes-de-garage\/portes-de-garages-residentielles\/"},{"@type":"ListItem","position":5,"name":"Portes de garage battantes"}]},{"@type":"WebSite","@id":"https:\/\/www.pogar.ch\/webnew\/#website","url":"https:\/\/www.pogar.ch\/webnew\/","name":"Pogar S.A.","description":"Portes de garage - Portes d&#039;entr\u00e9e - Portails","publisher":{"@id":"https:\/\/www.pogar.ch\/webnew\/#organization"},"potentialAction":[{"@type":"SearchAction","target":{"@type":"EntryPoint","urlTemplate":"https:\/\/www.pogar.ch\/webnew\/?s={search_term_string}"},"query-input":"required name=search_term_string"}],"inLanguage":"fr-FR"},{"@type":"Organization","@id":"https:\/\/www.pogar.ch\/webnew\/#organization","name":"Pogar S.A.","url":"https:\/\/www.pogar.ch\/webnew\/","logo":{"@type":"ImageObject","inLanguage":"fr-FR","@id":"https:\/\/www.pogar.ch\/webnew\/#\/schema\/logo\/image\/","url":"https:\/\/www.pogar.ch\/webnew\/wp-content\/uploads\/2019\/09\/logo-positif-pogar.png","contentUrl":"https:\/\/www.pogar.ch\/webnew\/wp-content\/uploads\/2019\/09\/logo-positif-pogar.png","width":254,"height":210,"caption":"Pogar S.A."},"image":{"@id":"https:\/\/www.pogar.ch\/webnew\/#\/schema\/logo\/image\/"},"sameAs":["https:\/\/www.facebook.com\/POGAR-Team-139006666269936\/","https:\/\/www.instagram.com\/pogar_sa\/","https:\/\/www.linkedin.com\/company\/81284588\/"]}]}},"_links":{"self":[{"href":"https:\/\/www.pogar.ch\/webnew\/wp-json\/wp\/v2\/pages\/17066"}],"collection":[{"href":"https:\/\/www.pogar.ch\/webnew\/wp-json\/wp\/v2\/pages"}],"about":[{"href":"https:\/\/www.pogar.ch\/webnew\/wp-json\/wp\/v2\/types\/page"}],"author":[{"embeddable":true,"href":"https:\/\/www.pogar.ch\/webnew\/wp-json\/wp\/v2\/users\/1"}],"replies":[{"embeddable":true,"href":"https:\/\/www.pogar.ch\/webnew\/wp-json\/wp\/v2\/comments?post=17066"}],"version-history":[{"count":11,"href":"https:\/\/www.pogar.ch\/webnew\/wp-json\/wp\/v2\/pages\/17066\/revisions"}],"predecessor-version":[{"id":17210,"href":"https:\/\/www.pogar.ch\/webnew\/wp-json\/wp\/v2\/pages\/17066\/revisions\/17210"}],"up":[{"embeddable":true,"href":"https:\/\/www.pogar.ch\/webnew\/wp-json\/wp\/v2\/pages\/16204"}],"wp:attachment":[{"href":"https:\/\/www.pogar.ch\/webnew\/wp-json\/wp\/v2\/media?parent=17066"}],"curies":[{"name":"wp","href":"https:\/\/api.w.org\/{rel}","templated":true}]}}