{"id":17006,"date":"2023-01-10T14:34:33","date_gmt":"2023-01-10T13:34:33","guid":{"rendered":"https:\/\/www.pogar.ch\/webnew\/?page_id=17006"},"modified":"2024-02-09T18:18:39","modified_gmt":"2024-02-09T17:18:39","slug":"portes-de-garage-basculantes","status":"publish","type":"page","link":"https:\/\/www.pogar.ch\/webnew\/produits\/portes-de-garage\/portes-de-garages-residentielles\/portes-de-garage-basculantes\/","title":{"rendered":"Portes de garage basculantes"},"content":{"rendered":"<section class=\"wpb-content-wrapper\"><p>[vc_row css_animation=\u00a0\u00bb\u00a0\u00bb row_type=\u00a0\u00bbrow\u00a0\u00bb use_row_as_full_screen_section=\u00a0\u00bbno\u00a0\u00bb type=\u00a0\u00bbgrid\u00a0\u00bb angled_section=\u00a0\u00bbno\u00a0\u00bb text_align=\u00a0\u00bbleft\u00a0\u00bb background_image_as_pattern=\u00a0\u00bbwithout_pattern\u00a0\u00bb z_index=\u00a0\u00bb\u00a0\u00bb padding_bottom=\u00a0\u00bb0&Prime; padding_top=\u00a0\u00bb50&Prime;][vc_column][vc_separator type=\u00a0\u00bbtransparent\u00a0\u00bb thickness=\u00a0\u00bb1&Prime; up=\u00a0\u00bb-8&Prime;][vc_column_text]<\/p>\n<h5><a href=\"https:\/\/www.pogar.ch\/webnew\/produits\/portes-de-garage\/portes-de-garages-residentielles\/\">Portes de garage r\u00e9sidentielles<\/a><\/h5>\n<p>[\/vc_column_text][vc_separator type=\u00a0\u00bbsmall\u00a0\u00bb position=\u00a0\u00bbleft\u00a0\u00bb up=\u00a0\u00bb6&Prime; down=\u00a0\u00bb15&Prime;][vc_column_text]<\/p>\n<h1>Les portes de garage basculantes<\/h1>\n<p>[\/vc_column_text][vc_separator type=\u00a0\u00bbtransparent\u00a0\u00bb thickness=\u00a0\u00bb1&Prime; up=\u00a0\u00bb25&Prime; down=\u00a0\u00bb0&Prime;][vc_column_text]Les portes de garage basculantes sont un choix populaire pour les propri\u00e9taires qui cherchent une solution fiable et durable pour leur garage. Ces portes s&rsquo;ouvrent en basculant vers le haut, ce qui permet d&rsquo;utiliser moins d&rsquo;espace pour l&rsquo;ouverture que les portes classiques qui s&rsquo;ouvrent vers l&rsquo;ext\u00e9rieur. Cela les rend id\u00e9ales pour les garages \u00e9troits ou les entr\u00e9es de garage qui sont proches de la route ou des voisins.<\/p>\n<p>&nbsp;<\/p>\n<p>Les portes de garage basculantes sont fabriqu\u00e9es \u00e0 partir de mat\u00e9riaux robustes tels que l&rsquo;acier, le bois ou l&rsquo;aluminium, ce qui les rend r\u00e9sistantes aux intemp\u00e9ries et aux tentatives d&rsquo;effraction. De plus, elles sont g\u00e9n\u00e9ralement \u00e9quip\u00e9es de verrous de s\u00e9curit\u00e9 pour renforcer la s\u00e9curit\u00e9 de votre garage.<\/p>\n<p>&nbsp;<\/p>\n<p>Les portes de garage basculantes sont \u00e9galement tr\u00e8s faciles \u00e0 utiliser. Elles sont g\u00e9n\u00e9ralement \u00e9quip\u00e9es d&rsquo;un syst\u00e8me de levier automatis\u00e9, ce qui signifie que vous n&rsquo;avez pas besoin de sortir de votre voiture pour les ouvrir. Il suffit d&rsquo;appuyer sur un bouton pour que la porte s&rsquo;ouvre automatiquement.<\/p>\n<p>&nbsp;<\/p>\n<p>En termes de design, les portes de garage basculantes sont \u00e9galement tr\u00e8s esth\u00e9tiques. Ils peuvent \u00eatre peint dans une vari\u00e9t\u00e9 de couleurs pour correspondre \u00e0 la couleur de votre maison. Il est \u00e9galement possible de personnaliser les portes de garage basculantes avec des motifs ou des graphismes pour les rendre encore plus attrayants.<\/p>\n<p>&nbsp;<\/p>\n<p>En r\u00e9sum\u00e9, les portes de garage basculantes sont une excellente option pour les propri\u00e9taires qui cherchent \u00e0 maximiser l&rsquo;espace dans leur garage tout en maintenant un niveau \u00e9lev\u00e9 de s\u00e9curit\u00e9 et de durabilit\u00e9. Ils sont \u00e9galement tr\u00e8s faciles \u00e0 utiliser et peuvent \u00eatre personnalis\u00e9s pour s&rsquo;harmoniser avec l&rsquo;apparence de votre maison. Il s&rsquo;agit donc d&rsquo;une option \u00e0 consid\u00e9rer lorsque vous cherchez \u00e0 remplacer ou installer une nouvelle porte de garage.[\/vc_column_text][\/vc_column][\/vc_row][vc_row css_animation=\u00a0\u00bb\u00a0\u00bb row_type=\u00a0\u00bbrow\u00a0\u00bb use_row_as_full_screen_section=\u00a0\u00bbno\u00a0\u00bb type=\u00a0\u00bbgrid\u00a0\u00bb angled_section=\u00a0\u00bbno\u00a0\u00bb text_align=\u00a0\u00bbleft\u00a0\u00bb background_image_as_pattern=\u00a0\u00bbwithout_pattern\u00a0\u00bb z_index=\u00a0\u00bb\u00a0\u00bb padding_bottom=\u00a0\u00bb20&Prime; padding_top=\u00a0\u00bb50&Prime;][vc_column css=\u00a0\u00bb.vc_custom_1655576646318{padding-bottom: 20px !important;}\u00a0\u00bb]<a  itemprop=\"url\" href=\"https:\/\/www.pogar.ch\/webnew\/services\/demande-de-devis\/\" target=\"_self\"  class=\"qbutton  default\" style=\"margin: 20px 0px 0px 0px; \">Demander un devis gratuit<\/a>[\/vc_column][\/vc_row][vc_row css_animation=\u00a0\u00bb\u00a0\u00bb row_type=\u00a0\u00bbrow\u00a0\u00bb use_row_as_full_screen_section=\u00a0\u00bbno\u00a0\u00bb type=\u00a0\u00bbgrid\u00a0\u00bb angled_section=\u00a0\u00bbno\u00a0\u00bb text_align=\u00a0\u00bbleft\u00a0\u00bb background_image_as_pattern=\u00a0\u00bbwithout_pattern\u00a0\u00bb z_index=\u00a0\u00bb\u00a0\u00bb padding_bottom=\u00a0\u00bb100&Prime; padding_top=\u00a0\u00bb50&Prime; anchor=\u00a0\u00bbportesbasculantes\u00a0\u00bb][vc_column][vc_column_text]<\/p>\n<h3><span style=\"color: #3d3d3d;\">Quelques exemples de p<\/span><span style=\"color: #3d3d3d;\">ortes basculantes<\/span><\/h3>\n<p>[\/vc_column_text][vc_separator type=\u00a0\u00bbsmall\u00a0\u00bb position=\u00a0\u00bbleft\u00a0\u00bb up=\u00a0\u00bb12&Prime; down=\u00a0\u00bb30&Prime;]<div class=\"qode-advanced-image-gallery  qode-aig-grid-type qode-small-space   \">\n\t<div class=\"qode-aig-inner qode-outer-space qode-aig-grid qode-aig-two-columns\">\n\t\t\t\t\t<div class=\"qode-aig-image qode-item-space\">\n\t\t\t\t<div class=\"qode-aig-image-inner\">\n\t\t\t\t\t\t\t\t\t\t\t<img width=\"770\" height=\"533\" src=\"https:\/\/www.pogar.ch\/webnew\/wp-content\/uploads\/2019\/10\/Portes_basculante-01.jpg\" class=\"attachment-full size-full\" alt=\"Porte de garage basculante\" decoding=\"async\" loading=\"lazy\" srcset=\"https:\/\/www.pogar.ch\/webnew\/wp-content\/uploads\/2019\/10\/Portes_basculante-01.jpg 770w, https:\/\/www.pogar.ch\/webnew\/wp-content\/uploads\/2019\/10\/Portes_basculante-01-300x208.jpg 300w, https:\/\/www.pogar.ch\/webnew\/wp-content\/uploads\/2019\/10\/Portes_basculante-01-768x532.jpg 768w, https:\/\/www.pogar.ch\/webnew\/wp-content\/uploads\/2019\/10\/Portes_basculante-01-700x485.jpg 700w\" sizes=\"(max-width: 770px) 100vw, 770px\" \/>\t\t\t\t\t\t<span class=\"aig-gallery-hover\">\n\t\t\t\t\t\t\t\t\t\t\t\t\t<\/span>\n\t\t\t\t\t\t\t\t\t<\/div>\n\t\t\t<\/div>\n\t\t\t\t\t<div class=\"qode-aig-image qode-item-space\">\n\t\t\t\t<div class=\"qode-aig-image-inner\">\n\t\t\t\t\t\t\t\t\t\t\t<img width=\"770\" height=\"533\" src=\"https:\/\/www.pogar.ch\/webnew\/wp-content\/uploads\/2019\/10\/Portes_basculante-02.jpg\" class=\"attachment-full size-full\" alt=\"Porte de garage basculante\" decoding=\"async\" loading=\"lazy\" srcset=\"https:\/\/www.pogar.ch\/webnew\/wp-content\/uploads\/2019\/10\/Portes_basculante-02.jpg 770w, https:\/\/www.pogar.ch\/webnew\/wp-content\/uploads\/2019\/10\/Portes_basculante-02-300x208.jpg 300w, https:\/\/www.pogar.ch\/webnew\/wp-content\/uploads\/2019\/10\/Portes_basculante-02-768x532.jpg 768w, https:\/\/www.pogar.ch\/webnew\/wp-content\/uploads\/2019\/10\/Portes_basculante-02-700x485.jpg 700w\" sizes=\"(max-width: 770px) 100vw, 770px\" \/>\t\t\t\t\t\t<span class=\"aig-gallery-hover\">\n\t\t\t\t\t\t\t\t\t\t\t\t\t<\/span>\n\t\t\t\t\t\t\t\t\t<\/div>\n\t\t\t<\/div>\n\t\t\t<\/div>\n<\/div>[\/vc_column][\/vc_row]<\/p>\n<\/section>","protected":false},"excerpt":{"rendered":"<p>[vc_row css_animation=\u00a0\u00bb\u00a0\u00bb row_type=\u00a0\u00bbrow\u00a0\u00bb use_row_as_full_screen_section=\u00a0\u00bbno\u00a0\u00bb type=\u00a0\u00bbgrid\u00a0\u00bb angled_section=\u00a0\u00bbno\u00a0\u00bb text_align=\u00a0\u00bbleft\u00a0\u00bb background_image_as_pattern=\u00a0\u00bbwithout_pattern\u00a0\u00bb z_index=\u00a0\u00bb\u00a0\u00bb padding_bottom=\u00a0\u00bb0&Prime; padding_top=\u00a0\u00bb50&Prime;][vc_column][vc_separator type=\u00a0\u00bbtransparent\u00a0\u00bb thickness=\u00a0\u00bb1&Prime; up=\u00a0\u00bb-8&Prime;][vc_column_text] Portes de garage r\u00e9sidentielles [\/vc_column_text][vc_separator type=\u00a0\u00bbsmall\u00a0\u00bb position=\u00a0\u00bbleft\u00a0\u00bb up=\u00a0\u00bb6&Prime; down=\u00a0\u00bb15&Prime;][vc_column_text] Les portes de garage basculantes [\/vc_column_text][vc_separator type=\u00a0\u00bbtransparent\u00a0\u00bb thickness=\u00a0\u00bb1&Prime; up=\u00a0\u00bb25&Prime; down=\u00a0\u00bb0&Prime;][vc_column_text]Les portes de garage basculantes sont un choix populaire pour les propri\u00e9taires qui&#8230;<\/p>\n","protected":false},"author":1,"featured_media":0,"parent":16204,"menu_order":0,"comment_status":"closed","ping_status":"closed","template":"full_width.php","meta":[],"yoast_head":"<!-- This site is optimized with the Yoast SEO Premium plugin v20.9 (Yoast SEO v20.9) - https:\/\/yoast.com\/wordpress\/plugins\/seo\/ -->\n<title>Portes de garage basculantes - Pogar S.A.<\/title>\n<meta name=\"description\" content=\"Les portes de garage basculantes sont fabriqu\u00e9es \u00e0 partir de mat\u00e9riaux robustes tels que l&#039;acier, le bois ou l&#039;aluminium.\" \/>\n<meta name=\"robots\" content=\"index, follow, max-snippet:-1, max-image-preview:large, max-video-preview:-1\" \/>\n<link rel=\"canonical\" href=\"https:\/\/www.pogar.ch\/webnew\/produits\/portes-de-garage\/portes-de-garages-residentielles\/portes-de-garage-basculantes\/\" \/>\n<meta property=\"og:locale\" content=\"fr_FR\" \/>\n<meta property=\"og:type\" content=\"article\" \/>\n<meta property=\"og:title\" content=\"Portes de garage basculantes\" \/>\n<meta property=\"og:description\" content=\"Les portes de garage basculantes sont fabriqu\u00e9es \u00e0 partir de mat\u00e9riaux robustes tels que l&#039;acier, le bois ou l&#039;aluminium.\" \/>\n<meta property=\"og:url\" content=\"https:\/\/www.pogar.ch\/webnew\/produits\/portes-de-garage\/portes-de-garages-residentielles\/portes-de-garage-basculantes\/\" \/>\n<meta property=\"og:site_name\" content=\"Pogar S.A.\" \/>\n<meta property=\"article:publisher\" content=\"https:\/\/www.facebook.com\/POGAR-Team-139006666269936\/\" \/>\n<meta property=\"article:modified_time\" content=\"2024-02-09T17:18:39+00:00\" \/>\n<meta name=\"twitter:card\" content=\"summary_large_image\" \/>\n<meta name=\"twitter:label1\" content=\"Dur\u00e9e de lecture estim\u00e9e\" \/>\n\t<meta name=\"twitter:data1\" content=\"2 minutes\" \/>\n<script type=\"application\/ld+json\" class=\"yoast-schema-graph\">{\"@context\":\"https:\/\/schema.org\",\"@graph\":[{\"@type\":\"WebPage\",\"@id\":\"https:\/\/www.pogar.ch\/webnew\/produits\/portes-de-garage\/portes-de-garages-residentielles\/portes-de-garage-basculantes\/\",\"url\":\"https:\/\/www.pogar.ch\/webnew\/produits\/portes-de-garage\/portes-de-garages-residentielles\/portes-de-garage-basculantes\/\",\"name\":\"Portes de garage basculantes - Pogar S.A.\",\"isPartOf\":{\"@id\":\"https:\/\/www.pogar.ch\/webnew\/#website\"},\"datePublished\":\"2023-01-10T13:34:33+00:00\",\"dateModified\":\"2024-02-09T17:18:39+00:00\",\"description\":\"Les portes de garage basculantes sont fabriqu\u00e9es \u00e0 partir de mat\u00e9riaux robustes tels que l'acier, le bois ou l'aluminium.\",\"breadcrumb\":{\"@id\":\"https:\/\/www.pogar.ch\/webnew\/produits\/portes-de-garage\/portes-de-garages-residentielles\/portes-de-garage-basculantes\/#breadcrumb\"},\"inLanguage\":\"fr-FR\",\"potentialAction\":[{\"@type\":\"ReadAction\",\"target\":[\"https:\/\/www.pogar.ch\/webnew\/produits\/portes-de-garage\/portes-de-garages-residentielles\/portes-de-garage-basculantes\/\"]}]},{\"@type\":\"BreadcrumbList\",\"@id\":\"https:\/\/www.pogar.ch\/webnew\/produits\/portes-de-garage\/portes-de-garages-residentielles\/portes-de-garage-basculantes\/#breadcrumb\",\"itemListElement\":[{\"@type\":\"ListItem\",\"position\":1,\"name\":\"Accueil\",\"item\":\"https:\/\/www.pogar.ch\/webnew\/\"},{\"@type\":\"ListItem\",\"position\":2,\"name\":\"Tous les produits\",\"item\":\"https:\/\/www.pogar.ch\/webnew\/produits\/\"},{\"@type\":\"ListItem\",\"position\":3,\"name\":\"Portes de garage standards\",\"item\":\"https:\/\/www.pogar.ch\/webnew\/produits\/portes-de-garage\/\"},{\"@type\":\"ListItem\",\"position\":4,\"name\":\"Portes de garage r\u00e9sidentielles\",\"item\":\"https:\/\/www.pogar.ch\/webnew\/produits\/portes-de-garage\/portes-de-garages-residentielles\/\"},{\"@type\":\"ListItem\",\"position\":5,\"name\":\"Portes de garage basculantes\"}]},{\"@type\":\"WebSite\",\"@id\":\"https:\/\/www.pogar.ch\/webnew\/#website\",\"url\":\"https:\/\/www.pogar.ch\/webnew\/\",\"name\":\"Pogar S.A.\",\"description\":\"Portes de garage - Portes d&#039;entr\u00e9e - Portails\",\"publisher\":{\"@id\":\"https:\/\/www.pogar.ch\/webnew\/#organization\"},\"potentialAction\":[{\"@type\":\"SearchAction\",\"target\":{\"@type\":\"EntryPoint\",\"urlTemplate\":\"https:\/\/www.pogar.ch\/webnew\/?s={search_term_string}\"},\"query-input\":\"required name=search_term_string\"}],\"inLanguage\":\"fr-FR\"},{\"@type\":\"Organization\",\"@id\":\"https:\/\/www.pogar.ch\/webnew\/#organization\",\"name\":\"Pogar S.A.\",\"url\":\"https:\/\/www.pogar.ch\/webnew\/\",\"logo\":{\"@type\":\"ImageObject\",\"inLanguage\":\"fr-FR\",\"@id\":\"https:\/\/www.pogar.ch\/webnew\/#\/schema\/logo\/image\/\",\"url\":\"https:\/\/www.pogar.ch\/webnew\/wp-content\/uploads\/2019\/09\/logo-positif-pogar.png\",\"contentUrl\":\"https:\/\/www.pogar.ch\/webnew\/wp-content\/uploads\/2019\/09\/logo-positif-pogar.png\",\"width\":254,\"height\":210,\"caption\":\"Pogar S.A.\"},\"image\":{\"@id\":\"https:\/\/www.pogar.ch\/webnew\/#\/schema\/logo\/image\/\"},\"sameAs\":[\"https:\/\/www.facebook.com\/POGAR-Team-139006666269936\/\",\"https:\/\/www.instagram.com\/pogar_sa\/\",\"https:\/\/www.linkedin.com\/company\/81284588\/\"]}]}<\/script>\n<!-- \/ Yoast SEO Premium plugin. -->","yoast_head_json":{"title":"Portes de garage basculantes - Pogar S.A.","description":"Les portes de garage basculantes sont fabriqu\u00e9es \u00e0 partir de mat\u00e9riaux robustes tels que l'acier, le bois ou l'aluminium.","robots":{"index":"index","follow":"follow","max-snippet":"max-snippet:-1","max-image-preview":"max-image-preview:large","max-video-preview":"max-video-preview:-1"},"canonical":"https:\/\/www.pogar.ch\/webnew\/produits\/portes-de-garage\/portes-de-garages-residentielles\/portes-de-garage-basculantes\/","og_locale":"fr_FR","og_type":"article","og_title":"Portes de garage basculantes","og_description":"Les portes de garage basculantes sont fabriqu\u00e9es \u00e0 partir de mat\u00e9riaux robustes tels que l'acier, le bois ou l'aluminium.","og_url":"https:\/\/www.pogar.ch\/webnew\/produits\/portes-de-garage\/portes-de-garages-residentielles\/portes-de-garage-basculantes\/","og_site_name":"Pogar S.A.","article_publisher":"https:\/\/www.facebook.com\/POGAR-Team-139006666269936\/","article_modified_time":"2024-02-09T17:18:39+00:00","twitter_card":"summary_large_image","twitter_misc":{"Dur\u00e9e de lecture estim\u00e9e":"2 minutes"},"schema":{"@context":"https:\/\/schema.org","@graph":[{"@type":"WebPage","@id":"https:\/\/www.pogar.ch\/webnew\/produits\/portes-de-garage\/portes-de-garages-residentielles\/portes-de-garage-basculantes\/","url":"https:\/\/www.pogar.ch\/webnew\/produits\/portes-de-garage\/portes-de-garages-residentielles\/portes-de-garage-basculantes\/","name":"Portes de garage basculantes - Pogar S.A.","isPartOf":{"@id":"https:\/\/www.pogar.ch\/webnew\/#website"},"datePublished":"2023-01-10T13:34:33+00:00","dateModified":"2024-02-09T17:18:39+00:00","description":"Les portes de garage basculantes sont fabriqu\u00e9es \u00e0 partir de mat\u00e9riaux robustes tels que l'acier, le bois ou l'aluminium.","breadcrumb":{"@id":"https:\/\/www.pogar.ch\/webnew\/produits\/portes-de-garage\/portes-de-garages-residentielles\/portes-de-garage-basculantes\/#breadcrumb"},"inLanguage":"fr-FR","potentialAction":[{"@type":"ReadAction","target":["https:\/\/www.pogar.ch\/webnew\/produits\/portes-de-garage\/portes-de-garages-residentielles\/portes-de-garage-basculantes\/"]}]},{"@type":"BreadcrumbList","@id":"https:\/\/www.pogar.ch\/webnew\/produits\/portes-de-garage\/portes-de-garages-residentielles\/portes-de-garage-basculantes\/#breadcrumb","itemListElement":[{"@type":"ListItem","position":1,"name":"Accueil","item":"https:\/\/www.pogar.ch\/webnew\/"},{"@type":"ListItem","position":2,"name":"Tous les produits","item":"https:\/\/www.pogar.ch\/webnew\/produits\/"},{"@type":"ListItem","position":3,"name":"Portes de garage standards","item":"https:\/\/www.pogar.ch\/webnew\/produits\/portes-de-garage\/"},{"@type":"ListItem","position":4,"name":"Portes de garage r\u00e9sidentielles","item":"https:\/\/www.pogar.ch\/webnew\/produits\/portes-de-garage\/portes-de-garages-residentielles\/"},{"@type":"ListItem","position":5,"name":"Portes de garage basculantes"}]},{"@type":"WebSite","@id":"https:\/\/www.pogar.ch\/webnew\/#website","url":"https:\/\/www.pogar.ch\/webnew\/","name":"Pogar S.A.","description":"Portes de garage - Portes d&#039;entr\u00e9e - Portails","publisher":{"@id":"https:\/\/www.pogar.ch\/webnew\/#organization"},"potentialAction":[{"@type":"SearchAction","target":{"@type":"EntryPoint","urlTemplate":"https:\/\/www.pogar.ch\/webnew\/?s={search_term_string}"},"query-input":"required name=search_term_string"}],"inLanguage":"fr-FR"},{"@type":"Organization","@id":"https:\/\/www.pogar.ch\/webnew\/#organization","name":"Pogar S.A.","url":"https:\/\/www.pogar.ch\/webnew\/","logo":{"@type":"ImageObject","inLanguage":"fr-FR","@id":"https:\/\/www.pogar.ch\/webnew\/#\/schema\/logo\/image\/","url":"https:\/\/www.pogar.ch\/webnew\/wp-content\/uploads\/2019\/09\/logo-positif-pogar.png","contentUrl":"https:\/\/www.pogar.ch\/webnew\/wp-content\/uploads\/2019\/09\/logo-positif-pogar.png","width":254,"height":210,"caption":"Pogar S.A."},"image":{"@id":"https:\/\/www.pogar.ch\/webnew\/#\/schema\/logo\/image\/"},"sameAs":["https:\/\/www.facebook.com\/POGAR-Team-139006666269936\/","https:\/\/www.instagram.com\/pogar_sa\/","https:\/\/www.linkedin.com\/company\/81284588\/"]}]}},"_links":{"self":[{"href":"https:\/\/www.pogar.ch\/webnew\/wp-json\/wp\/v2\/pages\/17006"}],"collection":[{"href":"https:\/\/www.pogar.ch\/webnew\/wp-json\/wp\/v2\/pages"}],"about":[{"href":"https:\/\/www.pogar.ch\/webnew\/wp-json\/wp\/v2\/types\/page"}],"author":[{"embeddable":true,"href":"https:\/\/www.pogar.ch\/webnew\/wp-json\/wp\/v2\/users\/1"}],"replies":[{"embeddable":true,"href":"https:\/\/www.pogar.ch\/webnew\/wp-json\/wp\/v2\/comments?post=17006"}],"version-history":[{"count":5,"href":"https:\/\/www.pogar.ch\/webnew\/wp-json\/wp\/v2\/pages\/17006\/revisions"}],"predecessor-version":[{"id":17214,"href":"https:\/\/www.pogar.ch\/webnew\/wp-json\/wp\/v2\/pages\/17006\/revisions\/17214"}],"up":[{"embeddable":true,"href":"https:\/\/www.pogar.ch\/webnew\/wp-json\/wp\/v2\/pages\/16204"}],"wp:attachment":[{"href":"https:\/\/www.pogar.ch\/webnew\/wp-json\/wp\/v2\/media?parent=17006"}],"curies":[{"name":"wp","href":"https:\/\/api.w.org\/{rel}","templated":true}]}}