{"id":16973,"date":"2023-01-10T11:46:54","date_gmt":"2023-01-10T10:46:54","guid":{"rendered":"https:\/\/www.pogar.ch\/webnew\/?page_id=16973"},"modified":"2024-02-09T18:16:47","modified_gmt":"2024-02-09T17:16:47","slug":"portes-de-garage-coulissantes","status":"publish","type":"page","link":"https:\/\/www.pogar.ch\/webnew\/produits\/portes-de-garage\/portes-de-garages-residentielles\/portes-de-garage-coulissantes\/","title":{"rendered":"Portes de garage coulissantes"},"content":{"rendered":"<section class=\"wpb-content-wrapper\"><p>[vc_row css_animation=\u00a0\u00bb\u00a0\u00bb row_type=\u00a0\u00bbrow\u00a0\u00bb use_row_as_full_screen_section=\u00a0\u00bbno\u00a0\u00bb type=\u00a0\u00bbgrid\u00a0\u00bb angled_section=\u00a0\u00bbno\u00a0\u00bb text_align=\u00a0\u00bbleft\u00a0\u00bb background_image_as_pattern=\u00a0\u00bbwithout_pattern\u00a0\u00bb z_index=\u00a0\u00bb\u00a0\u00bb padding_bottom=\u00a0\u00bb0&Prime; padding_top=\u00a0\u00bb50&Prime;][vc_column][vc_separator type=\u00a0\u00bbtransparent\u00a0\u00bb thickness=\u00a0\u00bb1&Prime; up=\u00a0\u00bb-8&Prime;][vc_column_text]<\/p>\n<h5><a href=\"https:\/\/www.pogar.ch\/webnew\/produits\/portes-de-garage\/portes-de-garages-residentielles\/\">Portes de garage r\u00e9sidentielles<\/a><\/h5>\n<p>[\/vc_column_text][vc_separator type=\u00a0\u00bbsmall\u00a0\u00bb position=\u00a0\u00bbleft\u00a0\u00bb up=\u00a0\u00bb6&Prime; down=\u00a0\u00bb15&Prime;][vc_column_text]<\/p>\n<h1>Portes de garage coulissantes<\/h1>\n<p>[\/vc_column_text][vc_separator type=\u00a0\u00bbtransparent\u00a0\u00bb thickness=\u00a0\u00bb1&Prime; up=\u00a0\u00bb25&Prime; down=\u00a0\u00bb0&Prime;][vc_column_text]Les portes de garage coulissantes sont de plus en plus populaires en raison de leur design \u00e9l\u00e9gant et de leur fonctionnalit\u00e9. Ces portes s&rsquo;ouvrent en glissant le long d&rsquo;un rail fix\u00e9 au plafond, ce qui permet d&rsquo;\u00e9conomiser de l&rsquo;espace dans votre garage. De plus, elles sont souvent fabriqu\u00e9es \u00e0 partir de mat\u00e9riaux durables, comme l&rsquo;aluminium et l&rsquo;acier, et peuvent offrir une excellente isolation thermique pour r\u00e9duire les co\u00fbts \u00e9nerg\u00e9tiques.<\/p>\n<p>&nbsp;<\/p>\n<p>L&rsquo;installation d&rsquo;une porte de garage coulissante est \u00e9galement relativement simple, ce qui en fait un choix id\u00e9al pour les propri\u00e9taires qui souhaitent r\u00e9nover leur garage. Elles sont disponibles dans une vari\u00e9t\u00e9 de styles et de couleurs pour s&rsquo;adapter \u00e0 tous les types de maisons. Les portes de garage coulissantes peuvent \u00e9galement \u00eatre \u00e9quip\u00e9es de fonctions de s\u00e9curit\u00e9 telles que des serrures \u00e0 verrouillage automatique pour prot\u00e9ger votre maison et votre voiture.<\/p>\n<p>&nbsp;<\/p>\n<p>En r\u00e9sum\u00e9, les portes de garage coulissantes sont un excellent choix pour les propri\u00e9taires qui cherchent \u00e0 maximiser l&rsquo;espace de leur garage tout en am\u00e9liorant l&rsquo;apparence de leur maison. Avec leur design \u00e9l\u00e9gant, leur fonctionnalit\u00e9, leur durabilit\u00e9 et leur isolation thermique, ces portes offrent de nombreux avantages pour les propri\u00e9taires soucieux de leur s\u00e9curit\u00e9, de leur style de vie et de leur budget.[\/vc_column_text][\/vc_column][\/vc_row][vc_row css_animation=\u00a0\u00bb\u00a0\u00bb row_type=\u00a0\u00bbrow\u00a0\u00bb use_row_as_full_screen_section=\u00a0\u00bbno\u00a0\u00bb type=\u00a0\u00bbgrid\u00a0\u00bb angled_section=\u00a0\u00bbno\u00a0\u00bb text_align=\u00a0\u00bbleft\u00a0\u00bb background_image_as_pattern=\u00a0\u00bbwithout_pattern\u00a0\u00bb z_index=\u00a0\u00bb\u00a0\u00bb padding_bottom=\u00a0\u00bb20&Prime; padding_top=\u00a0\u00bb50&Prime;][vc_column css=\u00a0\u00bb.vc_custom_1655576646318{padding-bottom: 20px !important;}\u00a0\u00bb]<a  itemprop=\"url\" href=\"https:\/\/www.pogar.ch\/webnew\/services\/demande-de-devis\/\" target=\"_self\"  class=\"qbutton  default\" style=\"margin: 20px 0px 0px 0px; \">Demander un devis gratuit<\/a>[\/vc_column][\/vc_row][vc_row css_animation=\u00a0\u00bb\u00a0\u00bb row_type=\u00a0\u00bbrow\u00a0\u00bb use_row_as_full_screen_section=\u00a0\u00bbno\u00a0\u00bb type=\u00a0\u00bbgrid\u00a0\u00bb angled_section=\u00a0\u00bbno\u00a0\u00bb text_align=\u00a0\u00bbleft\u00a0\u00bb background_image_as_pattern=\u00a0\u00bbwithout_pattern\u00a0\u00bb z_index=\u00a0\u00bb\u00a0\u00bb padding_bottom=\u00a0\u00bb100&Prime; padding_top=\u00a0\u00bb50&Prime; anchor=\u00a0\u00bbportescoulissantes\u00a0\u00bb][vc_column][vc_column_text]<\/p>\n<h3><span style=\"color: #3d3d3d;\">Quelques exemples de portes coulissantes<\/span><\/h3>\n<p>[\/vc_column_text][vc_separator type=\u00a0\u00bbsmall\u00a0\u00bb position=\u00a0\u00bbleft\u00a0\u00bb up=\u00a0\u00bb12&Prime; down=\u00a0\u00bb30&Prime;]<div class=\"qode-advanced-image-gallery  qode-aig-grid-type qode-small-space   \">\n\t<div class=\"qode-aig-inner qode-outer-space qode-aig-grid qode-aig-two-columns\">\n\t\t\t\t\t<div class=\"qode-aig-image qode-item-space\">\n\t\t\t\t<div class=\"qode-aig-image-inner\">\n\t\t\t\t\t\t\t\t\t\t\t<img width=\"770\" height=\"533\" src=\"https:\/\/www.pogar.ch\/webnew\/wp-content\/uploads\/2019\/10\/Pogar-porte-coulissante-001-1.jpg\" class=\"attachment-full size-full\" alt=\"\" decoding=\"async\" loading=\"lazy\" srcset=\"https:\/\/www.pogar.ch\/webnew\/wp-content\/uploads\/2019\/10\/Pogar-porte-coulissante-001-1.jpg 770w, https:\/\/www.pogar.ch\/webnew\/wp-content\/uploads\/2019\/10\/Pogar-porte-coulissante-001-1-300x208.jpg 300w, https:\/\/www.pogar.ch\/webnew\/wp-content\/uploads\/2019\/10\/Pogar-porte-coulissante-001-1-768x532.jpg 768w, https:\/\/www.pogar.ch\/webnew\/wp-content\/uploads\/2019\/10\/Pogar-porte-coulissante-001-1-700x485.jpg 700w\" sizes=\"(max-width: 770px) 100vw, 770px\" \/>\t\t\t\t\t\t<span class=\"aig-gallery-hover\">\n\t\t\t\t\t\t\t\t\t\t\t\t\t<\/span>\n\t\t\t\t\t\t\t\t\t<\/div>\n\t\t\t<\/div>\n\t\t\t\t\t<div class=\"qode-aig-image qode-item-space\">\n\t\t\t\t<div class=\"qode-aig-image-inner\">\n\t\t\t\t\t\t\t\t\t\t\t<img width=\"770\" height=\"533\" src=\"https:\/\/www.pogar.ch\/webnew\/wp-content\/uploads\/2019\/10\/Pogar-porte-coulissante-002-1.jpg\" class=\"attachment-full size-full\" alt=\"\" decoding=\"async\" loading=\"lazy\" srcset=\"https:\/\/www.pogar.ch\/webnew\/wp-content\/uploads\/2019\/10\/Pogar-porte-coulissante-002-1.jpg 770w, https:\/\/www.pogar.ch\/webnew\/wp-content\/uploads\/2019\/10\/Pogar-porte-coulissante-002-1-300x208.jpg 300w, https:\/\/www.pogar.ch\/webnew\/wp-content\/uploads\/2019\/10\/Pogar-porte-coulissante-002-1-768x532.jpg 768w, https:\/\/www.pogar.ch\/webnew\/wp-content\/uploads\/2019\/10\/Pogar-porte-coulissante-002-1-700x485.jpg 700w\" sizes=\"(max-width: 770px) 100vw, 770px\" \/>\t\t\t\t\t\t<span class=\"aig-gallery-hover\">\n\t\t\t\t\t\t\t\t\t\t\t\t\t<\/span>\n\t\t\t\t\t\t\t\t\t<\/div>\n\t\t\t<\/div>\n\t\t\t\t\t<div class=\"qode-aig-image qode-item-space\">\n\t\t\t\t<div class=\"qode-aig-image-inner\">\n\t\t\t\t\t\t\t\t\t\t\t<img width=\"770\" height=\"533\" src=\"https:\/\/www.pogar.ch\/webnew\/wp-content\/uploads\/2019\/10\/Pogar-porte-coulissante-003-1.jpg\" class=\"attachment-full size-full\" alt=\"\" decoding=\"async\" loading=\"lazy\" srcset=\"https:\/\/www.pogar.ch\/webnew\/wp-content\/uploads\/2019\/10\/Pogar-porte-coulissante-003-1.jpg 770w, https:\/\/www.pogar.ch\/webnew\/wp-content\/uploads\/2019\/10\/Pogar-porte-coulissante-003-1-300x208.jpg 300w, https:\/\/www.pogar.ch\/webnew\/wp-content\/uploads\/2019\/10\/Pogar-porte-coulissante-003-1-768x532.jpg 768w, https:\/\/www.pogar.ch\/webnew\/wp-content\/uploads\/2019\/10\/Pogar-porte-coulissante-003-1-700x485.jpg 700w\" sizes=\"(max-width: 770px) 100vw, 770px\" \/>\t\t\t\t\t\t<span class=\"aig-gallery-hover\">\n\t\t\t\t\t\t\t\t\t\t\t\t\t<\/span>\n\t\t\t\t\t\t\t\t\t<\/div>\n\t\t\t<\/div>\n\t\t\t\t\t<div class=\"qode-aig-image qode-item-space\">\n\t\t\t\t<div class=\"qode-aig-image-inner\">\n\t\t\t\t\t\t\t\t\t\t\t<img width=\"770\" height=\"533\" src=\"https:\/\/www.pogar.ch\/webnew\/wp-content\/uploads\/2019\/10\/Pogar-porte-coulissante-004-1.jpg\" class=\"attachment-full size-full\" alt=\"\" decoding=\"async\" loading=\"lazy\" srcset=\"https:\/\/www.pogar.ch\/webnew\/wp-content\/uploads\/2019\/10\/Pogar-porte-coulissante-004-1.jpg 770w, https:\/\/www.pogar.ch\/webnew\/wp-content\/uploads\/2019\/10\/Pogar-porte-coulissante-004-1-300x208.jpg 300w, https:\/\/www.pogar.ch\/webnew\/wp-content\/uploads\/2019\/10\/Pogar-porte-coulissante-004-1-768x532.jpg 768w, https:\/\/www.pogar.ch\/webnew\/wp-content\/uploads\/2019\/10\/Pogar-porte-coulissante-004-1-700x485.jpg 700w\" sizes=\"(max-width: 770px) 100vw, 770px\" \/>\t\t\t\t\t\t<span class=\"aig-gallery-hover\">\n\t\t\t\t\t\t\t\t\t\t\t\t\t<\/span>\n\t\t\t\t\t\t\t\t\t<\/div>\n\t\t\t<\/div>\n\t\t\t\t\t<div class=\"qode-aig-image qode-item-space\">\n\t\t\t\t<div class=\"qode-aig-image-inner\">\n\t\t\t\t\t\t\t\t\t\t\t<img width=\"770\" height=\"533\" src=\"https:\/\/www.pogar.ch\/webnew\/wp-content\/uploads\/2019\/10\/Pogar-porte-coulissante-005-1.jpg\" class=\"attachment-full size-full\" alt=\"\" decoding=\"async\" loading=\"lazy\" srcset=\"https:\/\/www.pogar.ch\/webnew\/wp-content\/uploads\/2019\/10\/Pogar-porte-coulissante-005-1.jpg 770w, https:\/\/www.pogar.ch\/webnew\/wp-content\/uploads\/2019\/10\/Pogar-porte-coulissante-005-1-300x208.jpg 300w, https:\/\/www.pogar.ch\/webnew\/wp-content\/uploads\/2019\/10\/Pogar-porte-coulissante-005-1-768x532.jpg 768w, https:\/\/www.pogar.ch\/webnew\/wp-content\/uploads\/2019\/10\/Pogar-porte-coulissante-005-1-700x485.jpg 700w\" sizes=\"(max-width: 770px) 100vw, 770px\" \/>\t\t\t\t\t\t<span class=\"aig-gallery-hover\">\n\t\t\t\t\t\t\t\t\t\t\t\t\t<\/span>\n\t\t\t\t\t\t\t\t\t<\/div>\n\t\t\t<\/div>\n\t\t\t\t\t<div class=\"qode-aig-image qode-item-space\">\n\t\t\t\t<div class=\"qode-aig-image-inner\">\n\t\t\t\t\t\t\t\t\t\t\t<img width=\"770\" height=\"533\" src=\"https:\/\/www.pogar.ch\/webnew\/wp-content\/uploads\/2019\/10\/Pogar-porte-coulissante-006-1.jpg\" class=\"attachment-full size-full\" alt=\"\" decoding=\"async\" loading=\"lazy\" srcset=\"https:\/\/www.pogar.ch\/webnew\/wp-content\/uploads\/2019\/10\/Pogar-porte-coulissante-006-1.jpg 770w, https:\/\/www.pogar.ch\/webnew\/wp-content\/uploads\/2019\/10\/Pogar-porte-coulissante-006-1-300x208.jpg 300w, https:\/\/www.pogar.ch\/webnew\/wp-content\/uploads\/2019\/10\/Pogar-porte-coulissante-006-1-768x532.jpg 768w, https:\/\/www.pogar.ch\/webnew\/wp-content\/uploads\/2019\/10\/Pogar-porte-coulissante-006-1-700x485.jpg 700w\" sizes=\"(max-width: 770px) 100vw, 770px\" \/>\t\t\t\t\t\t<span class=\"aig-gallery-hover\">\n\t\t\t\t\t\t\t\t\t\t\t\t\t<\/span>\n\t\t\t\t\t\t\t\t\t<\/div>\n\t\t\t<\/div>\n\t\t\t\t\t<div class=\"qode-aig-image qode-item-space\">\n\t\t\t\t<div class=\"qode-aig-image-inner\">\n\t\t\t\t\t\t\t\t\t\t\t<img width=\"770\" height=\"533\" src=\"https:\/\/www.pogar.ch\/webnew\/wp-content\/uploads\/2019\/10\/Pogar-porte-coulissante-007-1.jpg\" class=\"attachment-full size-full\" alt=\"\" decoding=\"async\" loading=\"lazy\" srcset=\"https:\/\/www.pogar.ch\/webnew\/wp-content\/uploads\/2019\/10\/Pogar-porte-coulissante-007-1.jpg 770w, https:\/\/www.pogar.ch\/webnew\/wp-content\/uploads\/2019\/10\/Pogar-porte-coulissante-007-1-300x208.jpg 300w, https:\/\/www.pogar.ch\/webnew\/wp-content\/uploads\/2019\/10\/Pogar-porte-coulissante-007-1-768x532.jpg 768w, https:\/\/www.pogar.ch\/webnew\/wp-content\/uploads\/2019\/10\/Pogar-porte-coulissante-007-1-700x485.jpg 700w\" sizes=\"(max-width: 770px) 100vw, 770px\" \/>\t\t\t\t\t\t<span class=\"aig-gallery-hover\">\n\t\t\t\t\t\t\t\t\t\t\t\t\t<\/span>\n\t\t\t\t\t\t\t\t\t<\/div>\n\t\t\t<\/div>\n\t\t\t\t\t<div class=\"qode-aig-image qode-item-space\">\n\t\t\t\t<div class=\"qode-aig-image-inner\">\n\t\t\t\t\t\t\t\t\t\t\t<img width=\"770\" height=\"533\" src=\"https:\/\/www.pogar.ch\/webnew\/wp-content\/uploads\/2019\/10\/Pogar-porte-coulissante-008-1.jpg\" class=\"attachment-full size-full\" alt=\"\" decoding=\"async\" loading=\"lazy\" srcset=\"https:\/\/www.pogar.ch\/webnew\/wp-content\/uploads\/2019\/10\/Pogar-porte-coulissante-008-1.jpg 770w, https:\/\/www.pogar.ch\/webnew\/wp-content\/uploads\/2019\/10\/Pogar-porte-coulissante-008-1-300x208.jpg 300w, https:\/\/www.pogar.ch\/webnew\/wp-content\/uploads\/2019\/10\/Pogar-porte-coulissante-008-1-768x532.jpg 768w, https:\/\/www.pogar.ch\/webnew\/wp-content\/uploads\/2019\/10\/Pogar-porte-coulissante-008-1-700x485.jpg 700w\" sizes=\"(max-width: 770px) 100vw, 770px\" \/>\t\t\t\t\t\t<span class=\"aig-gallery-hover\">\n\t\t\t\t\t\t\t\t\t\t\t\t\t<\/span>\n\t\t\t\t\t\t\t\t\t<\/div>\n\t\t\t<\/div>\n\t\t\t<\/div>\n<\/div>[\/vc_column][\/vc_row][vc_row css_animation=\u00a0\u00bb\u00a0\u00bb row_type=\u00a0\u00bbrow\u00a0\u00bb use_row_as_full_screen_section=\u00a0\u00bbno\u00a0\u00bb type=\u00a0\u00bbgrid\u00a0\u00bb angled_section=\u00a0\u00bbno\u00a0\u00bb text_align=\u00a0\u00bbleft\u00a0\u00bb background_image_as_pattern=\u00a0\u00bbwithout_pattern\u00a0\u00bb z_index=\u00a0\u00bb\u00a0\u00bb padding_bottom=\u00a0\u00bb20&Prime; padding_top=\u00a0\u00bb50&Prime;][vc_column css=\u00a0\u00bb.vc_custom_1655576646318{padding-bottom: 20px !important;}\u00a0\u00bb]<a  itemprop=\"url\" href=\"https:\/\/www.pogar.ch\/webnew\/services\/demande-de-devis\/\" target=\"_self\"  class=\"qbutton  default\" style=\"margin: 20px 0px 0px 0px; \">Demander un devis gratuit<\/a>[\/vc_column][\/vc_row]<\/p>\n<\/section>","protected":false},"excerpt":{"rendered":"<p>[vc_row css_animation=\u00a0\u00bb\u00a0\u00bb row_type=\u00a0\u00bbrow\u00a0\u00bb use_row_as_full_screen_section=\u00a0\u00bbno\u00a0\u00bb type=\u00a0\u00bbgrid\u00a0\u00bb angled_section=\u00a0\u00bbno\u00a0\u00bb text_align=\u00a0\u00bbleft\u00a0\u00bb background_image_as_pattern=\u00a0\u00bbwithout_pattern\u00a0\u00bb z_index=\u00a0\u00bb\u00a0\u00bb padding_bottom=\u00a0\u00bb0&Prime; padding_top=\u00a0\u00bb50&Prime;][vc_column][vc_separator type=\u00a0\u00bbtransparent\u00a0\u00bb thickness=\u00a0\u00bb1&Prime; up=\u00a0\u00bb-8&Prime;][vc_column_text] Portes de garage r\u00e9sidentielles [\/vc_column_text][vc_separator type=\u00a0\u00bbsmall\u00a0\u00bb position=\u00a0\u00bbleft\u00a0\u00bb up=\u00a0\u00bb6&Prime; down=\u00a0\u00bb15&Prime;][vc_column_text] Portes de garage coulissantes [\/vc_column_text][vc_separator type=\u00a0\u00bbtransparent\u00a0\u00bb thickness=\u00a0\u00bb1&Prime; up=\u00a0\u00bb25&Prime; down=\u00a0\u00bb0&Prime;][vc_column_text]Les portes de garage coulissantes sont de plus en plus populaires en raison de&#8230;<\/p>\n","protected":false},"author":1,"featured_media":0,"parent":16204,"menu_order":0,"comment_status":"closed","ping_status":"closed","template":"full_width.php","meta":[],"yoast_head":"<!-- This site is optimized with the Yoast SEO Premium plugin v20.9 (Yoast SEO v20.9) - https:\/\/yoast.com\/wordpress\/plugins\/seo\/ -->\n<title>Portes de garage coulissantes - Pogar S.A.<\/title>\n<meta name=\"description\" content=\"Les portes de garage coulissantes sont de plus en plus populaires en raison de leur design \u00e9l\u00e9gant et de leur fonctionnalit\u00e9.\" \/>\n<meta name=\"robots\" content=\"index, follow, max-snippet:-1, max-image-preview:large, max-video-preview:-1\" \/>\n<link rel=\"canonical\" href=\"https:\/\/www.pogar.ch\/webnew\/produits\/portes-de-garage\/portes-de-garages-residentielles\/portes-de-garage-coulissantes\/\" \/>\n<meta property=\"og:locale\" content=\"fr_FR\" \/>\n<meta property=\"og:type\" content=\"article\" \/>\n<meta property=\"og:title\" content=\"Portes de garage coulissantes\" \/>\n<meta property=\"og:description\" content=\"Les portes de garage coulissantes sont de plus en plus populaires en raison de leur design \u00e9l\u00e9gant et de leur fonctionnalit\u00e9.\" \/>\n<meta property=\"og:url\" content=\"https:\/\/www.pogar.ch\/webnew\/produits\/portes-de-garage\/portes-de-garages-residentielles\/portes-de-garage-coulissantes\/\" \/>\n<meta property=\"og:site_name\" content=\"Pogar S.A.\" \/>\n<meta property=\"article:publisher\" content=\"https:\/\/www.facebook.com\/POGAR-Team-139006666269936\/\" \/>\n<meta property=\"article:modified_time\" content=\"2024-02-09T17:16:47+00:00\" \/>\n<meta name=\"twitter:card\" content=\"summary_large_image\" \/>\n<meta name=\"twitter:label1\" content=\"Dur\u00e9e de lecture estim\u00e9e\" \/>\n\t<meta name=\"twitter:data1\" content=\"2 minutes\" \/>\n<script type=\"application\/ld+json\" class=\"yoast-schema-graph\">{\"@context\":\"https:\/\/schema.org\",\"@graph\":[{\"@type\":\"WebPage\",\"@id\":\"https:\/\/www.pogar.ch\/webnew\/produits\/portes-de-garage\/portes-de-garages-residentielles\/portes-de-garage-coulissantes\/\",\"url\":\"https:\/\/www.pogar.ch\/webnew\/produits\/portes-de-garage\/portes-de-garages-residentielles\/portes-de-garage-coulissantes\/\",\"name\":\"Portes de garage coulissantes - Pogar S.A.\",\"isPartOf\":{\"@id\":\"https:\/\/www.pogar.ch\/webnew\/#website\"},\"datePublished\":\"2023-01-10T10:46:54+00:00\",\"dateModified\":\"2024-02-09T17:16:47+00:00\",\"description\":\"Les portes de garage coulissantes sont de plus en plus populaires en raison de leur design \u00e9l\u00e9gant et de leur fonctionnalit\u00e9.\",\"breadcrumb\":{\"@id\":\"https:\/\/www.pogar.ch\/webnew\/produits\/portes-de-garage\/portes-de-garages-residentielles\/portes-de-garage-coulissantes\/#breadcrumb\"},\"inLanguage\":\"fr-FR\",\"potentialAction\":[{\"@type\":\"ReadAction\",\"target\":[\"https:\/\/www.pogar.ch\/webnew\/produits\/portes-de-garage\/portes-de-garages-residentielles\/portes-de-garage-coulissantes\/\"]}]},{\"@type\":\"BreadcrumbList\",\"@id\":\"https:\/\/www.pogar.ch\/webnew\/produits\/portes-de-garage\/portes-de-garages-residentielles\/portes-de-garage-coulissantes\/#breadcrumb\",\"itemListElement\":[{\"@type\":\"ListItem\",\"position\":1,\"name\":\"Accueil\",\"item\":\"https:\/\/www.pogar.ch\/webnew\/\"},{\"@type\":\"ListItem\",\"position\":2,\"name\":\"Tous les produits\",\"item\":\"https:\/\/www.pogar.ch\/webnew\/produits\/\"},{\"@type\":\"ListItem\",\"position\":3,\"name\":\"Portes de garage standards\",\"item\":\"https:\/\/www.pogar.ch\/webnew\/produits\/portes-de-garage\/\"},{\"@type\":\"ListItem\",\"position\":4,\"name\":\"Portes de garage r\u00e9sidentielles\",\"item\":\"https:\/\/www.pogar.ch\/webnew\/produits\/portes-de-garage\/portes-de-garages-residentielles\/\"},{\"@type\":\"ListItem\",\"position\":5,\"name\":\"Portes de garage coulissantes\"}]},{\"@type\":\"WebSite\",\"@id\":\"https:\/\/www.pogar.ch\/webnew\/#website\",\"url\":\"https:\/\/www.pogar.ch\/webnew\/\",\"name\":\"Pogar S.A.\",\"description\":\"Portes de garage - Portes d&#039;entr\u00e9e - Portails\",\"publisher\":{\"@id\":\"https:\/\/www.pogar.ch\/webnew\/#organization\"},\"potentialAction\":[{\"@type\":\"SearchAction\",\"target\":{\"@type\":\"EntryPoint\",\"urlTemplate\":\"https:\/\/www.pogar.ch\/webnew\/?s={search_term_string}\"},\"query-input\":\"required name=search_term_string\"}],\"inLanguage\":\"fr-FR\"},{\"@type\":\"Organization\",\"@id\":\"https:\/\/www.pogar.ch\/webnew\/#organization\",\"name\":\"Pogar S.A.\",\"url\":\"https:\/\/www.pogar.ch\/webnew\/\",\"logo\":{\"@type\":\"ImageObject\",\"inLanguage\":\"fr-FR\",\"@id\":\"https:\/\/www.pogar.ch\/webnew\/#\/schema\/logo\/image\/\",\"url\":\"https:\/\/www.pogar.ch\/webnew\/wp-content\/uploads\/2019\/09\/logo-positif-pogar.png\",\"contentUrl\":\"https:\/\/www.pogar.ch\/webnew\/wp-content\/uploads\/2019\/09\/logo-positif-pogar.png\",\"width\":254,\"height\":210,\"caption\":\"Pogar S.A.\"},\"image\":{\"@id\":\"https:\/\/www.pogar.ch\/webnew\/#\/schema\/logo\/image\/\"},\"sameAs\":[\"https:\/\/www.facebook.com\/POGAR-Team-139006666269936\/\",\"https:\/\/www.instagram.com\/pogar_sa\/\",\"https:\/\/www.linkedin.com\/company\/81284588\/\"]}]}<\/script>\n<!-- \/ Yoast SEO Premium plugin. -->","yoast_head_json":{"title":"Portes de garage coulissantes - Pogar S.A.","description":"Les portes de garage coulissantes sont de plus en plus populaires en raison de leur design \u00e9l\u00e9gant et de leur fonctionnalit\u00e9.","robots":{"index":"index","follow":"follow","max-snippet":"max-snippet:-1","max-image-preview":"max-image-preview:large","max-video-preview":"max-video-preview:-1"},"canonical":"https:\/\/www.pogar.ch\/webnew\/produits\/portes-de-garage\/portes-de-garages-residentielles\/portes-de-garage-coulissantes\/","og_locale":"fr_FR","og_type":"article","og_title":"Portes de garage coulissantes","og_description":"Les portes de garage coulissantes sont de plus en plus populaires en raison de leur design \u00e9l\u00e9gant et de leur fonctionnalit\u00e9.","og_url":"https:\/\/www.pogar.ch\/webnew\/produits\/portes-de-garage\/portes-de-garages-residentielles\/portes-de-garage-coulissantes\/","og_site_name":"Pogar S.A.","article_publisher":"https:\/\/www.facebook.com\/POGAR-Team-139006666269936\/","article_modified_time":"2024-02-09T17:16:47+00:00","twitter_card":"summary_large_image","twitter_misc":{"Dur\u00e9e de lecture estim\u00e9e":"2 minutes"},"schema":{"@context":"https:\/\/schema.org","@graph":[{"@type":"WebPage","@id":"https:\/\/www.pogar.ch\/webnew\/produits\/portes-de-garage\/portes-de-garages-residentielles\/portes-de-garage-coulissantes\/","url":"https:\/\/www.pogar.ch\/webnew\/produits\/portes-de-garage\/portes-de-garages-residentielles\/portes-de-garage-coulissantes\/","name":"Portes de garage coulissantes - Pogar S.A.","isPartOf":{"@id":"https:\/\/www.pogar.ch\/webnew\/#website"},"datePublished":"2023-01-10T10:46:54+00:00","dateModified":"2024-02-09T17:16:47+00:00","description":"Les portes de garage coulissantes sont de plus en plus populaires en raison de leur design \u00e9l\u00e9gant et de leur fonctionnalit\u00e9.","breadcrumb":{"@id":"https:\/\/www.pogar.ch\/webnew\/produits\/portes-de-garage\/portes-de-garages-residentielles\/portes-de-garage-coulissantes\/#breadcrumb"},"inLanguage":"fr-FR","potentialAction":[{"@type":"ReadAction","target":["https:\/\/www.pogar.ch\/webnew\/produits\/portes-de-garage\/portes-de-garages-residentielles\/portes-de-garage-coulissantes\/"]}]},{"@type":"BreadcrumbList","@id":"https:\/\/www.pogar.ch\/webnew\/produits\/portes-de-garage\/portes-de-garages-residentielles\/portes-de-garage-coulissantes\/#breadcrumb","itemListElement":[{"@type":"ListItem","position":1,"name":"Accueil","item":"https:\/\/www.pogar.ch\/webnew\/"},{"@type":"ListItem","position":2,"name":"Tous les produits","item":"https:\/\/www.pogar.ch\/webnew\/produits\/"},{"@type":"ListItem","position":3,"name":"Portes de garage standards","item":"https:\/\/www.pogar.ch\/webnew\/produits\/portes-de-garage\/"},{"@type":"ListItem","position":4,"name":"Portes de garage r\u00e9sidentielles","item":"https:\/\/www.pogar.ch\/webnew\/produits\/portes-de-garage\/portes-de-garages-residentielles\/"},{"@type":"ListItem","position":5,"name":"Portes de garage coulissantes"}]},{"@type":"WebSite","@id":"https:\/\/www.pogar.ch\/webnew\/#website","url":"https:\/\/www.pogar.ch\/webnew\/","name":"Pogar S.A.","description":"Portes de garage - Portes d&#039;entr\u00e9e - Portails","publisher":{"@id":"https:\/\/www.pogar.ch\/webnew\/#organization"},"potentialAction":[{"@type":"SearchAction","target":{"@type":"EntryPoint","urlTemplate":"https:\/\/www.pogar.ch\/webnew\/?s={search_term_string}"},"query-input":"required name=search_term_string"}],"inLanguage":"fr-FR"},{"@type":"Organization","@id":"https:\/\/www.pogar.ch\/webnew\/#organization","name":"Pogar S.A.","url":"https:\/\/www.pogar.ch\/webnew\/","logo":{"@type":"ImageObject","inLanguage":"fr-FR","@id":"https:\/\/www.pogar.ch\/webnew\/#\/schema\/logo\/image\/","url":"https:\/\/www.pogar.ch\/webnew\/wp-content\/uploads\/2019\/09\/logo-positif-pogar.png","contentUrl":"https:\/\/www.pogar.ch\/webnew\/wp-content\/uploads\/2019\/09\/logo-positif-pogar.png","width":254,"height":210,"caption":"Pogar S.A."},"image":{"@id":"https:\/\/www.pogar.ch\/webnew\/#\/schema\/logo\/image\/"},"sameAs":["https:\/\/www.facebook.com\/POGAR-Team-139006666269936\/","https:\/\/www.instagram.com\/pogar_sa\/","https:\/\/www.linkedin.com\/company\/81284588\/"]}]}},"_links":{"self":[{"href":"https:\/\/www.pogar.ch\/webnew\/wp-json\/wp\/v2\/pages\/16973"}],"collection":[{"href":"https:\/\/www.pogar.ch\/webnew\/wp-json\/wp\/v2\/pages"}],"about":[{"href":"https:\/\/www.pogar.ch\/webnew\/wp-json\/wp\/v2\/types\/page"}],"author":[{"embeddable":true,"href":"https:\/\/www.pogar.ch\/webnew\/wp-json\/wp\/v2\/users\/1"}],"replies":[{"embeddable":true,"href":"https:\/\/www.pogar.ch\/webnew\/wp-json\/wp\/v2\/comments?post=16973"}],"version-history":[{"count":11,"href":"https:\/\/www.pogar.ch\/webnew\/wp-json\/wp\/v2\/pages\/16973\/revisions"}],"predecessor-version":[{"id":17211,"href":"https:\/\/www.pogar.ch\/webnew\/wp-json\/wp\/v2\/pages\/16973\/revisions\/17211"}],"up":[{"embeddable":true,"href":"https:\/\/www.pogar.ch\/webnew\/wp-json\/wp\/v2\/pages\/16204"}],"wp:attachment":[{"href":"https:\/\/www.pogar.ch\/webnew\/wp-json\/wp\/v2\/media?parent=16973"}],"curies":[{"name":"wp","href":"https:\/\/api.w.org\/{rel}","templated":true}]}}