{"id":16729,"date":"2019-11-18T18:57:38","date_gmt":"2019-11-18T17:57:38","guid":{"rendered":"https:\/\/www.pogar.ch\/webnew\/?page_id=16729"},"modified":"2024-02-09T18:29:06","modified_gmt":"2024-02-09T17:29:06","slug":"protections-solaires-toit-plat","status":"publish","type":"page","link":"https:\/\/www.pogar.ch\/webnew\/produits\/protections-solaires\/protections-solaires-toit-plat\/","title":{"rendered":"Protections solaires toit plat"},"content":{"rendered":"<section class=\"wpb-content-wrapper\"><p>[vc_row css_animation=\u00a0\u00bb\u00a0\u00bb row_type=\u00a0\u00bbrow\u00a0\u00bb use_row_as_full_screen_section=\u00a0\u00bbno\u00a0\u00bb type=\u00a0\u00bbgrid\u00a0\u00bb angled_section=\u00a0\u00bbno\u00a0\u00bb text_align=\u00a0\u00bbleft\u00a0\u00bb background_image_as_pattern=\u00a0\u00bbwithout_pattern\u00a0\u00bb z_index=\u00a0\u00bb\u00a0\u00bb padding_bottom=\u00a0\u00bb0&Prime; padding_top=\u00a0\u00bb50&Prime;][vc_column][vc_separator type=\u00a0\u00bbtransparent\u00a0\u00bb thickness=\u00a0\u00bb1&Prime; up=\u00a0\u00bb-8&Prime;][vc_column_text]<\/p>\n<h5>Produits<\/h5>\n<p>[\/vc_column_text][vc_separator type=\u00a0\u00bbsmall\u00a0\u00bb position=\u00a0\u00bbleft\u00a0\u00bb up=\u00a0\u00bb6&Prime; down=\u00a0\u00bb15&Prime;][vc_column_text]<\/p>\n<h1>Protections solaires toit plat<\/h1>\n<p>[\/vc_column_text][vc_separator type=\u00a0\u00bbtransparent\u00a0\u00bb thickness=\u00a0\u00bb1&Prime; up=\u00a0\u00bb25&Prime; down=\u00a0\u00bb0&Prime;][vc_column_text]<\/p>\n<div class=\"wpb_text_column wpb_content_element \">\n<div class=\"wpb_wrapper\">\n<div class=\"section ke-page-title\">\n<div class=\"container\">\n<div class=\"row\">\n<div class=\"col-12\">\n<div class=\"description color-brand\">\n<h2>Les protections solaires sur mesure qui s\u2019adaptent \u00e0 tous les environnements<\/h2>\n<p>&nbsp;<\/p>\n<\/div>\n<\/div>\n<\/div>\n<\/div>\n<\/div>\n<div class=\"container pb-4 pb-lg-5 ke-full-page-description\">\n<div class=\"row justify-content-center\">\n<div class=\"col-12 col-lg-10 color-brand text-center\">\n<p><strong>Vous souhaitez une protection solaire discr\u00e8te et l\u00e9g\u00e8re ?<\/strong><\/p>\n<p>&nbsp;<\/p>\n<p>La gamme de protections solaires \u00e0 toit plat lie <strong>le design \u00e9pur\u00e9 d\u2019une structure en aluminium robuste<\/strong>\u00a0et la l\u00e9g\u00e8ret\u00e9 d\u2019un tissu r\u00e9sistant. Cette association donne un produit unique qui sublime tous les ext\u00e9rieurs, des plus belles terrasses aux jardins en passant par les piscines ou autres plans d\u2019eau.<\/p>\n<p>&nbsp;<\/p>\n<p>Dans cette gamme nous avons 2 types de protections solaires :<\/p>\n<ul>\n<li><strong>Autoportantes<\/strong>\u00a0pour un espace ind\u00e9pendant de la maison<\/li>\n<li><strong>Adoss\u00e9es au mur<\/strong>\u00a0pour un espace qui communique avec votre salon ou cuisine<\/li>\n<\/ul>\n<p>&nbsp;<\/p>\n<p>Rien de plus simple pour r\u00e9pondre \u00e0 diff\u00e9rents besoins.<\/p>\n<p>&nbsp;<\/p>\n<p><strong>\u00c9l\u00e9gante, raffin\u00e9e et tr\u00e8s simple d\u2019utilisation<\/strong>, notre\u00a0<strong>protection solaire toit plat<\/strong> est \u00e9quip\u00e9e d\u2019un rev\u00eatement store qui se replie par empaqu\u00e8tement coulissant, id\u00e9al pour cr\u00e9er une fen\u00eatre ensoleill\u00e9e donnant sur l\u2019ext\u00e9rieur, une ouverture compl\u00e8te sur l\u2019environnement qui vous entoure ou un espace totalement prot\u00e9g\u00e9. Avec celle-ci prot\u00e9gez-vous contre les rayons du soleil trop intenses ou contrer des situations climatiques inattendues, et gardez que confort et d\u00e9tente.<\/p>\n<p>&nbsp;<\/p>\n<p>Toutes nos\u00a0<strong>protections solaires \u00e0 toit coulissant sur-mesure<\/strong>\u00a0sont r\u00e9alis\u00e9es selon vos besoins, vos go\u00fbts et la place dont vous disposez.<\/p>\n<ul>\n<li>Voilages blancs et l\u00e9gers pour une ambiance romantique<\/li>\n<li><strong>Protection solaire \u00e0 toit plat plus moderne et illumin\u00e9e de LED <\/strong>\u00e0 la nuit tomb\u00e9e<\/li>\n<li>Espace ind\u00e9pendant totalement ferm\u00e9e avec l\u2019ISOLA 2 (+ installation de couvertures toutes saisons)<\/li>\n<\/ul>\n<p>&nbsp;<\/p>\n<p>Choisissez la protection solaire, sa personnalisation et ses options qui se marieront parfaitement \u00e0 votre ext\u00e9rieur.<\/p>\n<p>&nbsp;<\/p>\n<p>Quelle que soit l\u2019ambiance que vous souhaitez recr\u00e9er dans vos jardins et terrasses, avec des\u00a0<strong>protections solaires murales ou autoportantes<\/strong>, nous allons cr\u00e9er pour et avec vous une protection solaire \u00e0 toit plat sur mesure, facile \u00e0 utiliser gr\u00e2ce \u00e0 <strong>l\u2019automatisation du toit et \u00e0 sa gestion m\u00eame \u00e0 distance<\/strong>.<\/p>\n<\/div>\n<\/div>\n<\/div>\n<\/div>\n<\/div>\n<p>[\/vc_column_text][vc_separator type=\u00a0\u00bbtransparent\u00a0\u00bb thickness=\u00a0\u00bb1&Prime; up=\u00a0\u00bb25&Prime; down=\u00a0\u00bb0&Prime;][\/vc_column][\/vc_row][vc_row css_animation=\u00a0\u00bb\u00a0\u00bb row_type=\u00a0\u00bbrow\u00a0\u00bb use_row_as_full_screen_section=\u00a0\u00bbno\u00a0\u00bb type=\u00a0\u00bbgrid\u00a0\u00bb angled_section=\u00a0\u00bbno\u00a0\u00bb text_align=\u00a0\u00bbleft\u00a0\u00bb background_image_as_pattern=\u00a0\u00bbwithout_pattern\u00a0\u00bb z_index=\u00a0\u00bb\u00a0\u00bb padding_bottom=\u00a0\u00bb20&Prime; padding_top=\u00a0\u00bb50&Prime;][vc_column width=\u00a0\u00bb1\/4&Prime;]<a  itemprop=\"url\" href=\"#protectionssolairestoitplat\" target=\"_self\"  class=\"qbutton  default\" style=\"\">Protections solaires toit plat<\/a>[\/vc_column][vc_column width=\u00a0\u00bb1\/4&Prime;][\/vc_column][vc_column width=\u00a0\u00bb1\/4&Prime;][\/vc_column][vc_column width=\u00a0\u00bb1\/4&Prime;][\/vc_column][\/vc_row][vc_row css_animation=\u00a0\u00bb\u00a0\u00bb row_type=\u00a0\u00bbrow\u00a0\u00bb use_row_as_full_screen_section=\u00a0\u00bbno\u00a0\u00bb type=\u00a0\u00bbgrid\u00a0\u00bb angled_section=\u00a0\u00bbno\u00a0\u00bb text_align=\u00a0\u00bbleft\u00a0\u00bb background_image_as_pattern=\u00a0\u00bbwithout_pattern\u00a0\u00bb z_index=\u00a0\u00bb\u00a0\u00bb padding_bottom=\u00a0\u00bb0&Prime; padding_top=\u00a0\u00bb50&Prime;][vc_column][\/vc_column][\/vc_row][vc_row css_animation=\u00a0\u00bb\u00a0\u00bb row_type=\u00a0\u00bbrow\u00a0\u00bb use_row_as_full_screen_section=\u00a0\u00bbno\u00a0\u00bb type=\u00a0\u00bbgrid\u00a0\u00bb angled_section=\u00a0\u00bbno\u00a0\u00bb text_align=\u00a0\u00bbleft\u00a0\u00bb background_image_as_pattern=\u00a0\u00bbwithout_pattern\u00a0\u00bb z_index=\u00a0\u00bb\u00a0\u00bb padding_bottom=\u00a0\u00bb20&Prime; padding_top=\u00a0\u00bb50&Prime;][vc_column css=\u00a0\u00bb.vc_custom_1655576646318{padding-bottom: 20px !important;}\u00a0\u00bb]<a  itemprop=\"url\" href=\"https:\/\/www.pogar.ch\/webnew\/services\/demande-de-devis\/\" target=\"_self\"  class=\"qbutton  default\" style=\"margin: 20px 0px 0px 0px; \">Demander un devis gratuit<\/a>[\/vc_column][\/vc_row][vc_row css_animation=\u00a0\u00bb\u00a0\u00bb row_type=\u00a0\u00bbrow\u00a0\u00bb use_row_as_full_screen_section=\u00a0\u00bbno\u00a0\u00bb type=\u00a0\u00bbgrid\u00a0\u00bb angled_section=\u00a0\u00bbno\u00a0\u00bb text_align=\u00a0\u00bbleft\u00a0\u00bb background_image_as_pattern=\u00a0\u00bbwithout_pattern\u00a0\u00bb z_index=\u00a0\u00bb\u00a0\u00bb padding_bottom=\u00a0\u00bb100&Prime; padding_top=\u00a0\u00bb50&Prime; anchor=\u00a0\u00bbprotectionssolairestoitplat\u00a0\u00bb][vc_column][vc_column_text]<\/p>\n<h3><span style=\"color: #3d3d3d;\">Protections solaires toit plat<\/span><\/h3>\n<p>[\/vc_column_text][vc_separator type=\u00a0\u00bbsmall\u00a0\u00bb position=\u00a0\u00bbleft\u00a0\u00bb up=\u00a0\u00bb12&Prime; down=\u00a0\u00bb30&Prime;]<div class=\"qode-advanced-image-gallery  qode-aig-grid-type qode-small-space   \">\n\t<div class=\"qode-aig-inner qode-outer-space qode-aig-grid qode-aig-two-columns\">\n\t\t\t\t\t<div class=\"qode-aig-image qode-item-space\">\n\t\t\t\t<div class=\"qode-aig-image-inner\">\n\t\t\t\t\t\t\t\t\t\t\t<img width=\"770\" height=\"533\" src=\"https:\/\/www.pogar.ch\/webnew\/wp-content\/uploads\/2019\/11\/Protections_solaires_toit_plat-01.jpg\" class=\"attachment-full size-full\" alt=\"protection solaire\" decoding=\"async\" loading=\"lazy\" srcset=\"https:\/\/www.pogar.ch\/webnew\/wp-content\/uploads\/2019\/11\/Protections_solaires_toit_plat-01.jpg 770w, https:\/\/www.pogar.ch\/webnew\/wp-content\/uploads\/2019\/11\/Protections_solaires_toit_plat-01-300x208.jpg 300w, https:\/\/www.pogar.ch\/webnew\/wp-content\/uploads\/2019\/11\/Protections_solaires_toit_plat-01-768x532.jpg 768w, https:\/\/www.pogar.ch\/webnew\/wp-content\/uploads\/2019\/11\/Protections_solaires_toit_plat-01-700x485.jpg 700w\" sizes=\"(max-width: 770px) 100vw, 770px\" \/>\t\t\t\t\t\t<span class=\"aig-gallery-hover\">\n\t\t\t\t\t\t\t\t\t\t\t\t\t<\/span>\n\t\t\t\t\t\t\t\t\t<\/div>\n\t\t\t<\/div>\n\t\t\t\t\t<div class=\"qode-aig-image qode-item-space\">\n\t\t\t\t<div class=\"qode-aig-image-inner\">\n\t\t\t\t\t\t\t\t\t\t\t<img width=\"770\" height=\"533\" src=\"https:\/\/www.pogar.ch\/webnew\/wp-content\/uploads\/2019\/11\/Protections_solaires_toit_plat-02.jpg\" class=\"attachment-full size-full\" alt=\"protection solaire\" decoding=\"async\" loading=\"lazy\" srcset=\"https:\/\/www.pogar.ch\/webnew\/wp-content\/uploads\/2019\/11\/Protections_solaires_toit_plat-02.jpg 770w, https:\/\/www.pogar.ch\/webnew\/wp-content\/uploads\/2019\/11\/Protections_solaires_toit_plat-02-300x208.jpg 300w, https:\/\/www.pogar.ch\/webnew\/wp-content\/uploads\/2019\/11\/Protections_solaires_toit_plat-02-768x532.jpg 768w, https:\/\/www.pogar.ch\/webnew\/wp-content\/uploads\/2019\/11\/Protections_solaires_toit_plat-02-700x485.jpg 700w\" sizes=\"(max-width: 770px) 100vw, 770px\" \/>\t\t\t\t\t\t<span class=\"aig-gallery-hover\">\n\t\t\t\t\t\t\t\t\t\t\t\t\t<\/span>\n\t\t\t\t\t\t\t\t\t<\/div>\n\t\t\t<\/div>\n\t\t\t<\/div>\n<\/div>[\/vc_column][\/vc_row]<\/p>\n<\/section>","protected":false},"excerpt":{"rendered":"<p>[vc_row css_animation=\u00a0\u00bb\u00a0\u00bb row_type=\u00a0\u00bbrow\u00a0\u00bb use_row_as_full_screen_section=\u00a0\u00bbno\u00a0\u00bb type=\u00a0\u00bbgrid\u00a0\u00bb angled_section=\u00a0\u00bbno\u00a0\u00bb text_align=\u00a0\u00bbleft\u00a0\u00bb background_image_as_pattern=\u00a0\u00bbwithout_pattern\u00a0\u00bb z_index=\u00a0\u00bb\u00a0\u00bb padding_bottom=\u00a0\u00bb0&Prime; padding_top=\u00a0\u00bb50&Prime;][vc_column][vc_separator type=\u00a0\u00bbtransparent\u00a0\u00bb thickness=\u00a0\u00bb1&Prime; up=\u00a0\u00bb-8&Prime;][vc_column_text] Produits [\/vc_column_text][vc_separator type=\u00a0\u00bbsmall\u00a0\u00bb position=\u00a0\u00bbleft\u00a0\u00bb up=\u00a0\u00bb6&Prime; down=\u00a0\u00bb15&Prime;][vc_column_text] Protections solaires toit plat [\/vc_column_text][vc_separator type=\u00a0\u00bbtransparent\u00a0\u00bb thickness=\u00a0\u00bb1&Prime; up=\u00a0\u00bb25&Prime; down=\u00a0\u00bb0&Prime;][vc_column_text] Les protections solaires sur mesure qui s\u2019adaptent \u00e0 tous les environnements &nbsp; Vous souhaitez une protection&#8230;<\/p>\n","protected":false},"author":1,"featured_media":0,"parent":16681,"menu_order":0,"comment_status":"closed","ping_status":"closed","template":"full_width.php","meta":[],"yoast_head":"<!-- This site is optimized with the Yoast SEO Premium plugin v20.9 (Yoast SEO v20.9) - https:\/\/yoast.com\/wordpress\/plugins\/seo\/ -->\n<title>Protections solaires toit plat - Pogar S.A.<\/title>\n<meta name=\"description\" content=\"Les protections solaires sur mesure qui s\u2019adaptent \u00e0 tous les environnements.\" \/>\n<meta name=\"robots\" content=\"index, follow, max-snippet:-1, max-image-preview:large, max-video-preview:-1\" \/>\n<link rel=\"canonical\" href=\"https:\/\/www.pogar.ch\/webnew\/produits\/protections-solaires\/protections-solaires-toit-plat\/\" \/>\n<meta property=\"og:locale\" content=\"fr_FR\" \/>\n<meta property=\"og:type\" content=\"article\" \/>\n<meta property=\"og:title\" content=\"Protections solaires toit plat\" \/>\n<meta property=\"og:description\" content=\"Les protections solaires sur mesure qui s\u2019adaptent \u00e0 tous les environnements.\" \/>\n<meta property=\"og:url\" content=\"https:\/\/www.pogar.ch\/webnew\/produits\/protections-solaires\/protections-solaires-toit-plat\/\" \/>\n<meta property=\"og:site_name\" content=\"Pogar S.A.\" \/>\n<meta property=\"article:publisher\" content=\"https:\/\/www.facebook.com\/POGAR-Team-139006666269936\/\" \/>\n<meta property=\"article:modified_time\" content=\"2024-02-09T17:29:06+00:00\" \/>\n<meta name=\"twitter:card\" content=\"summary_large_image\" \/>\n<meta name=\"twitter:label1\" content=\"Dur\u00e9e de lecture estim\u00e9e\" \/>\n\t<meta name=\"twitter:data1\" content=\"3 minutes\" \/>\n<script type=\"application\/ld+json\" class=\"yoast-schema-graph\">{\"@context\":\"https:\/\/schema.org\",\"@graph\":[{\"@type\":\"WebPage\",\"@id\":\"https:\/\/www.pogar.ch\/webnew\/produits\/protections-solaires\/protections-solaires-toit-plat\/\",\"url\":\"https:\/\/www.pogar.ch\/webnew\/produits\/protections-solaires\/protections-solaires-toit-plat\/\",\"name\":\"Protections solaires toit plat - Pogar S.A.\",\"isPartOf\":{\"@id\":\"https:\/\/www.pogar.ch\/webnew\/#website\"},\"datePublished\":\"2019-11-18T17:57:38+00:00\",\"dateModified\":\"2024-02-09T17:29:06+00:00\",\"description\":\"Les protections solaires sur mesure qui s\u2019adaptent \u00e0 tous les environnements.\",\"breadcrumb\":{\"@id\":\"https:\/\/www.pogar.ch\/webnew\/produits\/protections-solaires\/protections-solaires-toit-plat\/#breadcrumb\"},\"inLanguage\":\"fr-FR\",\"potentialAction\":[{\"@type\":\"ReadAction\",\"target\":[\"https:\/\/www.pogar.ch\/webnew\/produits\/protections-solaires\/protections-solaires-toit-plat\/\"]}]},{\"@type\":\"BreadcrumbList\",\"@id\":\"https:\/\/www.pogar.ch\/webnew\/produits\/protections-solaires\/protections-solaires-toit-plat\/#breadcrumb\",\"itemListElement\":[{\"@type\":\"ListItem\",\"position\":1,\"name\":\"Accueil\",\"item\":\"https:\/\/www.pogar.ch\/webnew\/\"},{\"@type\":\"ListItem\",\"position\":2,\"name\":\"Tous les produits\",\"item\":\"https:\/\/www.pogar.ch\/webnew\/produits\/\"},{\"@type\":\"ListItem\",\"position\":3,\"name\":\"Protections solaires\",\"item\":\"https:\/\/www.pogar.ch\/webnew\/produits\/protections-solaires\/\"},{\"@type\":\"ListItem\",\"position\":4,\"name\":\"Protections solaires toit plat\"}]},{\"@type\":\"WebSite\",\"@id\":\"https:\/\/www.pogar.ch\/webnew\/#website\",\"url\":\"https:\/\/www.pogar.ch\/webnew\/\",\"name\":\"Pogar S.A.\",\"description\":\"Portes de garage - Portes d&#039;entr\u00e9e - Portails\",\"publisher\":{\"@id\":\"https:\/\/www.pogar.ch\/webnew\/#organization\"},\"potentialAction\":[{\"@type\":\"SearchAction\",\"target\":{\"@type\":\"EntryPoint\",\"urlTemplate\":\"https:\/\/www.pogar.ch\/webnew\/?s={search_term_string}\"},\"query-input\":\"required name=search_term_string\"}],\"inLanguage\":\"fr-FR\"},{\"@type\":\"Organization\",\"@id\":\"https:\/\/www.pogar.ch\/webnew\/#organization\",\"name\":\"Pogar S.A.\",\"url\":\"https:\/\/www.pogar.ch\/webnew\/\",\"logo\":{\"@type\":\"ImageObject\",\"inLanguage\":\"fr-FR\",\"@id\":\"https:\/\/www.pogar.ch\/webnew\/#\/schema\/logo\/image\/\",\"url\":\"https:\/\/www.pogar.ch\/webnew\/wp-content\/uploads\/2019\/09\/logo-positif-pogar.png\",\"contentUrl\":\"https:\/\/www.pogar.ch\/webnew\/wp-content\/uploads\/2019\/09\/logo-positif-pogar.png\",\"width\":254,\"height\":210,\"caption\":\"Pogar S.A.\"},\"image\":{\"@id\":\"https:\/\/www.pogar.ch\/webnew\/#\/schema\/logo\/image\/\"},\"sameAs\":[\"https:\/\/www.facebook.com\/POGAR-Team-139006666269936\/\",\"https:\/\/www.instagram.com\/pogar_sa\/\",\"https:\/\/www.linkedin.com\/company\/81284588\/\"]}]}<\/script>\n<!-- \/ Yoast SEO Premium plugin. -->","yoast_head_json":{"title":"Protections solaires toit plat - Pogar S.A.","description":"Les protections solaires sur mesure qui s\u2019adaptent \u00e0 tous les environnements.","robots":{"index":"index","follow":"follow","max-snippet":"max-snippet:-1","max-image-preview":"max-image-preview:large","max-video-preview":"max-video-preview:-1"},"canonical":"https:\/\/www.pogar.ch\/webnew\/produits\/protections-solaires\/protections-solaires-toit-plat\/","og_locale":"fr_FR","og_type":"article","og_title":"Protections solaires toit plat","og_description":"Les protections solaires sur mesure qui s\u2019adaptent \u00e0 tous les environnements.","og_url":"https:\/\/www.pogar.ch\/webnew\/produits\/protections-solaires\/protections-solaires-toit-plat\/","og_site_name":"Pogar S.A.","article_publisher":"https:\/\/www.facebook.com\/POGAR-Team-139006666269936\/","article_modified_time":"2024-02-09T17:29:06+00:00","twitter_card":"summary_large_image","twitter_misc":{"Dur\u00e9e de lecture estim\u00e9e":"3 minutes"},"schema":{"@context":"https:\/\/schema.org","@graph":[{"@type":"WebPage","@id":"https:\/\/www.pogar.ch\/webnew\/produits\/protections-solaires\/protections-solaires-toit-plat\/","url":"https:\/\/www.pogar.ch\/webnew\/produits\/protections-solaires\/protections-solaires-toit-plat\/","name":"Protections solaires toit plat - Pogar S.A.","isPartOf":{"@id":"https:\/\/www.pogar.ch\/webnew\/#website"},"datePublished":"2019-11-18T17:57:38+00:00","dateModified":"2024-02-09T17:29:06+00:00","description":"Les protections solaires sur mesure qui s\u2019adaptent \u00e0 tous les environnements.","breadcrumb":{"@id":"https:\/\/www.pogar.ch\/webnew\/produits\/protections-solaires\/protections-solaires-toit-plat\/#breadcrumb"},"inLanguage":"fr-FR","potentialAction":[{"@type":"ReadAction","target":["https:\/\/www.pogar.ch\/webnew\/produits\/protections-solaires\/protections-solaires-toit-plat\/"]}]},{"@type":"BreadcrumbList","@id":"https:\/\/www.pogar.ch\/webnew\/produits\/protections-solaires\/protections-solaires-toit-plat\/#breadcrumb","itemListElement":[{"@type":"ListItem","position":1,"name":"Accueil","item":"https:\/\/www.pogar.ch\/webnew\/"},{"@type":"ListItem","position":2,"name":"Tous les produits","item":"https:\/\/www.pogar.ch\/webnew\/produits\/"},{"@type":"ListItem","position":3,"name":"Protections solaires","item":"https:\/\/www.pogar.ch\/webnew\/produits\/protections-solaires\/"},{"@type":"ListItem","position":4,"name":"Protections solaires toit plat"}]},{"@type":"WebSite","@id":"https:\/\/www.pogar.ch\/webnew\/#website","url":"https:\/\/www.pogar.ch\/webnew\/","name":"Pogar S.A.","description":"Portes de garage - Portes d&#039;entr\u00e9e - Portails","publisher":{"@id":"https:\/\/www.pogar.ch\/webnew\/#organization"},"potentialAction":[{"@type":"SearchAction","target":{"@type":"EntryPoint","urlTemplate":"https:\/\/www.pogar.ch\/webnew\/?s={search_term_string}"},"query-input":"required name=search_term_string"}],"inLanguage":"fr-FR"},{"@type":"Organization","@id":"https:\/\/www.pogar.ch\/webnew\/#organization","name":"Pogar S.A.","url":"https:\/\/www.pogar.ch\/webnew\/","logo":{"@type":"ImageObject","inLanguage":"fr-FR","@id":"https:\/\/www.pogar.ch\/webnew\/#\/schema\/logo\/image\/","url":"https:\/\/www.pogar.ch\/webnew\/wp-content\/uploads\/2019\/09\/logo-positif-pogar.png","contentUrl":"https:\/\/www.pogar.ch\/webnew\/wp-content\/uploads\/2019\/09\/logo-positif-pogar.png","width":254,"height":210,"caption":"Pogar S.A."},"image":{"@id":"https:\/\/www.pogar.ch\/webnew\/#\/schema\/logo\/image\/"},"sameAs":["https:\/\/www.facebook.com\/POGAR-Team-139006666269936\/","https:\/\/www.instagram.com\/pogar_sa\/","https:\/\/www.linkedin.com\/company\/81284588\/"]}]}},"_links":{"self":[{"href":"https:\/\/www.pogar.ch\/webnew\/wp-json\/wp\/v2\/pages\/16729"}],"collection":[{"href":"https:\/\/www.pogar.ch\/webnew\/wp-json\/wp\/v2\/pages"}],"about":[{"href":"https:\/\/www.pogar.ch\/webnew\/wp-json\/wp\/v2\/types\/page"}],"author":[{"embeddable":true,"href":"https:\/\/www.pogar.ch\/webnew\/wp-json\/wp\/v2\/users\/1"}],"replies":[{"embeddable":true,"href":"https:\/\/www.pogar.ch\/webnew\/wp-json\/wp\/v2\/comments?post=16729"}],"version-history":[{"count":5,"href":"https:\/\/www.pogar.ch\/webnew\/wp-json\/wp\/v2\/pages\/16729\/revisions"}],"predecessor-version":[{"id":17224,"href":"https:\/\/www.pogar.ch\/webnew\/wp-json\/wp\/v2\/pages\/16729\/revisions\/17224"}],"up":[{"embeddable":true,"href":"https:\/\/www.pogar.ch\/webnew\/wp-json\/wp\/v2\/pages\/16681"}],"wp:attachment":[{"href":"https:\/\/www.pogar.ch\/webnew\/wp-json\/wp\/v2\/media?parent=16729"}],"curies":[{"name":"wp","href":"https:\/\/api.w.org\/{rel}","templated":true}]}}