{"id":16681,"date":"2019-11-02T10:36:34","date_gmt":"2019-11-02T09:36:34","guid":{"rendered":"https:\/\/www.pogar.ch\/webnew\/?page_id=16681"},"modified":"2024-10-10T11:44:58","modified_gmt":"2024-10-10T09:44:58","slug":"protections-solaires","status":"publish","type":"page","link":"https:\/\/www.pogar.ch\/webnew\/produits\/protections-solaires\/","title":{"rendered":"Protections solaires"},"content":{"rendered":"<section class=\"wpb-content-wrapper\"><p>[vc_row css_animation=\u00a0\u00bb\u00a0\u00bb row_type=\u00a0\u00bbrow\u00a0\u00bb use_row_as_full_screen_section=\u00a0\u00bbno\u00a0\u00bb type=\u00a0\u00bbgrid\u00a0\u00bb angled_section=\u00a0\u00bbno\u00a0\u00bb text_align=\u00a0\u00bbleft\u00a0\u00bb background_image_as_pattern=\u00a0\u00bbwithout_pattern\u00a0\u00bb z_index=\u00a0\u00bb\u00a0\u00bb padding_top=\u00a0\u00bb50&Prime; padding_bottom=\u00a0\u00bb100&Prime;][vc_column][vc_separator type=\u00a0\u00bbtransparent\u00a0\u00bb thickness=\u00a0\u00bb1&Prime; up=\u00a0\u00bb-8&Prime;][vc_column_text]<\/p>\n<h5>Produits<\/h5>\n<p>[\/vc_column_text][vc_separator type=\u00a0\u00bbsmall\u00a0\u00bb position=\u00a0\u00bbleft\u00a0\u00bb up=\u00a0\u00bb6&Prime; down=\u00a0\u00bb15&Prime;][vc_column_text]<\/p>\n<h1>Protections solaires<\/h1>\n<p>[\/vc_column_text][vc_separator type=\u00a0\u00bbtransparent\u00a0\u00bb thickness=\u00a0\u00bb1&Prime; up=\u00a0\u00bb25&Prime; down=\u00a0\u00bb0&Prime;][vc_separator type=\u00a0\u00bbtransparent\u00a0\u00bb thickness=\u00a0\u00bb1&Prime; up=\u00a0\u00bb25&Prime; down=\u00a0\u00bb0&Prime;][vc_column_text][\/vc_column_text][vc_separator type=\u00a0\u00bbtransparent\u00a0\u00bb up=\u00a0\u00bb10&Prime; down=\u00a0\u00bb50&Prime;]<div class='cover_boxes' data-active-element='1'><ul class='clearfix'><li><div class='box'><a itemprop='url' class='thumb' href='https:\/\/www.pogar.ch\/webnew\/protections-solaires\/protections-solaires-toit-plat' target='_self'><img itemprop='image' alt='Toit plat' src='https:\/\/www.pogar.ch\/webnew\/wp-content\/uploads\/2019\/11\/Protections_solaires_toit_plat-carre.jpg' \/><\/a><div class='box_content'><h3 >Toit plat<\/h3><p >Les protections solaires sur mesure qui s\u2019adaptent \u00e0 tous les environnements.<\/p><a itemprop='url' class='qbutton tiny' href='https:\/\/www.pogar.ch\/webnew\/protections-solaires\/protections-solaires-toit-plat' target='_self'>Toit plat<\/a><\/div><\/div><\/li><li><div class='box'><a itemprop='url' class='thumb' href='https:\/\/www.pogar.ch\/webnew\/protections-solaires\/protections-solaires-toit-en-pente\/' target='_self'><img itemprop='image' alt='Toit en pente' src='https:\/\/www.pogar.ch\/webnew\/wp-content\/uploads\/2019\/10\/Pergolas-toit-en-pente-vignette.jpg' \/><\/a><div class='box_content'><h3 >Toit en pente<\/h3><p >Les protections solaires id\u00e9ales pour cr\u00e9er une salle \u00e0 manger ou salon ext\u00e9rieur couvert.<\/p><a itemprop='url' class='qbutton tiny' href='https:\/\/www.pogar.ch\/webnew\/protections-solaires\/protections-solaires-toit-en-pente\/' target='_self'>Toit en pente<\/a><\/div><\/div><\/li><li><div class='box'><a itemprop='url' class='thumb' href='https:\/\/www.pogar.ch\/webnew\/protections-solaires\/protections-solaires-toile-a-enroulement\/' target='_self'><img itemprop='image' alt='Toile \u00e0 enroulement' src='https:\/\/www.pogar.ch\/webnew\/wp-content\/uploads\/2019\/10\/Pergolas-toile-enroulable.jpg' \/><\/a><div class='box_content'><h3 >Toile \u00e0 enroulement<\/h3><p >Sa r\u00e9sistance au vent en fait une protection robuste.<\/p><a itemprop='url' class='qbutton tiny' href='https:\/\/www.pogar.ch\/webnew\/protections-solaires\/protections-solaires-toile-a-enroulement\/' target='_self'>Toile \u00e0 enroulement<\/a><\/div><\/div><\/li><\/ul><\/div>[vc_separator type=\u00a0\u00bbtransparent\u00a0\u00bb up=\u00a0\u00bb10&Prime;]<div class='cover_boxes' data-active-element='2'><ul class='clearfix'><li><div class='box'><a itemprop='url' class='thumb' href='https:\/\/www.pogar.ch\/webnew\/protections-solaires\/protections-solaires-banne-monobloc\/' target='_self'><img itemprop='image' alt='Banne monobloc' src='https:\/\/www.pogar.ch\/webnew\/wp-content\/uploads\/2019\/11\/Protectoin-solaire-banne-monobloc-vignette.jpg' \/><\/a><div class='box_content'><h3 >Banne monobloc<\/h3><p >Des protections solaires minimalistes, fonctionnelles et modernes<\/p><a itemprop='url' class='qbutton tiny' href='https:\/\/www.pogar.ch\/webnew\/protections-solaires\/protections-solaires-banne-monobloc\/' target='_self'>Banne monobloc<\/a><\/div><\/div><\/li><li><div class='box'><a itemprop='url' class='thumb' href='https:\/\/www.pogar.ch\/webnew\/produits\/protections-solaires\/protections-solaires-avec-coffre\/' target='_self'><img itemprop='image' alt='Banne avec coffre' src='https:\/\/www.pogar.ch\/webnew\/wp-content\/uploads\/2019\/11\/Protectoin-solaire-banne-coffre-vignette.jpg' \/><\/a><div class='box_content'><h3 >Banne avec coffre<\/h3><p >D\u00e9couvrez une s\u00e9lection de protections solaires bannes avec coffre design derni\u00e8re g\u00e9n\u00e9ration<\/p><a itemprop='url' class='qbutton tiny' href='https:\/\/www.pogar.ch\/webnew\/produits\/protections-solaires\/protections-solaires-avec-coffre\/' target='_self'>Banne avec coffre<\/a><\/div><\/div><\/li><li><div class='box'><a itemprop='url' class='thumb' href='' target='_self'><img itemprop='image' alt='' src='' \/><\/a><div class='box_content'><h3 ><\/h3><p ><\/p><\/div><\/div><\/li><\/ul><\/div>[\/vc_column][\/vc_row]<\/p>\n<\/section>","protected":false},"excerpt":{"rendered":"<p>[vc_row css_animation=\u00a0\u00bb\u00a0\u00bb row_type=\u00a0\u00bbrow\u00a0\u00bb use_row_as_full_screen_section=\u00a0\u00bbno\u00a0\u00bb type=\u00a0\u00bbgrid\u00a0\u00bb angled_section=\u00a0\u00bbno\u00a0\u00bb text_align=\u00a0\u00bbleft\u00a0\u00bb background_image_as_pattern=\u00a0\u00bbwithout_pattern\u00a0\u00bb z_index=\u00a0\u00bb\u00a0\u00bb padding_top=\u00a0\u00bb50&Prime; padding_bottom=\u00a0\u00bb100&Prime;][vc_column][vc_separator type=\u00a0\u00bbtransparent\u00a0\u00bb thickness=\u00a0\u00bb1&Prime; up=\u00a0\u00bb-8&Prime;][vc_column_text] Produits [\/vc_column_text][vc_separator type=\u00a0\u00bbsmall\u00a0\u00bb position=\u00a0\u00bbleft\u00a0\u00bb up=\u00a0\u00bb6&Prime; down=\u00a0\u00bb15&Prime;][vc_column_text] Protections solaires [\/vc_column_text][vc_separator type=\u00a0\u00bbtransparent\u00a0\u00bb thickness=\u00a0\u00bb1&Prime; up=\u00a0\u00bb25&Prime; down=\u00a0\u00bb0&Prime;][vc_separator type=\u00a0\u00bbtransparent\u00a0\u00bb thickness=\u00a0\u00bb1&Prime; up=\u00a0\u00bb25&Prime; down=\u00a0\u00bb0&Prime;][vc_column_text][\/vc_column_text][vc_separator type=\u00a0\u00bbtransparent\u00a0\u00bb up=\u00a0\u00bb10&Prime; down=\u00a0\u00bb50&Prime;][vc_separator type=\u00a0\u00bbtransparent\u00a0\u00bb up=\u00a0\u00bb10&Prime;][\/vc_column][\/vc_row]<\/p>\n","protected":false},"author":1,"featured_media":0,"parent":15425,"menu_order":0,"comment_status":"closed","ping_status":"closed","template":"full_width.php","meta":[],"yoast_head":"<!-- This site is optimized with the Yoast SEO Premium plugin v20.9 (Yoast SEO v20.9) - https:\/\/yoast.com\/wordpress\/plugins\/seo\/ -->\n<title>Protections solaires - Pogar S.A.<\/title>\n<meta name=\"description\" content=\"Protections solaires habitation, protections solaires toit plats, protections solaires toits en pente, avec coffre, banne monobloc, voiles d&#039;ombrage, etc.\" \/>\n<meta name=\"robots\" content=\"index, follow, max-snippet:-1, max-image-preview:large, max-video-preview:-1\" \/>\n<link rel=\"canonical\" href=\"https:\/\/www.pogar.ch\/webnew\/produits\/protections-solaires\/\" \/>\n<meta property=\"og:locale\" content=\"fr_FR\" \/>\n<meta property=\"og:type\" content=\"article\" \/>\n<meta property=\"og:title\" content=\"Protections solaires\" \/>\n<meta property=\"og:description\" content=\"Protections solaires habitation, protections solaires toit plats, protections solaires toits en pente, avec coffre, banne monobloc, voiles d&#039;ombrage, etc.\" \/>\n<meta property=\"og:url\" content=\"https:\/\/www.pogar.ch\/webnew\/produits\/protections-solaires\/\" \/>\n<meta property=\"og:site_name\" content=\"Pogar S.A.\" \/>\n<meta property=\"article:publisher\" content=\"https:\/\/www.facebook.com\/POGAR-Team-139006666269936\/\" \/>\n<meta property=\"article:modified_time\" content=\"2024-10-10T09:44:58+00:00\" \/>\n<meta name=\"twitter:card\" content=\"summary_large_image\" \/>\n<meta name=\"twitter:label1\" content=\"Dur\u00e9e de lecture estim\u00e9e\" \/>\n\t<meta name=\"twitter:data1\" content=\"1 minute\" \/>\n<script type=\"application\/ld+json\" class=\"yoast-schema-graph\">{\"@context\":\"https:\/\/schema.org\",\"@graph\":[{\"@type\":\"WebPage\",\"@id\":\"https:\/\/www.pogar.ch\/webnew\/produits\/protections-solaires\/\",\"url\":\"https:\/\/www.pogar.ch\/webnew\/produits\/protections-solaires\/\",\"name\":\"Protections solaires - Pogar S.A.\",\"isPartOf\":{\"@id\":\"https:\/\/www.pogar.ch\/webnew\/#website\"},\"datePublished\":\"2019-11-02T09:36:34+00:00\",\"dateModified\":\"2024-10-10T09:44:58+00:00\",\"description\":\"Protections solaires habitation, protections solaires toit plats, protections solaires toits en pente, avec coffre, banne monobloc, voiles d'ombrage, etc.\",\"breadcrumb\":{\"@id\":\"https:\/\/www.pogar.ch\/webnew\/produits\/protections-solaires\/#breadcrumb\"},\"inLanguage\":\"fr-FR\",\"potentialAction\":[{\"@type\":\"ReadAction\",\"target\":[\"https:\/\/www.pogar.ch\/webnew\/produits\/protections-solaires\/\"]}]},{\"@type\":\"BreadcrumbList\",\"@id\":\"https:\/\/www.pogar.ch\/webnew\/produits\/protections-solaires\/#breadcrumb\",\"itemListElement\":[{\"@type\":\"ListItem\",\"position\":1,\"name\":\"Accueil\",\"item\":\"https:\/\/www.pogar.ch\/webnew\/\"},{\"@type\":\"ListItem\",\"position\":2,\"name\":\"Tous les produits\",\"item\":\"https:\/\/www.pogar.ch\/webnew\/produits\/\"},{\"@type\":\"ListItem\",\"position\":3,\"name\":\"Protections solaires\"}]},{\"@type\":\"WebSite\",\"@id\":\"https:\/\/www.pogar.ch\/webnew\/#website\",\"url\":\"https:\/\/www.pogar.ch\/webnew\/\",\"name\":\"Pogar S.A.\",\"description\":\"Portes de garage - Portes d&#039;entr\u00e9e - Portails\",\"publisher\":{\"@id\":\"https:\/\/www.pogar.ch\/webnew\/#organization\"},\"potentialAction\":[{\"@type\":\"SearchAction\",\"target\":{\"@type\":\"EntryPoint\",\"urlTemplate\":\"https:\/\/www.pogar.ch\/webnew\/?s={search_term_string}\"},\"query-input\":\"required name=search_term_string\"}],\"inLanguage\":\"fr-FR\"},{\"@type\":\"Organization\",\"@id\":\"https:\/\/www.pogar.ch\/webnew\/#organization\",\"name\":\"Pogar S.A.\",\"url\":\"https:\/\/www.pogar.ch\/webnew\/\",\"logo\":{\"@type\":\"ImageObject\",\"inLanguage\":\"fr-FR\",\"@id\":\"https:\/\/www.pogar.ch\/webnew\/#\/schema\/logo\/image\/\",\"url\":\"https:\/\/www.pogar.ch\/webnew\/wp-content\/uploads\/2019\/09\/logo-positif-pogar.png\",\"contentUrl\":\"https:\/\/www.pogar.ch\/webnew\/wp-content\/uploads\/2019\/09\/logo-positif-pogar.png\",\"width\":254,\"height\":210,\"caption\":\"Pogar S.A.\"},\"image\":{\"@id\":\"https:\/\/www.pogar.ch\/webnew\/#\/schema\/logo\/image\/\"},\"sameAs\":[\"https:\/\/www.facebook.com\/POGAR-Team-139006666269936\/\",\"https:\/\/www.instagram.com\/pogar_sa\/\",\"https:\/\/www.linkedin.com\/company\/81284588\/\"]}]}<\/script>\n<!-- \/ Yoast SEO Premium plugin. -->","yoast_head_json":{"title":"Protections solaires - Pogar S.A.","description":"Protections solaires habitation, protections solaires toit plats, protections solaires toits en pente, avec coffre, banne monobloc, voiles d'ombrage, etc.","robots":{"index":"index","follow":"follow","max-snippet":"max-snippet:-1","max-image-preview":"max-image-preview:large","max-video-preview":"max-video-preview:-1"},"canonical":"https:\/\/www.pogar.ch\/webnew\/produits\/protections-solaires\/","og_locale":"fr_FR","og_type":"article","og_title":"Protections solaires","og_description":"Protections solaires habitation, protections solaires toit plats, protections solaires toits en pente, avec coffre, banne monobloc, voiles d'ombrage, etc.","og_url":"https:\/\/www.pogar.ch\/webnew\/produits\/protections-solaires\/","og_site_name":"Pogar S.A.","article_publisher":"https:\/\/www.facebook.com\/POGAR-Team-139006666269936\/","article_modified_time":"2024-10-10T09:44:58+00:00","twitter_card":"summary_large_image","twitter_misc":{"Dur\u00e9e de lecture estim\u00e9e":"1 minute"},"schema":{"@context":"https:\/\/schema.org","@graph":[{"@type":"WebPage","@id":"https:\/\/www.pogar.ch\/webnew\/produits\/protections-solaires\/","url":"https:\/\/www.pogar.ch\/webnew\/produits\/protections-solaires\/","name":"Protections solaires - Pogar S.A.","isPartOf":{"@id":"https:\/\/www.pogar.ch\/webnew\/#website"},"datePublished":"2019-11-02T09:36:34+00:00","dateModified":"2024-10-10T09:44:58+00:00","description":"Protections solaires habitation, protections solaires toit plats, protections solaires toits en pente, avec coffre, banne monobloc, voiles d'ombrage, etc.","breadcrumb":{"@id":"https:\/\/www.pogar.ch\/webnew\/produits\/protections-solaires\/#breadcrumb"},"inLanguage":"fr-FR","potentialAction":[{"@type":"ReadAction","target":["https:\/\/www.pogar.ch\/webnew\/produits\/protections-solaires\/"]}]},{"@type":"BreadcrumbList","@id":"https:\/\/www.pogar.ch\/webnew\/produits\/protections-solaires\/#breadcrumb","itemListElement":[{"@type":"ListItem","position":1,"name":"Accueil","item":"https:\/\/www.pogar.ch\/webnew\/"},{"@type":"ListItem","position":2,"name":"Tous les produits","item":"https:\/\/www.pogar.ch\/webnew\/produits\/"},{"@type":"ListItem","position":3,"name":"Protections solaires"}]},{"@type":"WebSite","@id":"https:\/\/www.pogar.ch\/webnew\/#website","url":"https:\/\/www.pogar.ch\/webnew\/","name":"Pogar S.A.","description":"Portes de garage - Portes d&#039;entr\u00e9e - Portails","publisher":{"@id":"https:\/\/www.pogar.ch\/webnew\/#organization"},"potentialAction":[{"@type":"SearchAction","target":{"@type":"EntryPoint","urlTemplate":"https:\/\/www.pogar.ch\/webnew\/?s={search_term_string}"},"query-input":"required name=search_term_string"}],"inLanguage":"fr-FR"},{"@type":"Organization","@id":"https:\/\/www.pogar.ch\/webnew\/#organization","name":"Pogar S.A.","url":"https:\/\/www.pogar.ch\/webnew\/","logo":{"@type":"ImageObject","inLanguage":"fr-FR","@id":"https:\/\/www.pogar.ch\/webnew\/#\/schema\/logo\/image\/","url":"https:\/\/www.pogar.ch\/webnew\/wp-content\/uploads\/2019\/09\/logo-positif-pogar.png","contentUrl":"https:\/\/www.pogar.ch\/webnew\/wp-content\/uploads\/2019\/09\/logo-positif-pogar.png","width":254,"height":210,"caption":"Pogar S.A."},"image":{"@id":"https:\/\/www.pogar.ch\/webnew\/#\/schema\/logo\/image\/"},"sameAs":["https:\/\/www.facebook.com\/POGAR-Team-139006666269936\/","https:\/\/www.instagram.com\/pogar_sa\/","https:\/\/www.linkedin.com\/company\/81284588\/"]}]}},"_links":{"self":[{"href":"https:\/\/www.pogar.ch\/webnew\/wp-json\/wp\/v2\/pages\/16681"}],"collection":[{"href":"https:\/\/www.pogar.ch\/webnew\/wp-json\/wp\/v2\/pages"}],"about":[{"href":"https:\/\/www.pogar.ch\/webnew\/wp-json\/wp\/v2\/types\/page"}],"author":[{"embeddable":true,"href":"https:\/\/www.pogar.ch\/webnew\/wp-json\/wp\/v2\/users\/1"}],"replies":[{"embeddable":true,"href":"https:\/\/www.pogar.ch\/webnew\/wp-json\/wp\/v2\/comments?post=16681"}],"version-history":[{"count":22,"href":"https:\/\/www.pogar.ch\/webnew\/wp-json\/wp\/v2\/pages\/16681\/revisions"}],"predecessor-version":[{"id":17919,"href":"https:\/\/www.pogar.ch\/webnew\/wp-json\/wp\/v2\/pages\/16681\/revisions\/17919"}],"up":[{"embeddable":true,"href":"https:\/\/www.pogar.ch\/webnew\/wp-json\/wp\/v2\/pages\/15425"}],"wp:attachment":[{"href":"https:\/\/www.pogar.ch\/webnew\/wp-json\/wp\/v2\/media?parent=16681"}],"curies":[{"name":"wp","href":"https:\/\/api.w.org\/{rel}","templated":true}]}}