{"id":16620,"date":"2019-10-24T09:16:24","date_gmt":"2019-10-24T07:16:24","guid":{"rendered":"https:\/\/www.pogar.ch\/webnew\/?page_id=16620"},"modified":"2024-02-09T18:25:16","modified_gmt":"2024-02-09T17:25:16","slug":"grilles-de-securite","status":"publish","type":"page","link":"https:\/\/www.pogar.ch\/webnew\/produits\/grilles-de-securite\/","title":{"rendered":"Grilles de s\u00e9curit\u00e9"},"content":{"rendered":"<section class=\"wpb-content-wrapper\"><p>[vc_row css_animation=\u00a0\u00bb\u00a0\u00bb row_type=\u00a0\u00bbrow\u00a0\u00bb use_row_as_full_screen_section=\u00a0\u00bbno\u00a0\u00bb type=\u00a0\u00bbgrid\u00a0\u00bb angled_section=\u00a0\u00bbno\u00a0\u00bb text_align=\u00a0\u00bbleft\u00a0\u00bb background_image_as_pattern=\u00a0\u00bbwithout_pattern\u00a0\u00bb z_index=\u00a0\u00bb\u00a0\u00bb padding_bottom=\u00a0\u00bb0&Prime; padding_top=\u00a0\u00bb50&Prime;][vc_column][vc_separator type=\u00a0\u00bbtransparent\u00a0\u00bb thickness=\u00a0\u00bb1&Prime; up=\u00a0\u00bb-8&Prime;][vc_column_text]<\/p>\n<h5>Produits<\/h5>\n<p>[\/vc_column_text][vc_separator type=\u00a0\u00bbsmall\u00a0\u00bb position=\u00a0\u00bbleft\u00a0\u00bb up=\u00a0\u00bb6&Prime; down=\u00a0\u00bb15&Prime;][vc_column_text]<\/p>\n<h1>Grilles de s\u00e9curit\u00e9<\/h1>\n<p>[\/vc_column_text][vc_separator type=\u00a0\u00bbtransparent\u00a0\u00bb thickness=\u00a0\u00bb1&Prime; up=\u00a0\u00bb25&Prime; down=\u00a0\u00bb0&Prime;][vc_column_text]Grilles de s\u00e9curit\u00e9 disponibles chez POGAR SA.[\/vc_column_text][\/vc_column][\/vc_row][vc_row css_animation=\u00a0\u00bb\u00a0\u00bb row_type=\u00a0\u00bbrow\u00a0\u00bb use_row_as_full_screen_section=\u00a0\u00bbno\u00a0\u00bb type=\u00a0\u00bbgrid\u00a0\u00bb angled_section=\u00a0\u00bbno\u00a0\u00bb text_align=\u00a0\u00bbleft\u00a0\u00bb background_image_as_pattern=\u00a0\u00bbwithout_pattern\u00a0\u00bb z_index=\u00a0\u00bb\u00a0\u00bb padding_bottom=\u00a0\u00bb20&Prime; padding_top=\u00a0\u00bb50&Prime;][vc_column width=\u00a0\u00bb1\/4&Prime;]<a  itemprop=\"url\" href=\"#grillesdesecurite\" target=\"_self\"  class=\"qbutton  default\" style=\"\">Exemples grilles de s\u00e9curit\u00e9 &gt;<\/a>[\/vc_column][vc_column width=\u00a0\u00bb1\/4&Prime;][\/vc_column][vc_column width=\u00a0\u00bb1\/4&Prime;][\/vc_column][vc_column width=\u00a0\u00bb1\/4&Prime;][\/vc_column][\/vc_row][vc_row css_animation=\u00a0\u00bb\u00a0\u00bb row_type=\u00a0\u00bbrow\u00a0\u00bb use_row_as_full_screen_section=\u00a0\u00bbno\u00a0\u00bb type=\u00a0\u00bbgrid\u00a0\u00bb angled_section=\u00a0\u00bbno\u00a0\u00bb text_align=\u00a0\u00bbleft\u00a0\u00bb background_image_as_pattern=\u00a0\u00bbwithout_pattern\u00a0\u00bb z_index=\u00a0\u00bb\u00a0\u00bb padding_bottom=\u00a0\u00bb0&Prime; padding_top=\u00a0\u00bb50&Prime;][vc_column][vc_column_text]<\/p>\n<h2>Les grilles et rideaux r\u00e9pondent aux plus hautes exigences de s\u00e9curit\u00e9.<\/h2>\n<ul>\n<li>Axe renforc\u00e9<\/li>\n<li>Agrafes haute r\u00e9sistance<\/li>\n<li>Man\u0153uvre manuelle ou motoris\u00e9e<\/li>\n<li>Acier galvanis\u00e9 1er choix<\/li>\n<li>Pare-chute<\/li>\n<li>Lame finale renforc\u00e9e<\/li>\n<\/ul>\n<p>&nbsp;<\/p>\n<p>La grille \u00e0 rouleau dispose d\u2019un syst\u00e8me d\u2019enroulement rapide et s\u00e9curis\u00e9. Elle s\u2019adapte aussi bien \u00e0 un montage en ext\u00e9rieur qu\u2019en int\u00e9rieur.<\/p>\n<p>La grille extensible en acier galvanis\u00e9 permet une fermeture s\u00fbre et efficace. Disponible tant pour l\u2019industrie que pour les particuliers. Montage avec un ou deux vantaux.[\/vc_column_text][\/vc_column][\/vc_row][vc_row css_animation=\u00a0\u00bb\u00a0\u00bb row_type=\u00a0\u00bbrow\u00a0\u00bb use_row_as_full_screen_section=\u00a0\u00bbno\u00a0\u00bb type=\u00a0\u00bbgrid\u00a0\u00bb angled_section=\u00a0\u00bbno\u00a0\u00bb text_align=\u00a0\u00bbleft\u00a0\u00bb background_image_as_pattern=\u00a0\u00bbwithout_pattern\u00a0\u00bb z_index=\u00a0\u00bb\u00a0\u00bb padding_bottom=\u00a0\u00bb20&Prime; padding_top=\u00a0\u00bb50&Prime;][vc_column css=\u00a0\u00bb.vc_custom_1655576646318{padding-bottom: 20px !important;}\u00a0\u00bb]<a  itemprop=\"url\" href=\"https:\/\/www.pogar.ch\/webnew\/services\/demande-de-devis\/\" target=\"_self\"  class=\"qbutton  default\" style=\"margin: 20px 0px 0px 0px; \">Demander un devis gratuit<\/a>[\/vc_column][\/vc_row][vc_row css_animation=\u00a0\u00bb\u00a0\u00bb row_type=\u00a0\u00bbrow\u00a0\u00bb use_row_as_full_screen_section=\u00a0\u00bbno\u00a0\u00bb type=\u00a0\u00bbgrid\u00a0\u00bb angled_section=\u00a0\u00bbno\u00a0\u00bb text_align=\u00a0\u00bbleft\u00a0\u00bb background_image_as_pattern=\u00a0\u00bbwithout_pattern\u00a0\u00bb z_index=\u00a0\u00bb\u00a0\u00bb padding_bottom=\u00a0\u00bb100&Prime; padding_top=\u00a0\u00bb50&Prime; anchor=\u00a0\u00bbgrillesdesecurite\u00a0\u00bb][vc_column][vc_column_text]<\/p>\n<h3><span style=\"color: #3d3d3d;\">Grilles de s\u00e9curit\u00e9<\/span><\/h3>\n<p>[\/vc_column_text][vc_separator type=\u00a0\u00bbsmall\u00a0\u00bb position=\u00a0\u00bbleft\u00a0\u00bb up=\u00a0\u00bb12&Prime; down=\u00a0\u00bb30&Prime;]<div class=\"qode-advanced-image-gallery  qode-aig-grid-type qode-small-space   \">\n\t<div class=\"qode-aig-inner qode-outer-space qode-aig-grid qode-aig-two-columns\">\n\t\t\t\t\t<div class=\"qode-aig-image qode-item-space\">\n\t\t\t\t<div class=\"qode-aig-image-inner\">\n\t\t\t\t\t\t\t\t\t\t\t<img width=\"770\" height=\"533\" src=\"https:\/\/www.pogar.ch\/webnew\/wp-content\/uploads\/2019\/10\/Grilles_de_securite-Pogar-01.jpg\" class=\"attachment-full size-full\" alt=\"\" decoding=\"async\" loading=\"lazy\" srcset=\"https:\/\/www.pogar.ch\/webnew\/wp-content\/uploads\/2019\/10\/Grilles_de_securite-Pogar-01.jpg 770w, https:\/\/www.pogar.ch\/webnew\/wp-content\/uploads\/2019\/10\/Grilles_de_securite-Pogar-01-300x208.jpg 300w, https:\/\/www.pogar.ch\/webnew\/wp-content\/uploads\/2019\/10\/Grilles_de_securite-Pogar-01-768x532.jpg 768w, https:\/\/www.pogar.ch\/webnew\/wp-content\/uploads\/2019\/10\/Grilles_de_securite-Pogar-01-700x485.jpg 700w\" sizes=\"(max-width: 770px) 100vw, 770px\" \/>\t\t\t\t\t\t<span class=\"aig-gallery-hover\">\n\t\t\t\t\t\t\t\t\t\t\t\t\t<\/span>\n\t\t\t\t\t\t\t\t\t<\/div>\n\t\t\t<\/div>\n\t\t\t\t\t<div class=\"qode-aig-image qode-item-space\">\n\t\t\t\t<div class=\"qode-aig-image-inner\">\n\t\t\t\t\t\t\t\t\t\t\t<img width=\"770\" height=\"533\" src=\"https:\/\/www.pogar.ch\/webnew\/wp-content\/uploads\/2019\/10\/Grilles_de_securite-Pogar-02.jpg\" class=\"attachment-full size-full\" alt=\"\" decoding=\"async\" loading=\"lazy\" srcset=\"https:\/\/www.pogar.ch\/webnew\/wp-content\/uploads\/2019\/10\/Grilles_de_securite-Pogar-02.jpg 770w, https:\/\/www.pogar.ch\/webnew\/wp-content\/uploads\/2019\/10\/Grilles_de_securite-Pogar-02-300x208.jpg 300w, https:\/\/www.pogar.ch\/webnew\/wp-content\/uploads\/2019\/10\/Grilles_de_securite-Pogar-02-768x532.jpg 768w, https:\/\/www.pogar.ch\/webnew\/wp-content\/uploads\/2019\/10\/Grilles_de_securite-Pogar-02-700x485.jpg 700w\" sizes=\"(max-width: 770px) 100vw, 770px\" \/>\t\t\t\t\t\t<span class=\"aig-gallery-hover\">\n\t\t\t\t\t\t\t\t\t\t\t\t\t<\/span>\n\t\t\t\t\t\t\t\t\t<\/div>\n\t\t\t<\/div>\n\t\t\t\t\t<div class=\"qode-aig-image qode-item-space\">\n\t\t\t\t<div class=\"qode-aig-image-inner\">\n\t\t\t\t\t\t\t\t\t\t\t<img width=\"770\" height=\"533\" src=\"https:\/\/www.pogar.ch\/webnew\/wp-content\/uploads\/2019\/10\/Grilles_de_securite-Pogar-03.jpg\" class=\"attachment-full size-full\" alt=\"\" decoding=\"async\" loading=\"lazy\" srcset=\"https:\/\/www.pogar.ch\/webnew\/wp-content\/uploads\/2019\/10\/Grilles_de_securite-Pogar-03.jpg 770w, https:\/\/www.pogar.ch\/webnew\/wp-content\/uploads\/2019\/10\/Grilles_de_securite-Pogar-03-300x208.jpg 300w, https:\/\/www.pogar.ch\/webnew\/wp-content\/uploads\/2019\/10\/Grilles_de_securite-Pogar-03-768x532.jpg 768w, https:\/\/www.pogar.ch\/webnew\/wp-content\/uploads\/2019\/10\/Grilles_de_securite-Pogar-03-700x485.jpg 700w\" sizes=\"(max-width: 770px) 100vw, 770px\" \/>\t\t\t\t\t\t<span class=\"aig-gallery-hover\">\n\t\t\t\t\t\t\t\t\t\t\t\t\t<\/span>\n\t\t\t\t\t\t\t\t\t<\/div>\n\t\t\t<\/div>\n\t\t\t<\/div>\n<\/div>[\/vc_column][\/vc_row][vc_row css_animation=\u00a0\u00bb\u00a0\u00bb row_type=\u00a0\u00bbrow\u00a0\u00bb use_row_as_full_screen_section=\u00a0\u00bbno\u00a0\u00bb type=\u00a0\u00bbgrid\u00a0\u00bb angled_section=\u00a0\u00bbno\u00a0\u00bb text_align=\u00a0\u00bbleft\u00a0\u00bb background_image_as_pattern=\u00a0\u00bbwithout_pattern\u00a0\u00bb z_index=\u00a0\u00bb\u00a0\u00bb padding_bottom=\u00a0\u00bb20&Prime; padding_top=\u00a0\u00bb50&Prime;][vc_column css=\u00a0\u00bb.vc_custom_1655576646318{padding-bottom: 20px !important;}\u00a0\u00bb]<a  itemprop=\"url\" href=\"https:\/\/www.pogar.ch\/webnew\/services\/demande-de-devis\/\" target=\"_self\"  class=\"qbutton  default\" style=\"margin: 20px 0px 0px 0px; \">Demander un devis gratuit<\/a>[\/vc_column][\/vc_row]<\/p>\n<\/section>","protected":false},"excerpt":{"rendered":"<p>[vc_row css_animation=\u00a0\u00bb\u00a0\u00bb row_type=\u00a0\u00bbrow\u00a0\u00bb use_row_as_full_screen_section=\u00a0\u00bbno\u00a0\u00bb type=\u00a0\u00bbgrid\u00a0\u00bb angled_section=\u00a0\u00bbno\u00a0\u00bb text_align=\u00a0\u00bbleft\u00a0\u00bb background_image_as_pattern=\u00a0\u00bbwithout_pattern\u00a0\u00bb z_index=\u00a0\u00bb\u00a0\u00bb padding_bottom=\u00a0\u00bb0&Prime; padding_top=\u00a0\u00bb50&Prime;][vc_column][vc_separator type=\u00a0\u00bbtransparent\u00a0\u00bb thickness=\u00a0\u00bb1&Prime; up=\u00a0\u00bb-8&Prime;][vc_column_text] Produits [\/vc_column_text][vc_separator type=\u00a0\u00bbsmall\u00a0\u00bb position=\u00a0\u00bbleft\u00a0\u00bb up=\u00a0\u00bb6&Prime; down=\u00a0\u00bb15&Prime;][vc_column_text] Grilles de s\u00e9curit\u00e9 [\/vc_column_text][vc_separator type=\u00a0\u00bbtransparent\u00a0\u00bb thickness=\u00a0\u00bb1&Prime; up=\u00a0\u00bb25&Prime; down=\u00a0\u00bb0&Prime;][vc_column_text]Grilles de s\u00e9curit\u00e9 disponibles chez POGAR SA.[\/vc_column_text][\/vc_column][\/vc_row][vc_row css_animation=\u00a0\u00bb\u00a0\u00bb row_type=\u00a0\u00bbrow\u00a0\u00bb use_row_as_full_screen_section=\u00a0\u00bbno\u00a0\u00bb type=\u00a0\u00bbgrid\u00a0\u00bb angled_section=\u00a0\u00bbno\u00a0\u00bb text_align=\u00a0\u00bbleft\u00a0\u00bb background_image_as_pattern=\u00a0\u00bbwithout_pattern\u00a0\u00bb z_index=\u00a0\u00bb\u00a0\u00bb padding_bottom=\u00a0\u00bb20&Prime; padding_top=\u00a0\u00bb50&Prime;][vc_column width=\u00a0\u00bb1\/4&Prime;][\/vc_column][vc_column&#8230;<\/p>\n","protected":false},"author":1,"featured_media":0,"parent":15425,"menu_order":0,"comment_status":"closed","ping_status":"closed","template":"full_width.php","meta":[],"yoast_head":"<!-- This site is optimized with the Yoast SEO Premium plugin v20.9 (Yoast SEO v20.9) - https:\/\/yoast.com\/wordpress\/plugins\/seo\/ -->\n<title>Grilles de s\u00e9curit\u00e9 - Pogar S.A.<\/title>\n<meta name=\"description\" content=\"Les grilles et rideaux r\u00e9pondent aux plus hautes exigences de s\u00e9curit\u00e9. Axe renforc\u00e9, Agrafes haute r\u00e9sistance, Man\u0153uvre manuelle ou motoris\u00e9e.\" \/>\n<meta name=\"robots\" content=\"index, follow, max-snippet:-1, max-image-preview:large, max-video-preview:-1\" \/>\n<link rel=\"canonical\" href=\"https:\/\/www.pogar.ch\/webnew\/produits\/grilles-de-securite\/\" \/>\n<meta property=\"og:locale\" content=\"fr_FR\" \/>\n<meta property=\"og:type\" content=\"article\" \/>\n<meta property=\"og:title\" content=\"Grilles de s\u00e9curit\u00e9\" \/>\n<meta property=\"og:description\" content=\"Les grilles et rideaux r\u00e9pondent aux plus hautes exigences de s\u00e9curit\u00e9. Axe renforc\u00e9, Agrafes haute r\u00e9sistance, Man\u0153uvre manuelle ou motoris\u00e9e.\" \/>\n<meta property=\"og:url\" content=\"https:\/\/www.pogar.ch\/webnew\/produits\/grilles-de-securite\/\" \/>\n<meta property=\"og:site_name\" content=\"Pogar S.A.\" \/>\n<meta property=\"article:publisher\" content=\"https:\/\/www.facebook.com\/POGAR-Team-139006666269936\/\" \/>\n<meta property=\"article:modified_time\" content=\"2024-02-09T17:25:16+00:00\" \/>\n<meta name=\"twitter:card\" content=\"summary_large_image\" \/>\n<meta name=\"twitter:label1\" content=\"Dur\u00e9e de lecture estim\u00e9e\" \/>\n\t<meta name=\"twitter:data1\" content=\"2 minutes\" \/>\n<script type=\"application\/ld+json\" class=\"yoast-schema-graph\">{\"@context\":\"https:\/\/schema.org\",\"@graph\":[{\"@type\":\"WebPage\",\"@id\":\"https:\/\/www.pogar.ch\/webnew\/produits\/grilles-de-securite\/\",\"url\":\"https:\/\/www.pogar.ch\/webnew\/produits\/grilles-de-securite\/\",\"name\":\"Grilles de s\u00e9curit\u00e9 - Pogar S.A.\",\"isPartOf\":{\"@id\":\"https:\/\/www.pogar.ch\/webnew\/#website\"},\"datePublished\":\"2019-10-24T07:16:24+00:00\",\"dateModified\":\"2024-02-09T17:25:16+00:00\",\"description\":\"Les grilles et rideaux r\u00e9pondent aux plus hautes exigences de s\u00e9curit\u00e9. Axe renforc\u00e9, Agrafes haute r\u00e9sistance, Man\u0153uvre manuelle ou motoris\u00e9e.\",\"breadcrumb\":{\"@id\":\"https:\/\/www.pogar.ch\/webnew\/produits\/grilles-de-securite\/#breadcrumb\"},\"inLanguage\":\"fr-FR\",\"potentialAction\":[{\"@type\":\"ReadAction\",\"target\":[\"https:\/\/www.pogar.ch\/webnew\/produits\/grilles-de-securite\/\"]}]},{\"@type\":\"BreadcrumbList\",\"@id\":\"https:\/\/www.pogar.ch\/webnew\/produits\/grilles-de-securite\/#breadcrumb\",\"itemListElement\":[{\"@type\":\"ListItem\",\"position\":1,\"name\":\"Accueil\",\"item\":\"https:\/\/www.pogar.ch\/webnew\/\"},{\"@type\":\"ListItem\",\"position\":2,\"name\":\"Tous les produits\",\"item\":\"https:\/\/www.pogar.ch\/webnew\/produits\/\"},{\"@type\":\"ListItem\",\"position\":3,\"name\":\"Grilles de s\u00e9curit\u00e9\"}]},{\"@type\":\"WebSite\",\"@id\":\"https:\/\/www.pogar.ch\/webnew\/#website\",\"url\":\"https:\/\/www.pogar.ch\/webnew\/\",\"name\":\"Pogar S.A.\",\"description\":\"Portes de garage - Portes d&#039;entr\u00e9e - Portails\",\"publisher\":{\"@id\":\"https:\/\/www.pogar.ch\/webnew\/#organization\"},\"potentialAction\":[{\"@type\":\"SearchAction\",\"target\":{\"@type\":\"EntryPoint\",\"urlTemplate\":\"https:\/\/www.pogar.ch\/webnew\/?s={search_term_string}\"},\"query-input\":\"required name=search_term_string\"}],\"inLanguage\":\"fr-FR\"},{\"@type\":\"Organization\",\"@id\":\"https:\/\/www.pogar.ch\/webnew\/#organization\",\"name\":\"Pogar S.A.\",\"url\":\"https:\/\/www.pogar.ch\/webnew\/\",\"logo\":{\"@type\":\"ImageObject\",\"inLanguage\":\"fr-FR\",\"@id\":\"https:\/\/www.pogar.ch\/webnew\/#\/schema\/logo\/image\/\",\"url\":\"https:\/\/www.pogar.ch\/webnew\/wp-content\/uploads\/2019\/09\/logo-positif-pogar.png\",\"contentUrl\":\"https:\/\/www.pogar.ch\/webnew\/wp-content\/uploads\/2019\/09\/logo-positif-pogar.png\",\"width\":254,\"height\":210,\"caption\":\"Pogar S.A.\"},\"image\":{\"@id\":\"https:\/\/www.pogar.ch\/webnew\/#\/schema\/logo\/image\/\"},\"sameAs\":[\"https:\/\/www.facebook.com\/POGAR-Team-139006666269936\/\",\"https:\/\/www.instagram.com\/pogar_sa\/\",\"https:\/\/www.linkedin.com\/company\/81284588\/\"]}]}<\/script>\n<!-- \/ Yoast SEO Premium plugin. -->","yoast_head_json":{"title":"Grilles de s\u00e9curit\u00e9 - Pogar S.A.","description":"Les grilles et rideaux r\u00e9pondent aux plus hautes exigences de s\u00e9curit\u00e9. Axe renforc\u00e9, Agrafes haute r\u00e9sistance, Man\u0153uvre manuelle ou motoris\u00e9e.","robots":{"index":"index","follow":"follow","max-snippet":"max-snippet:-1","max-image-preview":"max-image-preview:large","max-video-preview":"max-video-preview:-1"},"canonical":"https:\/\/www.pogar.ch\/webnew\/produits\/grilles-de-securite\/","og_locale":"fr_FR","og_type":"article","og_title":"Grilles de s\u00e9curit\u00e9","og_description":"Les grilles et rideaux r\u00e9pondent aux plus hautes exigences de s\u00e9curit\u00e9. Axe renforc\u00e9, Agrafes haute r\u00e9sistance, Man\u0153uvre manuelle ou motoris\u00e9e.","og_url":"https:\/\/www.pogar.ch\/webnew\/produits\/grilles-de-securite\/","og_site_name":"Pogar S.A.","article_publisher":"https:\/\/www.facebook.com\/POGAR-Team-139006666269936\/","article_modified_time":"2024-02-09T17:25:16+00:00","twitter_card":"summary_large_image","twitter_misc":{"Dur\u00e9e de lecture estim\u00e9e":"2 minutes"},"schema":{"@context":"https:\/\/schema.org","@graph":[{"@type":"WebPage","@id":"https:\/\/www.pogar.ch\/webnew\/produits\/grilles-de-securite\/","url":"https:\/\/www.pogar.ch\/webnew\/produits\/grilles-de-securite\/","name":"Grilles de s\u00e9curit\u00e9 - Pogar S.A.","isPartOf":{"@id":"https:\/\/www.pogar.ch\/webnew\/#website"},"datePublished":"2019-10-24T07:16:24+00:00","dateModified":"2024-02-09T17:25:16+00:00","description":"Les grilles et rideaux r\u00e9pondent aux plus hautes exigences de s\u00e9curit\u00e9. Axe renforc\u00e9, Agrafes haute r\u00e9sistance, Man\u0153uvre manuelle ou motoris\u00e9e.","breadcrumb":{"@id":"https:\/\/www.pogar.ch\/webnew\/produits\/grilles-de-securite\/#breadcrumb"},"inLanguage":"fr-FR","potentialAction":[{"@type":"ReadAction","target":["https:\/\/www.pogar.ch\/webnew\/produits\/grilles-de-securite\/"]}]},{"@type":"BreadcrumbList","@id":"https:\/\/www.pogar.ch\/webnew\/produits\/grilles-de-securite\/#breadcrumb","itemListElement":[{"@type":"ListItem","position":1,"name":"Accueil","item":"https:\/\/www.pogar.ch\/webnew\/"},{"@type":"ListItem","position":2,"name":"Tous les produits","item":"https:\/\/www.pogar.ch\/webnew\/produits\/"},{"@type":"ListItem","position":3,"name":"Grilles de s\u00e9curit\u00e9"}]},{"@type":"WebSite","@id":"https:\/\/www.pogar.ch\/webnew\/#website","url":"https:\/\/www.pogar.ch\/webnew\/","name":"Pogar S.A.","description":"Portes de garage - Portes d&#039;entr\u00e9e - Portails","publisher":{"@id":"https:\/\/www.pogar.ch\/webnew\/#organization"},"potentialAction":[{"@type":"SearchAction","target":{"@type":"EntryPoint","urlTemplate":"https:\/\/www.pogar.ch\/webnew\/?s={search_term_string}"},"query-input":"required name=search_term_string"}],"inLanguage":"fr-FR"},{"@type":"Organization","@id":"https:\/\/www.pogar.ch\/webnew\/#organization","name":"Pogar S.A.","url":"https:\/\/www.pogar.ch\/webnew\/","logo":{"@type":"ImageObject","inLanguage":"fr-FR","@id":"https:\/\/www.pogar.ch\/webnew\/#\/schema\/logo\/image\/","url":"https:\/\/www.pogar.ch\/webnew\/wp-content\/uploads\/2019\/09\/logo-positif-pogar.png","contentUrl":"https:\/\/www.pogar.ch\/webnew\/wp-content\/uploads\/2019\/09\/logo-positif-pogar.png","width":254,"height":210,"caption":"Pogar S.A."},"image":{"@id":"https:\/\/www.pogar.ch\/webnew\/#\/schema\/logo\/image\/"},"sameAs":["https:\/\/www.facebook.com\/POGAR-Team-139006666269936\/","https:\/\/www.instagram.com\/pogar_sa\/","https:\/\/www.linkedin.com\/company\/81284588\/"]}]}},"_links":{"self":[{"href":"https:\/\/www.pogar.ch\/webnew\/wp-json\/wp\/v2\/pages\/16620"}],"collection":[{"href":"https:\/\/www.pogar.ch\/webnew\/wp-json\/wp\/v2\/pages"}],"about":[{"href":"https:\/\/www.pogar.ch\/webnew\/wp-json\/wp\/v2\/types\/page"}],"author":[{"embeddable":true,"href":"https:\/\/www.pogar.ch\/webnew\/wp-json\/wp\/v2\/users\/1"}],"replies":[{"embeddable":true,"href":"https:\/\/www.pogar.ch\/webnew\/wp-json\/wp\/v2\/comments?post=16620"}],"version-history":[{"count":7,"href":"https:\/\/www.pogar.ch\/webnew\/wp-json\/wp\/v2\/pages\/16620\/revisions"}],"predecessor-version":[{"id":17220,"href":"https:\/\/www.pogar.ch\/webnew\/wp-json\/wp\/v2\/pages\/16620\/revisions\/17220"}],"up":[{"embeddable":true,"href":"https:\/\/www.pogar.ch\/webnew\/wp-json\/wp\/v2\/pages\/15425"}],"wp:attachment":[{"href":"https:\/\/www.pogar.ch\/webnew\/wp-json\/wp\/v2\/media?parent=16620"}],"curies":[{"name":"wp","href":"https:\/\/api.w.org\/{rel}","templated":true}]}}