{"id":16586,"date":"2019-10-24T08:14:45","date_gmt":"2019-10-24T06:14:45","guid":{"rendered":"https:\/\/www.pogar.ch\/webnew\/?page_id=16586"},"modified":"2024-07-19T09:38:59","modified_gmt":"2024-07-19T07:38:59","slug":"portes-dentree-standards","status":"publish","type":"page","link":"https:\/\/www.pogar.ch\/webnew\/produits\/portes-dentree-standards\/","title":{"rendered":"Portes d&rsquo;entr\u00e9e standards"},"content":{"rendered":"<section class=\"wpb-content-wrapper\"><p>[vc_row css_animation=\u00a0\u00bb\u00a0\u00bb row_type=\u00a0\u00bbrow\u00a0\u00bb use_row_as_full_screen_section=\u00a0\u00bbno\u00a0\u00bb type=\u00a0\u00bbgrid\u00a0\u00bb angled_section=\u00a0\u00bbno\u00a0\u00bb text_align=\u00a0\u00bbleft\u00a0\u00bb background_image_as_pattern=\u00a0\u00bbwithout_pattern\u00a0\u00bb z_index=\u00a0\u00bb\u00a0\u00bb padding_bottom=\u00a0\u00bb0&Prime; padding_top=\u00a0\u00bb50&Prime;][vc_column][vc_separator type=\u00a0\u00bbtransparent\u00a0\u00bb thickness=\u00a0\u00bb1&Prime; up=\u00a0\u00bb-8&Prime;][vc_column_text]<\/p>\n<h5>Produits<\/h5>\n<p>[\/vc_column_text][vc_separator type=\u00a0\u00bbsmall\u00a0\u00bb position=\u00a0\u00bbleft\u00a0\u00bb up=\u00a0\u00bb6&Prime; down=\u00a0\u00bb15&Prime;][vc_column_text]<\/p>\n<h1>S\u00e9lection de portes d&rsquo;entr\u00e9e standards<\/h1>\n<p>[\/vc_column_text][vc_separator type=\u00a0\u00bbtransparent\u00a0\u00bb thickness=\u00a0\u00bb1&Prime; up=\u00a0\u00bb25&Prime; down=\u00a0\u00bb0&Prime;][vc_column_text]Portes d&rsquo;entr\u00e9e en aluminium, en PVC ou en bois.[\/vc_column_text][\/vc_column][\/vc_row][vc_row css_animation=\u00a0\u00bb\u00a0\u00bb row_type=\u00a0\u00bbrow\u00a0\u00bb use_row_as_full_screen_section=\u00a0\u00bbno\u00a0\u00bb type=\u00a0\u00bbgrid\u00a0\u00bb angled_section=\u00a0\u00bbno\u00a0\u00bb text_align=\u00a0\u00bbleft\u00a0\u00bb background_image_as_pattern=\u00a0\u00bbwithout_pattern\u00a0\u00bb z_index=\u00a0\u00bb\u00a0\u00bb padding_bottom=\u00a0\u00bb20&Prime; padding_top=\u00a0\u00bb50&Prime;][vc_column width=\u00a0\u00bb1\/4&Prime;]<a  itemprop=\"url\" href=\"#portesdentree\" target=\"_self\"  class=\"qbutton  default\" style=\"\">Exemples de portes d'entr\u00e9e &gt;<\/a>[\/vc_column][vc_column width=\u00a0\u00bb1\/4&Prime;][\/vc_column][vc_column width=\u00a0\u00bb1\/4&Prime;][\/vc_column][vc_column width=\u00a0\u00bb1\/4&Prime;][\/vc_column][\/vc_row][vc_row css_animation=\u00a0\u00bb\u00a0\u00bb row_type=\u00a0\u00bbrow\u00a0\u00bb use_row_as_full_screen_section=\u00a0\u00bbno\u00a0\u00bb type=\u00a0\u00bbgrid\u00a0\u00bb angled_section=\u00a0\u00bbno\u00a0\u00bb text_align=\u00a0\u00bbleft\u00a0\u00bb background_image_as_pattern=\u00a0\u00bbwithout_pattern\u00a0\u00bb z_index=\u00a0\u00bb\u00a0\u00bb padding_bottom=\u00a0\u00bb0&Prime; padding_top=\u00a0\u00bb50&Prime;][vc_column][vc_column_text]<\/p>\n<h2>Faire le bon choix<\/h2>\n<p>Vous avez le choix entre des panneaux isolants avec une barri\u00e8re thermique optimis\u00e9e ou un panneau non isol\u00e9. Les volets en aluminium ont le grand avantage de ne pas n\u00e9cessiter d\u2019entretien.<\/p>\n<ul>\n<li>Fabrication sur mesure en aluminium thermolaqu\u00e9<\/li>\n<li>Syst\u00e8me d\u2019assemblage brevet\u00e9<\/li>\n<li>Accessoires inoxydables, laqu\u00e9s dans la teinte du volet<\/li>\n<li>Long\u00e9vit\u00e9, remplacement partiel ais\u00e9<\/li>\n<li>Performance et solidit\u00e9 garanties<\/li>\n<\/ul>\n<p>[\/vc_column_text][vc_separator type=\u00a0\u00bbtransparent\u00a0\u00bb thickness=\u00a0\u00bb1&Prime; up=\u00a0\u00bb25&Prime; down=\u00a0\u00bb0&Prime;][vc_column_text]<\/p>\n<h2>Portes d\u2019entr\u00e9e en aluminium au design moderne et \u00e0 forte isolation thermique<\/h2>\n<div class=\"ce-textpic ce-right ce-intext\">\n<div class=\"ce-bodytext\">\n<p>Votre nouvelle porte d\u2019entr\u00e9e doit \u00eatre hors du commun. Elle doit convenir au style de votre maison et ainsi t\u00e9moigner de votre go\u00fbt, mais elle doit \u00e9galement satisfaire \u00e0 un niveau de s\u00e9curit\u00e9 \u00e9lev\u00e9 et contribuer aux \u00e9conomies d\u2019\u00e9nergie gr\u00e2ce \u00e0 d\u2019excellents coefficients d\u2019isolation. Les portes en aluminium sont \u00e0 bien des \u00e9gards sup\u00e9rieures aux portes PVC ou en bois. Les avantages:<\/p>\n<ul>\n<li>Isolation thermique \u00e9lev\u00e9e<\/li>\n<li>S\u00e9curit\u00e9 \u00e9lev\u00e9e<\/li>\n<li>Insonorisation \u00e9lev\u00e9e<\/li>\n<li>Stabilit\u00e9 \u00e9lev\u00e9e<\/li>\n<li>Travaux de peinture inutiles<\/li>\n<\/ul>\n<p>Les portes en aluminium sont comme neuves apr\u00e8s des ann\u00e9es d&rsquo;utilisation et offrent en outre de nombreuses possibilit\u00e9s en mati\u00e8re d&rsquo;\u00e9quipement et de design.<\/p>\n<\/div>\n<\/div>\n<p>[\/vc_column_text][\/vc_column][\/vc_row][vc_row css_animation=\u00a0\u00bb\u00a0\u00bb row_type=\u00a0\u00bbrow\u00a0\u00bb use_row_as_full_screen_section=\u00a0\u00bbno\u00a0\u00bb type=\u00a0\u00bbgrid\u00a0\u00bb angled_section=\u00a0\u00bbno\u00a0\u00bb text_align=\u00a0\u00bbleft\u00a0\u00bb background_image_as_pattern=\u00a0\u00bbwithout_pattern\u00a0\u00bb z_index=\u00a0\u00bb\u00a0\u00bb padding_bottom=\u00a0\u00bb20&Prime; padding_top=\u00a0\u00bb50&Prime;][vc_column css=\u00a0\u00bb.vc_custom_1655576646318{padding-bottom: 20px !important;}\u00a0\u00bb]<a  itemprop=\"url\" href=\"https:\/\/www.pogar.ch\/webnew\/services\/demande-de-devis\/\" target=\"_self\"  class=\"qbutton  default\" style=\"margin: 20px 0px 0px 0px; \">Demander un devis gratuit<\/a>[\/vc_column][\/vc_row][vc_row css_animation=\u00a0\u00bb\u00a0\u00bb row_type=\u00a0\u00bbrow\u00a0\u00bb use_row_as_full_screen_section=\u00a0\u00bbno\u00a0\u00bb type=\u00a0\u00bbgrid\u00a0\u00bb angled_section=\u00a0\u00bbno\u00a0\u00bb text_align=\u00a0\u00bbleft\u00a0\u00bb background_image_as_pattern=\u00a0\u00bbwithout_pattern\u00a0\u00bb z_index=\u00a0\u00bb\u00a0\u00bb padding_bottom=\u00a0\u00bb100&Prime; padding_top=\u00a0\u00bb50&Prime; anchor=\u00a0\u00bbportesdentree\u00a0\u00bb][vc_column][vc_column_text]<\/p>\n<h3><span style=\"color: #3d3d3d;\">Quelques exemples :<\/span><\/h3>\n<p>[\/vc_column_text][vc_separator type=\u00a0\u00bbsmall\u00a0\u00bb position=\u00a0\u00bbleft\u00a0\u00bb up=\u00a0\u00bb12&Prime; down=\u00a0\u00bb30&Prime;]<div class=\"qode-advanced-image-gallery  qode-aig-grid-type qode-small-space   \">\n\t<div class=\"qode-aig-inner qode-outer-space qode-aig-grid qode-aig-two-columns\">\n\t\t\t\t\t<div class=\"qode-aig-image qode-item-space\">\n\t\t\t\t<div class=\"qode-aig-image-inner\">\n\t\t\t\t\t\t\t\t\t\t\t<img width=\"1001\" height=\"750\" src=\"https:\/\/www.pogar.ch\/webnew\/wp-content\/uploads\/2022\/06\/Porte-d-entree-Pogar-03.jpg\" class=\"attachment-full size-full\" alt=\"\" decoding=\"async\" loading=\"lazy\" srcset=\"https:\/\/www.pogar.ch\/webnew\/wp-content\/uploads\/2022\/06\/Porte-d-entree-Pogar-03.jpg 1001w, https:\/\/www.pogar.ch\/webnew\/wp-content\/uploads\/2022\/06\/Porte-d-entree-Pogar-03-300x225.jpg 300w, https:\/\/www.pogar.ch\/webnew\/wp-content\/uploads\/2022\/06\/Porte-d-entree-Pogar-03-768x575.jpg 768w, https:\/\/www.pogar.ch\/webnew\/wp-content\/uploads\/2022\/06\/Porte-d-entree-Pogar-03-800x600.jpg 800w, https:\/\/www.pogar.ch\/webnew\/wp-content\/uploads\/2022\/06\/Porte-d-entree-Pogar-03-700x524.jpg 700w\" sizes=\"(max-width: 1001px) 100vw, 1001px\" \/>\t\t\t\t\t\t<span class=\"aig-gallery-hover\">\n\t\t\t\t\t\t\t\t\t\t\t\t\t<\/span>\n\t\t\t\t\t\t\t\t\t<\/div>\n\t\t\t<\/div>\n\t\t\t\t\t<div class=\"qode-aig-image qode-item-space\">\n\t\t\t\t<div class=\"qode-aig-image-inner\">\n\t\t\t\t\t\t\t\t\t\t\t<img width=\"999\" height=\"750\" src=\"https:\/\/www.pogar.ch\/webnew\/wp-content\/uploads\/2022\/06\/Porte-d-entree-Pogar-02-1.jpg\" class=\"attachment-full size-full\" alt=\"\" decoding=\"async\" loading=\"lazy\" srcset=\"https:\/\/www.pogar.ch\/webnew\/wp-content\/uploads\/2022\/06\/Porte-d-entree-Pogar-02-1.jpg 999w, https:\/\/www.pogar.ch\/webnew\/wp-content\/uploads\/2022\/06\/Porte-d-entree-Pogar-02-1-300x225.jpg 300w, https:\/\/www.pogar.ch\/webnew\/wp-content\/uploads\/2022\/06\/Porte-d-entree-Pogar-02-1-768x577.jpg 768w, https:\/\/www.pogar.ch\/webnew\/wp-content\/uploads\/2022\/06\/Porte-d-entree-Pogar-02-1-800x600.jpg 800w, https:\/\/www.pogar.ch\/webnew\/wp-content\/uploads\/2022\/06\/Porte-d-entree-Pogar-02-1-700x526.jpg 700w\" sizes=\"(max-width: 999px) 100vw, 999px\" \/>\t\t\t\t\t\t<span class=\"aig-gallery-hover\">\n\t\t\t\t\t\t\t\t\t\t\t\t\t<\/span>\n\t\t\t\t\t\t\t\t\t<\/div>\n\t\t\t<\/div>\n\t\t\t\t\t<div class=\"qode-aig-image qode-item-space\">\n\t\t\t\t<div class=\"qode-aig-image-inner\">\n\t\t\t\t\t\t\t\t\t\t\t<img width=\"1000\" height=\"750\" src=\"https:\/\/www.pogar.ch\/webnew\/wp-content\/uploads\/2022\/06\/Porte-d-entree-Pogar-01.jpg\" class=\"attachment-full size-full\" alt=\"\" decoding=\"async\" loading=\"lazy\" srcset=\"https:\/\/www.pogar.ch\/webnew\/wp-content\/uploads\/2022\/06\/Porte-d-entree-Pogar-01.jpg 1000w, https:\/\/www.pogar.ch\/webnew\/wp-content\/uploads\/2022\/06\/Porte-d-entree-Pogar-01-300x225.jpg 300w, https:\/\/www.pogar.ch\/webnew\/wp-content\/uploads\/2022\/06\/Porte-d-entree-Pogar-01-768x576.jpg 768w, https:\/\/www.pogar.ch\/webnew\/wp-content\/uploads\/2022\/06\/Porte-d-entree-Pogar-01-800x600.jpg 800w, https:\/\/www.pogar.ch\/webnew\/wp-content\/uploads\/2022\/06\/Porte-d-entree-Pogar-01-700x525.jpg 700w\" sizes=\"(max-width: 1000px) 100vw, 1000px\" \/>\t\t\t\t\t\t<span class=\"aig-gallery-hover\">\n\t\t\t\t\t\t\t\t\t\t\t\t\t<\/span>\n\t\t\t\t\t\t\t\t\t<\/div>\n\t\t\t<\/div>\n\t\t\t\t\t<div class=\"qode-aig-image qode-item-space\">\n\t\t\t\t<div class=\"qode-aig-image-inner\">\n\t\t\t\t\t\t\t\t\t\t\t<img width=\"770\" height=\"533\" src=\"https:\/\/www.pogar.ch\/webnew\/wp-content\/uploads\/2019\/10\/Portes_dentre\u0301e_Pogar-01.jpg\" class=\"attachment-full size-full\" alt=\"\" decoding=\"async\" loading=\"lazy\" srcset=\"https:\/\/www.pogar.ch\/webnew\/wp-content\/uploads\/2019\/10\/Portes_dentre\u0301e_Pogar-01.jpg 770w, https:\/\/www.pogar.ch\/webnew\/wp-content\/uploads\/2019\/10\/Portes_dentre\u0301e_Pogar-01-300x208.jpg 300w, https:\/\/www.pogar.ch\/webnew\/wp-content\/uploads\/2019\/10\/Portes_dentre\u0301e_Pogar-01-768x532.jpg 768w, https:\/\/www.pogar.ch\/webnew\/wp-content\/uploads\/2019\/10\/Portes_dentre\u0301e_Pogar-01-700x485.jpg 700w\" sizes=\"(max-width: 770px) 100vw, 770px\" \/>\t\t\t\t\t\t<span class=\"aig-gallery-hover\">\n\t\t\t\t\t\t\t\t\t\t\t\t\t<\/span>\n\t\t\t\t\t\t\t\t\t<\/div>\n\t\t\t<\/div>\n\t\t\t\t\t<div class=\"qode-aig-image qode-item-space\">\n\t\t\t\t<div class=\"qode-aig-image-inner\">\n\t\t\t\t\t\t\t\t\t\t\t<img width=\"770\" height=\"533\" src=\"https:\/\/www.pogar.ch\/webnew\/wp-content\/uploads\/2019\/10\/Portes_dentre\u0301e_Pogar-02.jpg\" class=\"attachment-full size-full\" alt=\"\" decoding=\"async\" loading=\"lazy\" srcset=\"https:\/\/www.pogar.ch\/webnew\/wp-content\/uploads\/2019\/10\/Portes_dentre\u0301e_Pogar-02.jpg 770w, https:\/\/www.pogar.ch\/webnew\/wp-content\/uploads\/2019\/10\/Portes_dentre\u0301e_Pogar-02-300x208.jpg 300w, https:\/\/www.pogar.ch\/webnew\/wp-content\/uploads\/2019\/10\/Portes_dentre\u0301e_Pogar-02-768x532.jpg 768w, https:\/\/www.pogar.ch\/webnew\/wp-content\/uploads\/2019\/10\/Portes_dentre\u0301e_Pogar-02-700x485.jpg 700w\" sizes=\"(max-width: 770px) 100vw, 770px\" \/>\t\t\t\t\t\t<span class=\"aig-gallery-hover\">\n\t\t\t\t\t\t\t\t\t\t\t\t\t<\/span>\n\t\t\t\t\t\t\t\t\t<\/div>\n\t\t\t<\/div>\n\t\t\t\t\t<div class=\"qode-aig-image qode-item-space\">\n\t\t\t\t<div class=\"qode-aig-image-inner\">\n\t\t\t\t\t\t\t\t\t\t\t<img width=\"770\" height=\"533\" src=\"https:\/\/www.pogar.ch\/webnew\/wp-content\/uploads\/2019\/10\/Portes_dentre\u0301e_Pogar-03.jpg\" class=\"attachment-full size-full\" alt=\"\" decoding=\"async\" loading=\"lazy\" srcset=\"https:\/\/www.pogar.ch\/webnew\/wp-content\/uploads\/2019\/10\/Portes_dentre\u0301e_Pogar-03.jpg 770w, https:\/\/www.pogar.ch\/webnew\/wp-content\/uploads\/2019\/10\/Portes_dentre\u0301e_Pogar-03-300x208.jpg 300w, https:\/\/www.pogar.ch\/webnew\/wp-content\/uploads\/2019\/10\/Portes_dentre\u0301e_Pogar-03-768x532.jpg 768w, https:\/\/www.pogar.ch\/webnew\/wp-content\/uploads\/2019\/10\/Portes_dentre\u0301e_Pogar-03-700x485.jpg 700w\" sizes=\"(max-width: 770px) 100vw, 770px\" \/>\t\t\t\t\t\t<span class=\"aig-gallery-hover\">\n\t\t\t\t\t\t\t\t\t\t\t\t\t<\/span>\n\t\t\t\t\t\t\t\t\t<\/div>\n\t\t\t<\/div>\n\t\t\t\t\t<div class=\"qode-aig-image qode-item-space\">\n\t\t\t\t<div class=\"qode-aig-image-inner\">\n\t\t\t\t\t\t\t\t\t\t\t<img width=\"770\" height=\"533\" src=\"https:\/\/www.pogar.ch\/webnew\/wp-content\/uploads\/2019\/10\/Portes_dentre\u0301e_Pogar-04.jpg\" class=\"attachment-full size-full\" alt=\"\" decoding=\"async\" loading=\"lazy\" srcset=\"https:\/\/www.pogar.ch\/webnew\/wp-content\/uploads\/2019\/10\/Portes_dentre\u0301e_Pogar-04.jpg 770w, https:\/\/www.pogar.ch\/webnew\/wp-content\/uploads\/2019\/10\/Portes_dentre\u0301e_Pogar-04-300x208.jpg 300w, https:\/\/www.pogar.ch\/webnew\/wp-content\/uploads\/2019\/10\/Portes_dentre\u0301e_Pogar-04-768x532.jpg 768w, https:\/\/www.pogar.ch\/webnew\/wp-content\/uploads\/2019\/10\/Portes_dentre\u0301e_Pogar-04-700x485.jpg 700w\" sizes=\"(max-width: 770px) 100vw, 770px\" \/>\t\t\t\t\t\t<span class=\"aig-gallery-hover\">\n\t\t\t\t\t\t\t\t\t\t\t\t\t<\/span>\n\t\t\t\t\t\t\t\t\t<\/div>\n\t\t\t<\/div>\n\t\t\t\t\t<div class=\"qode-aig-image qode-item-space\">\n\t\t\t\t<div class=\"qode-aig-image-inner\">\n\t\t\t\t\t\t\t\t\t\t\t<img width=\"770\" height=\"533\" src=\"https:\/\/www.pogar.ch\/webnew\/wp-content\/uploads\/2019\/10\/Portes_dentre\u0301e_Pogar-05.jpg\" class=\"attachment-full size-full\" alt=\"\" decoding=\"async\" loading=\"lazy\" srcset=\"https:\/\/www.pogar.ch\/webnew\/wp-content\/uploads\/2019\/10\/Portes_dentre\u0301e_Pogar-05.jpg 770w, https:\/\/www.pogar.ch\/webnew\/wp-content\/uploads\/2019\/10\/Portes_dentre\u0301e_Pogar-05-300x208.jpg 300w, https:\/\/www.pogar.ch\/webnew\/wp-content\/uploads\/2019\/10\/Portes_dentre\u0301e_Pogar-05-768x532.jpg 768w, https:\/\/www.pogar.ch\/webnew\/wp-content\/uploads\/2019\/10\/Portes_dentre\u0301e_Pogar-05-700x485.jpg 700w\" sizes=\"(max-width: 770px) 100vw, 770px\" \/>\t\t\t\t\t\t<span class=\"aig-gallery-hover\">\n\t\t\t\t\t\t\t\t\t\t\t\t\t<\/span>\n\t\t\t\t\t\t\t\t\t<\/div>\n\t\t\t<\/div>\n\t\t\t\t\t<div class=\"qode-aig-image qode-item-space\">\n\t\t\t\t<div class=\"qode-aig-image-inner\">\n\t\t\t\t\t\t\t\t\t\t\t<img width=\"770\" height=\"533\" src=\"https:\/\/www.pogar.ch\/webnew\/wp-content\/uploads\/2019\/10\/Portes_dentre\u0301e_Pogar-06.jpg\" class=\"attachment-full size-full\" alt=\"\" decoding=\"async\" loading=\"lazy\" srcset=\"https:\/\/www.pogar.ch\/webnew\/wp-content\/uploads\/2019\/10\/Portes_dentre\u0301e_Pogar-06.jpg 770w, https:\/\/www.pogar.ch\/webnew\/wp-content\/uploads\/2019\/10\/Portes_dentre\u0301e_Pogar-06-300x208.jpg 300w, https:\/\/www.pogar.ch\/webnew\/wp-content\/uploads\/2019\/10\/Portes_dentre\u0301e_Pogar-06-768x532.jpg 768w, https:\/\/www.pogar.ch\/webnew\/wp-content\/uploads\/2019\/10\/Portes_dentre\u0301e_Pogar-06-700x485.jpg 700w\" sizes=\"(max-width: 770px) 100vw, 770px\" \/>\t\t\t\t\t\t<span class=\"aig-gallery-hover\">\n\t\t\t\t\t\t\t\t\t\t\t\t\t<\/span>\n\t\t\t\t\t\t\t\t\t<\/div>\n\t\t\t<\/div>\n\t\t\t<\/div>\n<\/div>[\/vc_column][\/vc_row][vc_row css_animation=\u00a0\u00bb\u00a0\u00bb row_type=\u00a0\u00bbrow\u00a0\u00bb use_row_as_full_screen_section=\u00a0\u00bbno\u00a0\u00bb type=\u00a0\u00bbgrid\u00a0\u00bb angled_section=\u00a0\u00bbno\u00a0\u00bb text_align=\u00a0\u00bbleft\u00a0\u00bb background_image_as_pattern=\u00a0\u00bbwithout_pattern\u00a0\u00bb z_index=\u00a0\u00bb\u00a0\u00bb padding_bottom=\u00a0\u00bb20&Prime; padding_top=\u00a0\u00bb50&Prime;][vc_column css=\u00a0\u00bb.vc_custom_1655576646318{padding-bottom: 20px !important;}\u00a0\u00bb]<a  itemprop=\"url\" href=\"https:\/\/www.pogar.ch\/webnew\/services\/demande-de-devis\/\" target=\"_self\"  class=\"qbutton  default\" style=\"margin: 20px 0px 0px 0px; \">Demander un devis gratuit<\/a>[\/vc_column][\/vc_row]<\/p>\n<\/section>","protected":false},"excerpt":{"rendered":"<p>[vc_row css_animation=\u00a0\u00bb\u00a0\u00bb row_type=\u00a0\u00bbrow\u00a0\u00bb use_row_as_full_screen_section=\u00a0\u00bbno\u00a0\u00bb type=\u00a0\u00bbgrid\u00a0\u00bb angled_section=\u00a0\u00bbno\u00a0\u00bb text_align=\u00a0\u00bbleft\u00a0\u00bb background_image_as_pattern=\u00a0\u00bbwithout_pattern\u00a0\u00bb z_index=\u00a0\u00bb\u00a0\u00bb padding_bottom=\u00a0\u00bb0&Prime; padding_top=\u00a0\u00bb50&Prime;][vc_column][vc_separator type=\u00a0\u00bbtransparent\u00a0\u00bb thickness=\u00a0\u00bb1&Prime; up=\u00a0\u00bb-8&Prime;][vc_column_text] Produits [\/vc_column_text][vc_separator type=\u00a0\u00bbsmall\u00a0\u00bb position=\u00a0\u00bbleft\u00a0\u00bb up=\u00a0\u00bb6&Prime; down=\u00a0\u00bb15&Prime;][vc_column_text] S\u00e9lection de portes d&rsquo;entr\u00e9e standards [\/vc_column_text][vc_separator type=\u00a0\u00bbtransparent\u00a0\u00bb thickness=\u00a0\u00bb1&Prime; up=\u00a0\u00bb25&Prime; down=\u00a0\u00bb0&Prime;][vc_column_text]Portes d&rsquo;entr\u00e9e en aluminium, en PVC ou en bois.[\/vc_column_text][\/vc_column][\/vc_row][vc_row css_animation=\u00a0\u00bb\u00a0\u00bb row_type=\u00a0\u00bbrow\u00a0\u00bb use_row_as_full_screen_section=\u00a0\u00bbno\u00a0\u00bb type=\u00a0\u00bbgrid\u00a0\u00bb angled_section=\u00a0\u00bbno\u00a0\u00bb text_align=\u00a0\u00bbleft\u00a0\u00bb background_image_as_pattern=\u00a0\u00bbwithout_pattern\u00a0\u00bb&#8230;<\/p>\n","protected":false},"author":1,"featured_media":0,"parent":15425,"menu_order":0,"comment_status":"closed","ping_status":"closed","template":"full_width.php","meta":[],"yoast_head":"<!-- This site is optimized with the Yoast SEO Premium plugin v20.9 (Yoast SEO v20.9) - https:\/\/yoast.com\/wordpress\/plugins\/seo\/ -->\n<title>Portes d&#039;entr\u00e9e standards - Pogar S.A.<\/title>\n<meta name=\"description\" content=\"Votre nouvelle porte d\u2019entr\u00e9e doit \u00eatre hors du commun. Elle doit convenir au style de votre maison et ainsi t\u00e9moigner de votre go\u00fbt.\" \/>\n<meta name=\"robots\" content=\"index, follow, max-snippet:-1, max-image-preview:large, max-video-preview:-1\" \/>\n<link rel=\"canonical\" href=\"https:\/\/www.pogar.ch\/webnew\/produits\/portes-dentree-standards\/\" \/>\n<meta property=\"og:locale\" content=\"fr_FR\" \/>\n<meta property=\"og:type\" content=\"article\" \/>\n<meta property=\"og:title\" content=\"Portes d&#039;entr\u00e9e standards\" \/>\n<meta property=\"og:description\" content=\"Votre nouvelle porte d\u2019entr\u00e9e doit \u00eatre hors du commun. Elle doit convenir au style de votre maison et ainsi t\u00e9moigner de votre go\u00fbt.\" \/>\n<meta property=\"og:url\" content=\"https:\/\/www.pogar.ch\/webnew\/produits\/portes-dentree-standards\/\" \/>\n<meta property=\"og:site_name\" content=\"Pogar S.A.\" \/>\n<meta property=\"article:publisher\" content=\"https:\/\/www.facebook.com\/POGAR-Team-139006666269936\/\" \/>\n<meta property=\"article:modified_time\" content=\"2024-07-19T07:38:59+00:00\" \/>\n<meta name=\"twitter:card\" content=\"summary_large_image\" \/>\n<meta name=\"twitter:label1\" content=\"Dur\u00e9e de lecture estim\u00e9e\" \/>\n\t<meta name=\"twitter:data1\" content=\"2 minutes\" \/>\n<script type=\"application\/ld+json\" class=\"yoast-schema-graph\">{\"@context\":\"https:\/\/schema.org\",\"@graph\":[{\"@type\":\"WebPage\",\"@id\":\"https:\/\/www.pogar.ch\/webnew\/produits\/portes-dentree-standards\/\",\"url\":\"https:\/\/www.pogar.ch\/webnew\/produits\/portes-dentree-standards\/\",\"name\":\"Portes d'entr\u00e9e standards - Pogar S.A.\",\"isPartOf\":{\"@id\":\"https:\/\/www.pogar.ch\/webnew\/#website\"},\"datePublished\":\"2019-10-24T06:14:45+00:00\",\"dateModified\":\"2024-07-19T07:38:59+00:00\",\"description\":\"Votre nouvelle porte d\u2019entr\u00e9e doit \u00eatre hors du commun. Elle doit convenir au style de votre maison et ainsi t\u00e9moigner de votre go\u00fbt.\",\"breadcrumb\":{\"@id\":\"https:\/\/www.pogar.ch\/webnew\/produits\/portes-dentree-standards\/#breadcrumb\"},\"inLanguage\":\"fr-FR\",\"potentialAction\":[{\"@type\":\"ReadAction\",\"target\":[\"https:\/\/www.pogar.ch\/webnew\/produits\/portes-dentree-standards\/\"]}]},{\"@type\":\"BreadcrumbList\",\"@id\":\"https:\/\/www.pogar.ch\/webnew\/produits\/portes-dentree-standards\/#breadcrumb\",\"itemListElement\":[{\"@type\":\"ListItem\",\"position\":1,\"name\":\"Accueil\",\"item\":\"https:\/\/www.pogar.ch\/webnew\/\"},{\"@type\":\"ListItem\",\"position\":2,\"name\":\"Tous les produits\",\"item\":\"https:\/\/www.pogar.ch\/webnew\/produits\/\"},{\"@type\":\"ListItem\",\"position\":3,\"name\":\"Portes d&rsquo;entr\u00e9e standards\"}]},{\"@type\":\"WebSite\",\"@id\":\"https:\/\/www.pogar.ch\/webnew\/#website\",\"url\":\"https:\/\/www.pogar.ch\/webnew\/\",\"name\":\"Pogar S.A.\",\"description\":\"Portes de garage - Portes d&#039;entr\u00e9e - Portails\",\"publisher\":{\"@id\":\"https:\/\/www.pogar.ch\/webnew\/#organization\"},\"potentialAction\":[{\"@type\":\"SearchAction\",\"target\":{\"@type\":\"EntryPoint\",\"urlTemplate\":\"https:\/\/www.pogar.ch\/webnew\/?s={search_term_string}\"},\"query-input\":\"required name=search_term_string\"}],\"inLanguage\":\"fr-FR\"},{\"@type\":\"Organization\",\"@id\":\"https:\/\/www.pogar.ch\/webnew\/#organization\",\"name\":\"Pogar S.A.\",\"url\":\"https:\/\/www.pogar.ch\/webnew\/\",\"logo\":{\"@type\":\"ImageObject\",\"inLanguage\":\"fr-FR\",\"@id\":\"https:\/\/www.pogar.ch\/webnew\/#\/schema\/logo\/image\/\",\"url\":\"https:\/\/www.pogar.ch\/webnew\/wp-content\/uploads\/2019\/09\/logo-positif-pogar.png\",\"contentUrl\":\"https:\/\/www.pogar.ch\/webnew\/wp-content\/uploads\/2019\/09\/logo-positif-pogar.png\",\"width\":254,\"height\":210,\"caption\":\"Pogar S.A.\"},\"image\":{\"@id\":\"https:\/\/www.pogar.ch\/webnew\/#\/schema\/logo\/image\/\"},\"sameAs\":[\"https:\/\/www.facebook.com\/POGAR-Team-139006666269936\/\",\"https:\/\/www.instagram.com\/pogar_sa\/\",\"https:\/\/www.linkedin.com\/company\/81284588\/\"]}]}<\/script>\n<!-- \/ Yoast SEO Premium plugin. -->","yoast_head_json":{"title":"Portes d'entr\u00e9e standards - Pogar S.A.","description":"Votre nouvelle porte d\u2019entr\u00e9e doit \u00eatre hors du commun. Elle doit convenir au style de votre maison et ainsi t\u00e9moigner de votre go\u00fbt.","robots":{"index":"index","follow":"follow","max-snippet":"max-snippet:-1","max-image-preview":"max-image-preview:large","max-video-preview":"max-video-preview:-1"},"canonical":"https:\/\/www.pogar.ch\/webnew\/produits\/portes-dentree-standards\/","og_locale":"fr_FR","og_type":"article","og_title":"Portes d'entr\u00e9e standards","og_description":"Votre nouvelle porte d\u2019entr\u00e9e doit \u00eatre hors du commun. Elle doit convenir au style de votre maison et ainsi t\u00e9moigner de votre go\u00fbt.","og_url":"https:\/\/www.pogar.ch\/webnew\/produits\/portes-dentree-standards\/","og_site_name":"Pogar S.A.","article_publisher":"https:\/\/www.facebook.com\/POGAR-Team-139006666269936\/","article_modified_time":"2024-07-19T07:38:59+00:00","twitter_card":"summary_large_image","twitter_misc":{"Dur\u00e9e de lecture estim\u00e9e":"2 minutes"},"schema":{"@context":"https:\/\/schema.org","@graph":[{"@type":"WebPage","@id":"https:\/\/www.pogar.ch\/webnew\/produits\/portes-dentree-standards\/","url":"https:\/\/www.pogar.ch\/webnew\/produits\/portes-dentree-standards\/","name":"Portes d'entr\u00e9e standards - Pogar S.A.","isPartOf":{"@id":"https:\/\/www.pogar.ch\/webnew\/#website"},"datePublished":"2019-10-24T06:14:45+00:00","dateModified":"2024-07-19T07:38:59+00:00","description":"Votre nouvelle porte d\u2019entr\u00e9e doit \u00eatre hors du commun. Elle doit convenir au style de votre maison et ainsi t\u00e9moigner de votre go\u00fbt.","breadcrumb":{"@id":"https:\/\/www.pogar.ch\/webnew\/produits\/portes-dentree-standards\/#breadcrumb"},"inLanguage":"fr-FR","potentialAction":[{"@type":"ReadAction","target":["https:\/\/www.pogar.ch\/webnew\/produits\/portes-dentree-standards\/"]}]},{"@type":"BreadcrumbList","@id":"https:\/\/www.pogar.ch\/webnew\/produits\/portes-dentree-standards\/#breadcrumb","itemListElement":[{"@type":"ListItem","position":1,"name":"Accueil","item":"https:\/\/www.pogar.ch\/webnew\/"},{"@type":"ListItem","position":2,"name":"Tous les produits","item":"https:\/\/www.pogar.ch\/webnew\/produits\/"},{"@type":"ListItem","position":3,"name":"Portes d&rsquo;entr\u00e9e standards"}]},{"@type":"WebSite","@id":"https:\/\/www.pogar.ch\/webnew\/#website","url":"https:\/\/www.pogar.ch\/webnew\/","name":"Pogar S.A.","description":"Portes de garage - Portes d&#039;entr\u00e9e - Portails","publisher":{"@id":"https:\/\/www.pogar.ch\/webnew\/#organization"},"potentialAction":[{"@type":"SearchAction","target":{"@type":"EntryPoint","urlTemplate":"https:\/\/www.pogar.ch\/webnew\/?s={search_term_string}"},"query-input":"required name=search_term_string"}],"inLanguage":"fr-FR"},{"@type":"Organization","@id":"https:\/\/www.pogar.ch\/webnew\/#organization","name":"Pogar S.A.","url":"https:\/\/www.pogar.ch\/webnew\/","logo":{"@type":"ImageObject","inLanguage":"fr-FR","@id":"https:\/\/www.pogar.ch\/webnew\/#\/schema\/logo\/image\/","url":"https:\/\/www.pogar.ch\/webnew\/wp-content\/uploads\/2019\/09\/logo-positif-pogar.png","contentUrl":"https:\/\/www.pogar.ch\/webnew\/wp-content\/uploads\/2019\/09\/logo-positif-pogar.png","width":254,"height":210,"caption":"Pogar S.A."},"image":{"@id":"https:\/\/www.pogar.ch\/webnew\/#\/schema\/logo\/image\/"},"sameAs":["https:\/\/www.facebook.com\/POGAR-Team-139006666269936\/","https:\/\/www.instagram.com\/pogar_sa\/","https:\/\/www.linkedin.com\/company\/81284588\/"]}]}},"_links":{"self":[{"href":"https:\/\/www.pogar.ch\/webnew\/wp-json\/wp\/v2\/pages\/16586"}],"collection":[{"href":"https:\/\/www.pogar.ch\/webnew\/wp-json\/wp\/v2\/pages"}],"about":[{"href":"https:\/\/www.pogar.ch\/webnew\/wp-json\/wp\/v2\/types\/page"}],"author":[{"embeddable":true,"href":"https:\/\/www.pogar.ch\/webnew\/wp-json\/wp\/v2\/users\/1"}],"replies":[{"embeddable":true,"href":"https:\/\/www.pogar.ch\/webnew\/wp-json\/wp\/v2\/comments?post=16586"}],"version-history":[{"count":22,"href":"https:\/\/www.pogar.ch\/webnew\/wp-json\/wp\/v2\/pages\/16586\/revisions"}],"predecessor-version":[{"id":17294,"href":"https:\/\/www.pogar.ch\/webnew\/wp-json\/wp\/v2\/pages\/16586\/revisions\/17294"}],"up":[{"embeddable":true,"href":"https:\/\/www.pogar.ch\/webnew\/wp-json\/wp\/v2\/pages\/15425"}],"wp:attachment":[{"href":"https:\/\/www.pogar.ch\/webnew\/wp-json\/wp\/v2\/media?parent=16586"}],"curies":[{"name":"wp","href":"https:\/\/api.w.org\/{rel}","templated":true}]}}