{"id":16519,"date":"2019-10-23T08:14:04","date_gmt":"2019-10-23T06:14:04","guid":{"rendered":"https:\/\/www.pogar.ch\/webnew\/?page_id=16519"},"modified":"2024-02-09T18:11:26","modified_gmt":"2024-02-09T17:11:26","slug":"portes-de-garage-industrielles","status":"publish","type":"page","link":"https:\/\/www.pogar.ch\/webnew\/produits\/portes-de-garage\/portes-de-garage-industrielles\/","title":{"rendered":"Portes de garage industrielles"},"content":{"rendered":"<section class=\"wpb-content-wrapper\"><p>[vc_row css_animation=\u00a0\u00bb\u00a0\u00bb row_type=\u00a0\u00bbrow\u00a0\u00bb use_row_as_full_screen_section=\u00a0\u00bbno\u00a0\u00bb type=\u00a0\u00bbgrid\u00a0\u00bb angled_section=\u00a0\u00bbno\u00a0\u00bb text_align=\u00a0\u00bbleft\u00a0\u00bb background_image_as_pattern=\u00a0\u00bbwithout_pattern\u00a0\u00bb z_index=\u00a0\u00bb\u00a0\u00bb padding_bottom=\u00a0\u00bb0&Prime; padding_top=\u00a0\u00bb50&Prime;][vc_column][vc_separator type=\u00a0\u00bbtransparent\u00a0\u00bb thickness=\u00a0\u00bb1&Prime; up=\u00a0\u00bb-8&Prime;][vc_column_text]<\/p>\n<h5><a href=\"https:\/\/www.pogar.ch\/webnew\/produits\/portes-de-garage\/\">Portes de garage<\/a><\/h5>\n<p>[\/vc_column_text][vc_separator type=\u00a0\u00bbsmall\u00a0\u00bb position=\u00a0\u00bbleft\u00a0\u00bb up=\u00a0\u00bb6&Prime; down=\u00a0\u00bb15&Prime;][vc_column_text]<\/p>\n<h1>Les portes de garage industrielles<\/h1>\n<p>[\/vc_column_text][\/vc_column][\/vc_row][vc_row css_animation=\u00a0\u00bb\u00a0\u00bb row_type=\u00a0\u00bbrow\u00a0\u00bb use_row_as_full_screen_section=\u00a0\u00bbno\u00a0\u00bb type=\u00a0\u00bbgrid\u00a0\u00bb angled_section=\u00a0\u00bbno\u00a0\u00bb text_align=\u00a0\u00bbleft\u00a0\u00bb background_image_as_pattern=\u00a0\u00bbwithout_pattern\u00a0\u00bb z_index=\u00a0\u00bb\u00a0\u00bb padding_bottom=\u00a0\u00bb0&Prime; padding_top=\u00a0\u00bb50&Prime;][vc_column][vc_column_text]Les portes de garage industrielles sont un choix id\u00e9al pour les entreprises et les industries qui cherchent \u00e0 prot\u00e9ger leur \u00e9quipement et leur personnel. Ces portes sont con\u00e7ues pour r\u00e9sister \u00e0 des conditions extr\u00eames telles que les vents violents, les temp\u00eates de neige et les tremblements de terre, et sont fabriqu\u00e9es \u00e0 partir de mat\u00e9riaux robustes tels que l&rsquo;acier ou l&rsquo;aluminium.<\/p>\n<p>&nbsp;<\/p>\n<p>Elles sont \u00e9galement con\u00e7ues pour r\u00e9sister aux tentatives d&rsquo;effraction. Elles disposent souvent de verrous de s\u00e9curit\u00e9 renforc\u00e9s et de syst\u00e8mes de s\u00e9curit\u00e9 suppl\u00e9mentaires pour prot\u00e9ger les biens de l&rsquo;entreprise.<\/p>\n<p>&nbsp;<\/p>\n<p>Les portes de garage sont \u00e9galement con\u00e7ues pour faciliter les op\u00e9rations commerciales. Elles peuvent \u00eatre \u00e9quip\u00e9es de syst\u00e8mes de levage automatis\u00e9s qui permettent de les ouvrir et de les fermer rapidement et efficacement. Certaines portes industrielles sont \u00e9quip\u00e9es de fen\u00eatres qui permettent une visibilit\u00e9 \u00e0 l&rsquo;int\u00e9rieur pour une meilleure s\u00e9curit\u00e9 et surveillance.<\/p>\n<p>&nbsp;<\/p>\n<p>En termes de design, elles sont souvent personnalis\u00e9es pour s&rsquo;adapter aux besoins uniques de l&rsquo;entreprise. Les portes industrielles peuvent \u00eatre con\u00e7ues avec des dimensions sp\u00e9cifiques pour s&rsquo;adapter \u00e0 des entr\u00e9es de garage de tailles et formes vari\u00e9es. Il est \u00e9galement possible de les personnaliser avec des logos ou des graphismes pour les rendre encore plus professionnels.<\/p>\n<p>&nbsp;<\/p>\n<p>En r\u00e9sum\u00e9, les portes de garage industrielles sont une solution robuste et fiable pour les entreprises et les industries qui cherchent \u00e0 prot\u00e9ger leur \u00e9quipement et leur personnel. Elles sont con\u00e7ues pour r\u00e9sister aux conditions extr\u00eames, \u00e0 la s\u00e9curit\u00e9 accrue et facilitent les op\u00e9rations commerciales. Il s&rsquo;agit donc d&rsquo;une option \u00e0 consid\u00e9rer pour toute entreprise qui cherche \u00e0 remplacer ou installer une nouvelle porte de garage industrielle.[\/vc_column_text][\/vc_column][\/vc_row][vc_row css_animation=\u00a0\u00bb\u00a0\u00bb row_type=\u00a0\u00bbrow\u00a0\u00bb use_row_as_full_screen_section=\u00a0\u00bbno\u00a0\u00bb type=\u00a0\u00bbgrid\u00a0\u00bb angled_section=\u00a0\u00bbno\u00a0\u00bb text_align=\u00a0\u00bbleft\u00a0\u00bb background_image_as_pattern=\u00a0\u00bbwithout_pattern\u00a0\u00bb z_index=\u00a0\u00bb\u00a0\u00bb padding_bottom=\u00a0\u00bb20&Prime; padding_top=\u00a0\u00bb50&Prime;][vc_column css=\u00a0\u00bb.vc_custom_1655576646318{padding-bottom: 20px !important;}\u00a0\u00bb]<a  itemprop=\"url\" href=\"https:\/\/www.pogar.ch\/webnew\/services\/demande-de-devis\/\" target=\"_self\"  class=\"qbutton  default\" style=\"margin: 20px 0px 0px 0px; \">Demander un devis gratuit<\/a>[\/vc_column][\/vc_row][vc_row css_animation=\u00a0\u00bb\u00a0\u00bb row_type=\u00a0\u00bbrow\u00a0\u00bb use_row_as_full_screen_section=\u00a0\u00bbno\u00a0\u00bb type=\u00a0\u00bbgrid\u00a0\u00bb angled_section=\u00a0\u00bbno\u00a0\u00bb text_align=\u00a0\u00bbleft\u00a0\u00bb background_image_as_pattern=\u00a0\u00bbwithout_pattern\u00a0\u00bb z_index=\u00a0\u00bb\u00a0\u00bb padding_bottom=\u00a0\u00bb20&Prime; padding_top=\u00a0\u00bb50&Prime;][vc_column width=\u00a0\u00bb1\/3&Prime; css=\u00a0\u00bb.vc_custom_1655576646318{padding-bottom: 20px !important;}\u00a0\u00bb][vc_single_image image=\u00a0\u00bb16864&Prime; qode_css_animation=\u00a0\u00bb\u00a0\u00bb][\/vc_column][vc_column width=\u00a0\u00bb2\/3&Prime;][vc_column_text]<\/p>\n<h3>Portes de garages industrielles<\/h3>\n<p class=\"p1\"><span class=\"s1\"><strong>Nous sommes sp\u00e9cialis\u00e9s dans la fabrication de portes industrielles<\/strong> \u00e0 enroulement, de portes sectionnelles en aluminium, de portes multi-lames et de portes sur mesure selon vos sp\u00e9cifications.<\/span><\/p>\n<p>[\/vc_column_text]<a  itemprop=\"url\" href=\"#portesindustrielles\" target=\"_self\"  class=\"qbutton  default\" style=\"margin: 20px 0px 0px 0px; \">Exemples de garage industrielles &gt;<\/a>[\/vc_column][\/vc_row][vc_row css_animation=\u00a0\u00bb\u00a0\u00bb row_type=\u00a0\u00bbrow\u00a0\u00bb use_row_as_full_screen_section=\u00a0\u00bbno\u00a0\u00bb type=\u00a0\u00bbgrid\u00a0\u00bb angled_section=\u00a0\u00bbno\u00a0\u00bb text_align=\u00a0\u00bbleft\u00a0\u00bb background_image_as_pattern=\u00a0\u00bbwithout_pattern\u00a0\u00bb z_index=\u00a0\u00bb\u00a0\u00bb padding_bottom=\u00a0\u00bb100&Prime; padding_top=\u00a0\u00bb50&Prime; anchor=\u00a0\u00bbportesindustrielles\u00a0\u00bb][vc_column][vc_column_text]<\/p>\n<h3><span style=\"color: #3d3d3d;\">Quelques exemples de portes de garage industrielles<\/span><\/h3>\n<p>[\/vc_column_text][vc_separator type=\u00a0\u00bbsmall\u00a0\u00bb position=\u00a0\u00bbleft\u00a0\u00bb up=\u00a0\u00bb12&Prime; down=\u00a0\u00bb30&Prime;]<div class=\"qode-advanced-image-gallery  qode-aig-grid-type qode-small-space   \">\n\t<div class=\"qode-aig-inner qode-outer-space qode-aig-grid qode-aig-two-columns\">\n\t\t\t\t\t<div class=\"qode-aig-image qode-item-space\">\n\t\t\t\t<div class=\"qode-aig-image-inner\">\n\t\t\t\t\t\t\t\t\t\t\t<img width=\"1600\" height=\"996\" src=\"https:\/\/www.pogar.ch\/webnew\/wp-content\/uploads\/2022\/06\/Portes-de-garage-industrielles-Pogar-e1654282782954.jpg\" class=\"attachment-full size-full\" alt=\"Porte de garage\" decoding=\"async\" loading=\"lazy\" srcset=\"https:\/\/www.pogar.ch\/webnew\/wp-content\/uploads\/2022\/06\/Portes-de-garage-industrielles-Pogar-e1654282782954.jpg 1600w, https:\/\/www.pogar.ch\/webnew\/wp-content\/uploads\/2022\/06\/Portes-de-garage-industrielles-Pogar-e1654282782954-300x187.jpg 300w, https:\/\/www.pogar.ch\/webnew\/wp-content\/uploads\/2022\/06\/Portes-de-garage-industrielles-Pogar-e1654282782954-1024x637.jpg 1024w, https:\/\/www.pogar.ch\/webnew\/wp-content\/uploads\/2022\/06\/Portes-de-garage-industrielles-Pogar-e1654282782954-768x478.jpg 768w, https:\/\/www.pogar.ch\/webnew\/wp-content\/uploads\/2022\/06\/Portes-de-garage-industrielles-Pogar-e1654282782954-1536x956.jpg 1536w, https:\/\/www.pogar.ch\/webnew\/wp-content\/uploads\/2022\/06\/Portes-de-garage-industrielles-Pogar-e1654282782954-700x436.jpg 700w\" sizes=\"(max-width: 1600px) 100vw, 1600px\" \/>\t\t\t\t\t\t<span class=\"aig-gallery-hover\">\n\t\t\t\t\t\t\t\t\t\t\t\t\t<\/span>\n\t\t\t\t\t\t\t\t\t<\/div>\n\t\t\t<\/div>\n\t\t\t\t\t<div class=\"qode-aig-image qode-item-space\">\n\t\t\t\t<div class=\"qode-aig-image-inner\">\n\t\t\t\t\t\t\t\t\t\t\t<img width=\"1600\" height=\"966\" src=\"https:\/\/www.pogar.ch\/webnew\/wp-content\/uploads\/2022\/10\/Portes-de-garage-industrielles-Pogar-06.jpg\" class=\"attachment-full size-full\" alt=\"Porte de garage\" decoding=\"async\" loading=\"lazy\" srcset=\"https:\/\/www.pogar.ch\/webnew\/wp-content\/uploads\/2022\/10\/Portes-de-garage-industrielles-Pogar-06.jpg 1600w, https:\/\/www.pogar.ch\/webnew\/wp-content\/uploads\/2022\/10\/Portes-de-garage-industrielles-Pogar-06-300x181.jpg 300w, https:\/\/www.pogar.ch\/webnew\/wp-content\/uploads\/2022\/10\/Portes-de-garage-industrielles-Pogar-06-1024x618.jpg 1024w, https:\/\/www.pogar.ch\/webnew\/wp-content\/uploads\/2022\/10\/Portes-de-garage-industrielles-Pogar-06-768x464.jpg 768w, https:\/\/www.pogar.ch\/webnew\/wp-content\/uploads\/2022\/10\/Portes-de-garage-industrielles-Pogar-06-1536x927.jpg 1536w, https:\/\/www.pogar.ch\/webnew\/wp-content\/uploads\/2022\/10\/Portes-de-garage-industrielles-Pogar-06-700x423.jpg 700w\" sizes=\"(max-width: 1600px) 100vw, 1600px\" \/>\t\t\t\t\t\t<span class=\"aig-gallery-hover\">\n\t\t\t\t\t\t\t\t\t\t\t\t\t<\/span>\n\t\t\t\t\t\t\t\t\t<\/div>\n\t\t\t<\/div>\n\t\t\t\t\t<div class=\"qode-aig-image qode-item-space\">\n\t\t\t\t<div class=\"qode-aig-image-inner\">\n\t\t\t\t\t\t\t\t\t\t\t<img width=\"1600\" height=\"966\" src=\"https:\/\/www.pogar.ch\/webnew\/wp-content\/uploads\/2022\/10\/Portes-de-garage-industrielles-Pogar-05.jpg\" class=\"attachment-full size-full\" alt=\"Porte de garage\" decoding=\"async\" loading=\"lazy\" srcset=\"https:\/\/www.pogar.ch\/webnew\/wp-content\/uploads\/2022\/10\/Portes-de-garage-industrielles-Pogar-05.jpg 1600w, https:\/\/www.pogar.ch\/webnew\/wp-content\/uploads\/2022\/10\/Portes-de-garage-industrielles-Pogar-05-300x181.jpg 300w, https:\/\/www.pogar.ch\/webnew\/wp-content\/uploads\/2022\/10\/Portes-de-garage-industrielles-Pogar-05-1024x618.jpg 1024w, https:\/\/www.pogar.ch\/webnew\/wp-content\/uploads\/2022\/10\/Portes-de-garage-industrielles-Pogar-05-768x464.jpg 768w, https:\/\/www.pogar.ch\/webnew\/wp-content\/uploads\/2022\/10\/Portes-de-garage-industrielles-Pogar-05-1536x927.jpg 1536w, https:\/\/www.pogar.ch\/webnew\/wp-content\/uploads\/2022\/10\/Portes-de-garage-industrielles-Pogar-05-700x423.jpg 700w\" sizes=\"(max-width: 1600px) 100vw, 1600px\" \/>\t\t\t\t\t\t<span class=\"aig-gallery-hover\">\n\t\t\t\t\t\t\t\t\t\t\t\t\t<\/span>\n\t\t\t\t\t\t\t\t\t<\/div>\n\t\t\t<\/div>\n\t\t\t\t\t<div class=\"qode-aig-image qode-item-space\">\n\t\t\t\t<div class=\"qode-aig-image-inner\">\n\t\t\t\t\t\t\t\t\t\t\t<img width=\"1600\" height=\"964\" src=\"https:\/\/www.pogar.ch\/webnew\/wp-content\/uploads\/2022\/10\/Portes-de-garage-industrielles-Pogar-04.jpg\" class=\"attachment-full size-full\" alt=\"Porte de garage\" decoding=\"async\" loading=\"lazy\" srcset=\"https:\/\/www.pogar.ch\/webnew\/wp-content\/uploads\/2022\/10\/Portes-de-garage-industrielles-Pogar-04.jpg 1600w, https:\/\/www.pogar.ch\/webnew\/wp-content\/uploads\/2022\/10\/Portes-de-garage-industrielles-Pogar-04-300x181.jpg 300w, https:\/\/www.pogar.ch\/webnew\/wp-content\/uploads\/2022\/10\/Portes-de-garage-industrielles-Pogar-04-1024x617.jpg 1024w, https:\/\/www.pogar.ch\/webnew\/wp-content\/uploads\/2022\/10\/Portes-de-garage-industrielles-Pogar-04-768x463.jpg 768w, https:\/\/www.pogar.ch\/webnew\/wp-content\/uploads\/2022\/10\/Portes-de-garage-industrielles-Pogar-04-1536x925.jpg 1536w, https:\/\/www.pogar.ch\/webnew\/wp-content\/uploads\/2022\/10\/Portes-de-garage-industrielles-Pogar-04-700x422.jpg 700w\" sizes=\"(max-width: 1600px) 100vw, 1600px\" \/>\t\t\t\t\t\t<span class=\"aig-gallery-hover\">\n\t\t\t\t\t\t\t\t\t\t\t\t\t<\/span>\n\t\t\t\t\t\t\t\t\t<\/div>\n\t\t\t<\/div>\n\t\t\t\t\t<div class=\"qode-aig-image qode-item-space\">\n\t\t\t\t<div class=\"qode-aig-image-inner\">\n\t\t\t\t\t\t\t\t\t\t\t<img width=\"1600\" height=\"966\" src=\"https:\/\/www.pogar.ch\/webnew\/wp-content\/uploads\/2022\/10\/Portes-de-garage-industrielles-Pogar-03.jpg\" class=\"attachment-full size-full\" alt=\"Porte de garage\" decoding=\"async\" loading=\"lazy\" srcset=\"https:\/\/www.pogar.ch\/webnew\/wp-content\/uploads\/2022\/10\/Portes-de-garage-industrielles-Pogar-03.jpg 1600w, https:\/\/www.pogar.ch\/webnew\/wp-content\/uploads\/2022\/10\/Portes-de-garage-industrielles-Pogar-03-300x181.jpg 300w, https:\/\/www.pogar.ch\/webnew\/wp-content\/uploads\/2022\/10\/Portes-de-garage-industrielles-Pogar-03-1024x618.jpg 1024w, https:\/\/www.pogar.ch\/webnew\/wp-content\/uploads\/2022\/10\/Portes-de-garage-industrielles-Pogar-03-768x464.jpg 768w, https:\/\/www.pogar.ch\/webnew\/wp-content\/uploads\/2022\/10\/Portes-de-garage-industrielles-Pogar-03-1536x927.jpg 1536w, https:\/\/www.pogar.ch\/webnew\/wp-content\/uploads\/2022\/10\/Portes-de-garage-industrielles-Pogar-03-700x423.jpg 700w\" sizes=\"(max-width: 1600px) 100vw, 1600px\" \/>\t\t\t\t\t\t<span class=\"aig-gallery-hover\">\n\t\t\t\t\t\t\t\t\t\t\t\t\t<\/span>\n\t\t\t\t\t\t\t\t\t<\/div>\n\t\t\t<\/div>\n\t\t\t\t\t<div class=\"qode-aig-image qode-item-space\">\n\t\t\t\t<div class=\"qode-aig-image-inner\">\n\t\t\t\t\t\t\t\t\t\t\t<img width=\"1600\" height=\"970\" src=\"https:\/\/www.pogar.ch\/webnew\/wp-content\/uploads\/2022\/10\/Portes-de-garage-industrielles-Pogar-02.jpg\" class=\"attachment-full size-full\" alt=\"Porte de garage\" decoding=\"async\" loading=\"lazy\" srcset=\"https:\/\/www.pogar.ch\/webnew\/wp-content\/uploads\/2022\/10\/Portes-de-garage-industrielles-Pogar-02.jpg 1600w, https:\/\/www.pogar.ch\/webnew\/wp-content\/uploads\/2022\/10\/Portes-de-garage-industrielles-Pogar-02-300x182.jpg 300w, https:\/\/www.pogar.ch\/webnew\/wp-content\/uploads\/2022\/10\/Portes-de-garage-industrielles-Pogar-02-1024x621.jpg 1024w, https:\/\/www.pogar.ch\/webnew\/wp-content\/uploads\/2022\/10\/Portes-de-garage-industrielles-Pogar-02-768x466.jpg 768w, https:\/\/www.pogar.ch\/webnew\/wp-content\/uploads\/2022\/10\/Portes-de-garage-industrielles-Pogar-02-1536x931.jpg 1536w, https:\/\/www.pogar.ch\/webnew\/wp-content\/uploads\/2022\/10\/Portes-de-garage-industrielles-Pogar-02-700x424.jpg 700w\" sizes=\"(max-width: 1600px) 100vw, 1600px\" \/>\t\t\t\t\t\t<span class=\"aig-gallery-hover\">\n\t\t\t\t\t\t\t\t\t\t\t\t\t<\/span>\n\t\t\t\t\t\t\t\t\t<\/div>\n\t\t\t<\/div>\n\t\t\t<\/div>\n<\/div>[\/vc_column][\/vc_row][vc_row css_animation=\u00a0\u00bb\u00a0\u00bb row_type=\u00a0\u00bbrow\u00a0\u00bb use_row_as_full_screen_section=\u00a0\u00bbno\u00a0\u00bb type=\u00a0\u00bbgrid\u00a0\u00bb angled_section=\u00a0\u00bbno\u00a0\u00bb text_align=\u00a0\u00bbleft\u00a0\u00bb background_image_as_pattern=\u00a0\u00bbwithout_pattern\u00a0\u00bb z_index=\u00a0\u00bb\u00a0\u00bb padding_bottom=\u00a0\u00bb20&Prime; padding_top=\u00a0\u00bb50&Prime;][vc_column css=\u00a0\u00bb.vc_custom_1655576646318{padding-bottom: 20px !important;}\u00a0\u00bb]<a  itemprop=\"url\" href=\"https:\/\/www.pogar.ch\/webnew\/services\/demande-de-devis\/\" target=\"_self\"  class=\"qbutton  default\" style=\"margin: 20px 0px 0px 0px; \">Demander un devis gratuit<\/a>[\/vc_column][\/vc_row]<\/p>\n<\/section>","protected":false},"excerpt":{"rendered":"<p>[vc_row css_animation=\u00a0\u00bb\u00a0\u00bb row_type=\u00a0\u00bbrow\u00a0\u00bb use_row_as_full_screen_section=\u00a0\u00bbno\u00a0\u00bb type=\u00a0\u00bbgrid\u00a0\u00bb angled_section=\u00a0\u00bbno\u00a0\u00bb text_align=\u00a0\u00bbleft\u00a0\u00bb background_image_as_pattern=\u00a0\u00bbwithout_pattern\u00a0\u00bb z_index=\u00a0\u00bb\u00a0\u00bb padding_bottom=\u00a0\u00bb0&Prime; padding_top=\u00a0\u00bb50&Prime;][vc_column][vc_separator type=\u00a0\u00bbtransparent\u00a0\u00bb thickness=\u00a0\u00bb1&Prime; up=\u00a0\u00bb-8&Prime;][vc_column_text] Portes de garage [\/vc_column_text][vc_separator type=\u00a0\u00bbsmall\u00a0\u00bb position=\u00a0\u00bbleft\u00a0\u00bb up=\u00a0\u00bb6&Prime; down=\u00a0\u00bb15&Prime;][vc_column_text] Les portes de garage industrielles [\/vc_column_text][\/vc_column][\/vc_row][vc_row css_animation=\u00a0\u00bb\u00a0\u00bb row_type=\u00a0\u00bbrow\u00a0\u00bb use_row_as_full_screen_section=\u00a0\u00bbno\u00a0\u00bb type=\u00a0\u00bbgrid\u00a0\u00bb angled_section=\u00a0\u00bbno\u00a0\u00bb text_align=\u00a0\u00bbleft\u00a0\u00bb background_image_as_pattern=\u00a0\u00bbwithout_pattern\u00a0\u00bb z_index=\u00a0\u00bb\u00a0\u00bb padding_bottom=\u00a0\u00bb0&Prime; padding_top=\u00a0\u00bb50&Prime;][vc_column][vc_column_text]Les portes de garage industrielles sont un choix&#8230;<\/p>\n","protected":false},"author":1,"featured_media":0,"parent":16195,"menu_order":0,"comment_status":"closed","ping_status":"closed","template":"full_width.php","meta":[],"yoast_head":"<!-- This site is optimized with the Yoast SEO Premium plugin v20.9 (Yoast SEO v20.9) - https:\/\/yoast.com\/wordpress\/plugins\/seo\/ -->\n<title>Portes de garage industrielles - Pogar S.A.<\/title>\n<meta name=\"description\" content=\"Les portes de garage industrielles sont un choix id\u00e9al pour les entreprises et les industries qui cherchent \u00e0 prot\u00e9ger leur \u00e9quipement et leur personnel.\" \/>\n<meta name=\"robots\" content=\"index, follow, max-snippet:-1, max-image-preview:large, max-video-preview:-1\" \/>\n<link rel=\"canonical\" href=\"https:\/\/www.pogar.ch\/webnew\/produits\/portes-de-garage\/portes-de-garage-industrielles\/\" \/>\n<meta property=\"og:locale\" content=\"fr_FR\" \/>\n<meta property=\"og:type\" content=\"article\" \/>\n<meta property=\"og:title\" content=\"Portes de garage industrielles\" \/>\n<meta property=\"og:description\" content=\"Les portes de garage industrielles sont un choix id\u00e9al pour les entreprises et les industries qui cherchent \u00e0 prot\u00e9ger leur \u00e9quipement et leur personnel.\" \/>\n<meta property=\"og:url\" content=\"https:\/\/www.pogar.ch\/webnew\/produits\/portes-de-garage\/portes-de-garage-industrielles\/\" \/>\n<meta property=\"og:site_name\" content=\"Pogar S.A.\" \/>\n<meta property=\"article:publisher\" content=\"https:\/\/www.facebook.com\/POGAR-Team-139006666269936\/\" \/>\n<meta property=\"article:modified_time\" content=\"2024-02-09T17:11:26+00:00\" \/>\n<meta name=\"twitter:card\" content=\"summary_large_image\" \/>\n<meta name=\"twitter:label1\" content=\"Dur\u00e9e de lecture estim\u00e9e\" \/>\n\t<meta name=\"twitter:data1\" content=\"3 minutes\" \/>\n<script type=\"application\/ld+json\" class=\"yoast-schema-graph\">{\"@context\":\"https:\/\/schema.org\",\"@graph\":[{\"@type\":\"WebPage\",\"@id\":\"https:\/\/www.pogar.ch\/webnew\/produits\/portes-de-garage\/portes-de-garage-industrielles\/\",\"url\":\"https:\/\/www.pogar.ch\/webnew\/produits\/portes-de-garage\/portes-de-garage-industrielles\/\",\"name\":\"Portes de garage industrielles - Pogar S.A.\",\"isPartOf\":{\"@id\":\"https:\/\/www.pogar.ch\/webnew\/#website\"},\"datePublished\":\"2019-10-23T06:14:04+00:00\",\"dateModified\":\"2024-02-09T17:11:26+00:00\",\"description\":\"Les portes de garage industrielles sont un choix id\u00e9al pour les entreprises et les industries qui cherchent \u00e0 prot\u00e9ger leur \u00e9quipement et leur personnel.\",\"breadcrumb\":{\"@id\":\"https:\/\/www.pogar.ch\/webnew\/produits\/portes-de-garage\/portes-de-garage-industrielles\/#breadcrumb\"},\"inLanguage\":\"fr-FR\",\"potentialAction\":[{\"@type\":\"ReadAction\",\"target\":[\"https:\/\/www.pogar.ch\/webnew\/produits\/portes-de-garage\/portes-de-garage-industrielles\/\"]}]},{\"@type\":\"BreadcrumbList\",\"@id\":\"https:\/\/www.pogar.ch\/webnew\/produits\/portes-de-garage\/portes-de-garage-industrielles\/#breadcrumb\",\"itemListElement\":[{\"@type\":\"ListItem\",\"position\":1,\"name\":\"Accueil\",\"item\":\"https:\/\/www.pogar.ch\/webnew\/\"},{\"@type\":\"ListItem\",\"position\":2,\"name\":\"Tous les produits\",\"item\":\"https:\/\/www.pogar.ch\/webnew\/produits\/\"},{\"@type\":\"ListItem\",\"position\":3,\"name\":\"Portes de garage standards\",\"item\":\"https:\/\/www.pogar.ch\/webnew\/produits\/portes-de-garage\/\"},{\"@type\":\"ListItem\",\"position\":4,\"name\":\"Portes de garage industrielles\"}]},{\"@type\":\"WebSite\",\"@id\":\"https:\/\/www.pogar.ch\/webnew\/#website\",\"url\":\"https:\/\/www.pogar.ch\/webnew\/\",\"name\":\"Pogar S.A.\",\"description\":\"Portes de garage - Portes d&#039;entr\u00e9e - Portails\",\"publisher\":{\"@id\":\"https:\/\/www.pogar.ch\/webnew\/#organization\"},\"potentialAction\":[{\"@type\":\"SearchAction\",\"target\":{\"@type\":\"EntryPoint\",\"urlTemplate\":\"https:\/\/www.pogar.ch\/webnew\/?s={search_term_string}\"},\"query-input\":\"required name=search_term_string\"}],\"inLanguage\":\"fr-FR\"},{\"@type\":\"Organization\",\"@id\":\"https:\/\/www.pogar.ch\/webnew\/#organization\",\"name\":\"Pogar S.A.\",\"url\":\"https:\/\/www.pogar.ch\/webnew\/\",\"logo\":{\"@type\":\"ImageObject\",\"inLanguage\":\"fr-FR\",\"@id\":\"https:\/\/www.pogar.ch\/webnew\/#\/schema\/logo\/image\/\",\"url\":\"https:\/\/www.pogar.ch\/webnew\/wp-content\/uploads\/2019\/09\/logo-positif-pogar.png\",\"contentUrl\":\"https:\/\/www.pogar.ch\/webnew\/wp-content\/uploads\/2019\/09\/logo-positif-pogar.png\",\"width\":254,\"height\":210,\"caption\":\"Pogar S.A.\"},\"image\":{\"@id\":\"https:\/\/www.pogar.ch\/webnew\/#\/schema\/logo\/image\/\"},\"sameAs\":[\"https:\/\/www.facebook.com\/POGAR-Team-139006666269936\/\",\"https:\/\/www.instagram.com\/pogar_sa\/\",\"https:\/\/www.linkedin.com\/company\/81284588\/\"]}]}<\/script>\n<!-- \/ Yoast SEO Premium plugin. -->","yoast_head_json":{"title":"Portes de garage industrielles - Pogar S.A.","description":"Les portes de garage industrielles sont un choix id\u00e9al pour les entreprises et les industries qui cherchent \u00e0 prot\u00e9ger leur \u00e9quipement et leur personnel.","robots":{"index":"index","follow":"follow","max-snippet":"max-snippet:-1","max-image-preview":"max-image-preview:large","max-video-preview":"max-video-preview:-1"},"canonical":"https:\/\/www.pogar.ch\/webnew\/produits\/portes-de-garage\/portes-de-garage-industrielles\/","og_locale":"fr_FR","og_type":"article","og_title":"Portes de garage industrielles","og_description":"Les portes de garage industrielles sont un choix id\u00e9al pour les entreprises et les industries qui cherchent \u00e0 prot\u00e9ger leur \u00e9quipement et leur personnel.","og_url":"https:\/\/www.pogar.ch\/webnew\/produits\/portes-de-garage\/portes-de-garage-industrielles\/","og_site_name":"Pogar S.A.","article_publisher":"https:\/\/www.facebook.com\/POGAR-Team-139006666269936\/","article_modified_time":"2024-02-09T17:11:26+00:00","twitter_card":"summary_large_image","twitter_misc":{"Dur\u00e9e de lecture estim\u00e9e":"3 minutes"},"schema":{"@context":"https:\/\/schema.org","@graph":[{"@type":"WebPage","@id":"https:\/\/www.pogar.ch\/webnew\/produits\/portes-de-garage\/portes-de-garage-industrielles\/","url":"https:\/\/www.pogar.ch\/webnew\/produits\/portes-de-garage\/portes-de-garage-industrielles\/","name":"Portes de garage industrielles - Pogar S.A.","isPartOf":{"@id":"https:\/\/www.pogar.ch\/webnew\/#website"},"datePublished":"2019-10-23T06:14:04+00:00","dateModified":"2024-02-09T17:11:26+00:00","description":"Les portes de garage industrielles sont un choix id\u00e9al pour les entreprises et les industries qui cherchent \u00e0 prot\u00e9ger leur \u00e9quipement et leur personnel.","breadcrumb":{"@id":"https:\/\/www.pogar.ch\/webnew\/produits\/portes-de-garage\/portes-de-garage-industrielles\/#breadcrumb"},"inLanguage":"fr-FR","potentialAction":[{"@type":"ReadAction","target":["https:\/\/www.pogar.ch\/webnew\/produits\/portes-de-garage\/portes-de-garage-industrielles\/"]}]},{"@type":"BreadcrumbList","@id":"https:\/\/www.pogar.ch\/webnew\/produits\/portes-de-garage\/portes-de-garage-industrielles\/#breadcrumb","itemListElement":[{"@type":"ListItem","position":1,"name":"Accueil","item":"https:\/\/www.pogar.ch\/webnew\/"},{"@type":"ListItem","position":2,"name":"Tous les produits","item":"https:\/\/www.pogar.ch\/webnew\/produits\/"},{"@type":"ListItem","position":3,"name":"Portes de garage standards","item":"https:\/\/www.pogar.ch\/webnew\/produits\/portes-de-garage\/"},{"@type":"ListItem","position":4,"name":"Portes de garage industrielles"}]},{"@type":"WebSite","@id":"https:\/\/www.pogar.ch\/webnew\/#website","url":"https:\/\/www.pogar.ch\/webnew\/","name":"Pogar S.A.","description":"Portes de garage - Portes d&#039;entr\u00e9e - Portails","publisher":{"@id":"https:\/\/www.pogar.ch\/webnew\/#organization"},"potentialAction":[{"@type":"SearchAction","target":{"@type":"EntryPoint","urlTemplate":"https:\/\/www.pogar.ch\/webnew\/?s={search_term_string}"},"query-input":"required name=search_term_string"}],"inLanguage":"fr-FR"},{"@type":"Organization","@id":"https:\/\/www.pogar.ch\/webnew\/#organization","name":"Pogar S.A.","url":"https:\/\/www.pogar.ch\/webnew\/","logo":{"@type":"ImageObject","inLanguage":"fr-FR","@id":"https:\/\/www.pogar.ch\/webnew\/#\/schema\/logo\/image\/","url":"https:\/\/www.pogar.ch\/webnew\/wp-content\/uploads\/2019\/09\/logo-positif-pogar.png","contentUrl":"https:\/\/www.pogar.ch\/webnew\/wp-content\/uploads\/2019\/09\/logo-positif-pogar.png","width":254,"height":210,"caption":"Pogar S.A."},"image":{"@id":"https:\/\/www.pogar.ch\/webnew\/#\/schema\/logo\/image\/"},"sameAs":["https:\/\/www.facebook.com\/POGAR-Team-139006666269936\/","https:\/\/www.instagram.com\/pogar_sa\/","https:\/\/www.linkedin.com\/company\/81284588\/"]}]}},"_links":{"self":[{"href":"https:\/\/www.pogar.ch\/webnew\/wp-json\/wp\/v2\/pages\/16519"}],"collection":[{"href":"https:\/\/www.pogar.ch\/webnew\/wp-json\/wp\/v2\/pages"}],"about":[{"href":"https:\/\/www.pogar.ch\/webnew\/wp-json\/wp\/v2\/types\/page"}],"author":[{"embeddable":true,"href":"https:\/\/www.pogar.ch\/webnew\/wp-json\/wp\/v2\/users\/1"}],"replies":[{"embeddable":true,"href":"https:\/\/www.pogar.ch\/webnew\/wp-json\/wp\/v2\/comments?post=16519"}],"version-history":[{"count":23,"href":"https:\/\/www.pogar.ch\/webnew\/wp-json\/wp\/v2\/pages\/16519\/revisions"}],"predecessor-version":[{"id":17207,"href":"https:\/\/www.pogar.ch\/webnew\/wp-json\/wp\/v2\/pages\/16519\/revisions\/17207"}],"up":[{"embeddable":true,"href":"https:\/\/www.pogar.ch\/webnew\/wp-json\/wp\/v2\/pages\/16195"}],"wp:attachment":[{"href":"https:\/\/www.pogar.ch\/webnew\/wp-json\/wp\/v2\/media?parent=16519"}],"curies":[{"name":"wp","href":"https:\/\/api.w.org\/{rel}","templated":true}]}}