{"id":16327,"date":"2019-09-23T11:22:24","date_gmt":"2019-09-23T09:22:24","guid":{"rendered":"https:\/\/www.pogar.ch\/webnew\/?page_id=16327"},"modified":"2024-02-09T18:34:43","modified_gmt":"2024-02-09T17:34:43","slug":"contrat-dentretien","status":"publish","type":"page","link":"https:\/\/www.pogar.ch\/webnew\/services\/contrat-dentretien\/","title":{"rendered":"Contrat d&rsquo;entretien"},"content":{"rendered":"<section class=\"wpb-content-wrapper\"><p>[vc_row css_animation=\u00a0\u00bb\u00a0\u00bb row_type=\u00a0\u00bbrow\u00a0\u00bb use_row_as_full_screen_section=\u00a0\u00bbno\u00a0\u00bb type=\u00a0\u00bbfull_width\u00a0\u00bb angled_section=\u00a0\u00bbno\u00a0\u00bb text_align=\u00a0\u00bbleft\u00a0\u00bb background_image_as_pattern=\u00a0\u00bbwithout_pattern\u00a0\u00bb][vc_column][qode_elements_holder number_of_columns=\u00a0\u00bbtwo_columns\u00a0\u00bb switch_to_one_column=\u00a0\u00bb1000&Prime;][qode_elements_holder_item advanced_animations=\u00a0\u00bbno\u00a0\u00bb item_padding=\u00a0\u00bb20px 9% 30px 9%\u00a0\u00bb][vc_separator type=\u00a0\u00bbtransparent\u00a0\u00bb thickness=\u00a0\u00bb1&Prime; up=\u00a0\u00bb-8&Prime;][vc_column_text]<\/p>\n<h5>Service<\/h5>\n<p>[\/vc_column_text][vc_separator type=\u00a0\u00bbsmall\u00a0\u00bb position=\u00a0\u00bbleft\u00a0\u00bb up=\u00a0\u00bb6&Prime; down=\u00a0\u00bb15&Prime;][vc_column_text]<\/p>\n<h1>Contrat d&rsquo;entretien<\/h1>\n<p>[\/vc_column_text][vc_separator type=\u00a0\u00bbtransparent\u00a0\u00bb thickness=\u00a0\u00bb1&Prime; up=\u00a0\u00bb25&Prime; down=\u00a0\u00bb0&Prime;][vc_column_text]Afin d\u2019optimiser leur performance et leur long\u00e9vit\u00e9, vos portails, portes ou grilles de s\u00e9curit\u00e9 ont besoin d\u2019entretien r\u00e9gulier. <strong>Notre service d\u2019entretien \u00e0 la demande remplira toutes ces exigences !<\/strong>[\/vc_column_text][vc_separator type=\u00a0\u00bbtransparent\u00a0\u00bb thickness=\u00a0\u00bb1&Prime; up=\u00a0\u00bb31&Prime; down=\u00a0\u00bb0&Prime;]<a  itemprop=\"url\" href=\"https:\/\/www.pogar.ch\/webnew\/contact\/\" target=\"_self\"  class=\"qbutton  small default\" style=\"\">Contactez-nous<\/a>[\/qode_elements_holder_item][qode_elements_holder_item advanced_animations=\u00a0\u00bbno\u00a0\u00bb item_padding=\u00a0\u00bb0px 0px 0px 0px\u00a0\u00bb][vc_single_image image=\u00a0\u00bb16397&Prime; img_size=\u00a0\u00bbfull\u00a0\u00bb alignment=\u00a0\u00bbright\u00a0\u00bb qode_css_animation=\u00a0\u00bb\u00a0\u00bb][\/qode_elements_holder_item][\/qode_elements_holder][\/vc_column][\/vc_row]<\/p>\n<\/section>","protected":false},"excerpt":{"rendered":"<p>[vc_row css_animation=\u00a0\u00bb\u00a0\u00bb row_type=\u00a0\u00bbrow\u00a0\u00bb use_row_as_full_screen_section=\u00a0\u00bbno\u00a0\u00bb type=\u00a0\u00bbfull_width\u00a0\u00bb angled_section=\u00a0\u00bbno\u00a0\u00bb text_align=\u00a0\u00bbleft\u00a0\u00bb background_image_as_pattern=\u00a0\u00bbwithout_pattern\u00a0\u00bb][vc_column][qode_elements_holder number_of_columns=\u00a0\u00bbtwo_columns\u00a0\u00bb switch_to_one_column=\u00a0\u00bb1000&Prime;][qode_elements_holder_item advanced_animations=\u00a0\u00bbno\u00a0\u00bb item_padding=\u00a0\u00bb20px 9% 30px 9%\u00a0\u00bb][vc_separator type=\u00a0\u00bbtransparent\u00a0\u00bb thickness=\u00a0\u00bb1&Prime; up=\u00a0\u00bb-8&Prime;][vc_column_text] Service [\/vc_column_text][vc_separator type=\u00a0\u00bbsmall\u00a0\u00bb position=\u00a0\u00bbleft\u00a0\u00bb up=\u00a0\u00bb6&Prime; down=\u00a0\u00bb15&Prime;][vc_column_text] Contrat d&rsquo;entretien [\/vc_column_text][vc_separator type=\u00a0\u00bbtransparent\u00a0\u00bb thickness=\u00a0\u00bb1&Prime; up=\u00a0\u00bb25&Prime; down=\u00a0\u00bb0&Prime;][vc_column_text]Afin d\u2019optimiser leur performance et leur long\u00e9vit\u00e9, vos portails, portes ou grilles de s\u00e9curit\u00e9 ont&#8230;<\/p>\n","protected":false},"author":1,"featured_media":0,"parent":16340,"menu_order":0,"comment_status":"closed","ping_status":"open","template":"full_width.php","meta":[],"yoast_head":"<!-- This site is optimized with the Yoast SEO Premium plugin v20.9 (Yoast SEO v20.9) - https:\/\/yoast.com\/wordpress\/plugins\/seo\/ -->\n<title>Contrat d&#039;entretien - Pogar S.A.<\/title>\n<meta name=\"description\" content=\"Afin d\u2019optimiser leur performance et leur long\u00e9vit\u00e9, vos portails, vos portes ou vos grilles de s\u00e9curit\u00e9 ont besoin d\u2019entretien r\u00e9gulier.\" \/>\n<meta name=\"robots\" content=\"index, follow, max-snippet:-1, max-image-preview:large, max-video-preview:-1\" \/>\n<link rel=\"canonical\" href=\"https:\/\/www.pogar.ch\/webnew\/services\/contrat-dentretien\/\" \/>\n<meta property=\"og:locale\" content=\"fr_FR\" \/>\n<meta property=\"og:type\" content=\"article\" \/>\n<meta property=\"og:title\" content=\"Contrat d&#039;entretien\" \/>\n<meta property=\"og:description\" content=\"Afin d\u2019optimiser leur performance et leur long\u00e9vit\u00e9, vos portails, vos portes ou vos grilles de s\u00e9curit\u00e9 ont besoin d\u2019entretien r\u00e9gulier.\" \/>\n<meta property=\"og:url\" content=\"https:\/\/www.pogar.ch\/webnew\/services\/contrat-dentretien\/\" \/>\n<meta property=\"og:site_name\" content=\"Pogar S.A.\" \/>\n<meta property=\"article:publisher\" content=\"https:\/\/www.facebook.com\/POGAR-Team-139006666269936\/\" \/>\n<meta property=\"article:modified_time\" content=\"2024-02-09T17:34:43+00:00\" \/>\n<meta name=\"twitter:card\" content=\"summary_large_image\" \/>\n<meta name=\"twitter:label1\" content=\"Dur\u00e9e de lecture estim\u00e9e\" \/>\n\t<meta name=\"twitter:data1\" content=\"1 minute\" \/>\n<script type=\"application\/ld+json\" class=\"yoast-schema-graph\">{\"@context\":\"https:\/\/schema.org\",\"@graph\":[{\"@type\":\"WebPage\",\"@id\":\"https:\/\/www.pogar.ch\/webnew\/services\/contrat-dentretien\/\",\"url\":\"https:\/\/www.pogar.ch\/webnew\/services\/contrat-dentretien\/\",\"name\":\"Contrat d'entretien - Pogar S.A.\",\"isPartOf\":{\"@id\":\"https:\/\/www.pogar.ch\/webnew\/#website\"},\"datePublished\":\"2019-09-23T09:22:24+00:00\",\"dateModified\":\"2024-02-09T17:34:43+00:00\",\"description\":\"Afin d\u2019optimiser leur performance et leur long\u00e9vit\u00e9, vos portails, vos portes ou vos grilles de s\u00e9curit\u00e9 ont besoin d\u2019entretien r\u00e9gulier.\",\"breadcrumb\":{\"@id\":\"https:\/\/www.pogar.ch\/webnew\/services\/contrat-dentretien\/#breadcrumb\"},\"inLanguage\":\"fr-FR\",\"potentialAction\":[{\"@type\":\"ReadAction\",\"target\":[\"https:\/\/www.pogar.ch\/webnew\/services\/contrat-dentretien\/\"]}]},{\"@type\":\"BreadcrumbList\",\"@id\":\"https:\/\/www.pogar.ch\/webnew\/services\/contrat-dentretien\/#breadcrumb\",\"itemListElement\":[{\"@type\":\"ListItem\",\"position\":1,\"name\":\"Accueil\",\"item\":\"https:\/\/www.pogar.ch\/webnew\/\"},{\"@type\":\"ListItem\",\"position\":2,\"name\":\"Services\",\"item\":\"https:\/\/www.pogar.ch\/webnew\/services\/\"},{\"@type\":\"ListItem\",\"position\":3,\"name\":\"Contrat d&rsquo;entretien\"}]},{\"@type\":\"WebSite\",\"@id\":\"https:\/\/www.pogar.ch\/webnew\/#website\",\"url\":\"https:\/\/www.pogar.ch\/webnew\/\",\"name\":\"Pogar S.A.\",\"description\":\"Portes de garage - Portes d&#039;entr\u00e9e - Portails\",\"publisher\":{\"@id\":\"https:\/\/www.pogar.ch\/webnew\/#organization\"},\"potentialAction\":[{\"@type\":\"SearchAction\",\"target\":{\"@type\":\"EntryPoint\",\"urlTemplate\":\"https:\/\/www.pogar.ch\/webnew\/?s={search_term_string}\"},\"query-input\":\"required name=search_term_string\"}],\"inLanguage\":\"fr-FR\"},{\"@type\":\"Organization\",\"@id\":\"https:\/\/www.pogar.ch\/webnew\/#organization\",\"name\":\"Pogar S.A.\",\"url\":\"https:\/\/www.pogar.ch\/webnew\/\",\"logo\":{\"@type\":\"ImageObject\",\"inLanguage\":\"fr-FR\",\"@id\":\"https:\/\/www.pogar.ch\/webnew\/#\/schema\/logo\/image\/\",\"url\":\"https:\/\/www.pogar.ch\/webnew\/wp-content\/uploads\/2019\/09\/logo-positif-pogar.png\",\"contentUrl\":\"https:\/\/www.pogar.ch\/webnew\/wp-content\/uploads\/2019\/09\/logo-positif-pogar.png\",\"width\":254,\"height\":210,\"caption\":\"Pogar S.A.\"},\"image\":{\"@id\":\"https:\/\/www.pogar.ch\/webnew\/#\/schema\/logo\/image\/\"},\"sameAs\":[\"https:\/\/www.facebook.com\/POGAR-Team-139006666269936\/\",\"https:\/\/www.instagram.com\/pogar_sa\/\",\"https:\/\/www.linkedin.com\/company\/81284588\/\"]}]}<\/script>\n<!-- \/ Yoast SEO Premium plugin. -->","yoast_head_json":{"title":"Contrat d'entretien - Pogar S.A.","description":"Afin d\u2019optimiser leur performance et leur long\u00e9vit\u00e9, vos portails, vos portes ou vos grilles de s\u00e9curit\u00e9 ont besoin d\u2019entretien r\u00e9gulier.","robots":{"index":"index","follow":"follow","max-snippet":"max-snippet:-1","max-image-preview":"max-image-preview:large","max-video-preview":"max-video-preview:-1"},"canonical":"https:\/\/www.pogar.ch\/webnew\/services\/contrat-dentretien\/","og_locale":"fr_FR","og_type":"article","og_title":"Contrat d'entretien","og_description":"Afin d\u2019optimiser leur performance et leur long\u00e9vit\u00e9, vos portails, vos portes ou vos grilles de s\u00e9curit\u00e9 ont besoin d\u2019entretien r\u00e9gulier.","og_url":"https:\/\/www.pogar.ch\/webnew\/services\/contrat-dentretien\/","og_site_name":"Pogar S.A.","article_publisher":"https:\/\/www.facebook.com\/POGAR-Team-139006666269936\/","article_modified_time":"2024-02-09T17:34:43+00:00","twitter_card":"summary_large_image","twitter_misc":{"Dur\u00e9e de lecture estim\u00e9e":"1 minute"},"schema":{"@context":"https:\/\/schema.org","@graph":[{"@type":"WebPage","@id":"https:\/\/www.pogar.ch\/webnew\/services\/contrat-dentretien\/","url":"https:\/\/www.pogar.ch\/webnew\/services\/contrat-dentretien\/","name":"Contrat d'entretien - Pogar S.A.","isPartOf":{"@id":"https:\/\/www.pogar.ch\/webnew\/#website"},"datePublished":"2019-09-23T09:22:24+00:00","dateModified":"2024-02-09T17:34:43+00:00","description":"Afin d\u2019optimiser leur performance et leur long\u00e9vit\u00e9, vos portails, vos portes ou vos grilles de s\u00e9curit\u00e9 ont besoin d\u2019entretien r\u00e9gulier.","breadcrumb":{"@id":"https:\/\/www.pogar.ch\/webnew\/services\/contrat-dentretien\/#breadcrumb"},"inLanguage":"fr-FR","potentialAction":[{"@type":"ReadAction","target":["https:\/\/www.pogar.ch\/webnew\/services\/contrat-dentretien\/"]}]},{"@type":"BreadcrumbList","@id":"https:\/\/www.pogar.ch\/webnew\/services\/contrat-dentretien\/#breadcrumb","itemListElement":[{"@type":"ListItem","position":1,"name":"Accueil","item":"https:\/\/www.pogar.ch\/webnew\/"},{"@type":"ListItem","position":2,"name":"Services","item":"https:\/\/www.pogar.ch\/webnew\/services\/"},{"@type":"ListItem","position":3,"name":"Contrat d&rsquo;entretien"}]},{"@type":"WebSite","@id":"https:\/\/www.pogar.ch\/webnew\/#website","url":"https:\/\/www.pogar.ch\/webnew\/","name":"Pogar S.A.","description":"Portes de garage - Portes d&#039;entr\u00e9e - Portails","publisher":{"@id":"https:\/\/www.pogar.ch\/webnew\/#organization"},"potentialAction":[{"@type":"SearchAction","target":{"@type":"EntryPoint","urlTemplate":"https:\/\/www.pogar.ch\/webnew\/?s={search_term_string}"},"query-input":"required name=search_term_string"}],"inLanguage":"fr-FR"},{"@type":"Organization","@id":"https:\/\/www.pogar.ch\/webnew\/#organization","name":"Pogar S.A.","url":"https:\/\/www.pogar.ch\/webnew\/","logo":{"@type":"ImageObject","inLanguage":"fr-FR","@id":"https:\/\/www.pogar.ch\/webnew\/#\/schema\/logo\/image\/","url":"https:\/\/www.pogar.ch\/webnew\/wp-content\/uploads\/2019\/09\/logo-positif-pogar.png","contentUrl":"https:\/\/www.pogar.ch\/webnew\/wp-content\/uploads\/2019\/09\/logo-positif-pogar.png","width":254,"height":210,"caption":"Pogar S.A."},"image":{"@id":"https:\/\/www.pogar.ch\/webnew\/#\/schema\/logo\/image\/"},"sameAs":["https:\/\/www.facebook.com\/POGAR-Team-139006666269936\/","https:\/\/www.instagram.com\/pogar_sa\/","https:\/\/www.linkedin.com\/company\/81284588\/"]}]}},"_links":{"self":[{"href":"https:\/\/www.pogar.ch\/webnew\/wp-json\/wp\/v2\/pages\/16327"}],"collection":[{"href":"https:\/\/www.pogar.ch\/webnew\/wp-json\/wp\/v2\/pages"}],"about":[{"href":"https:\/\/www.pogar.ch\/webnew\/wp-json\/wp\/v2\/types\/page"}],"author":[{"embeddable":true,"href":"https:\/\/www.pogar.ch\/webnew\/wp-json\/wp\/v2\/users\/1"}],"replies":[{"embeddable":true,"href":"https:\/\/www.pogar.ch\/webnew\/wp-json\/wp\/v2\/comments?post=16327"}],"version-history":[{"count":5,"href":"https:\/\/www.pogar.ch\/webnew\/wp-json\/wp\/v2\/pages\/16327\/revisions"}],"predecessor-version":[{"id":17230,"href":"https:\/\/www.pogar.ch\/webnew\/wp-json\/wp\/v2\/pages\/16327\/revisions\/17230"}],"up":[{"embeddable":true,"href":"https:\/\/www.pogar.ch\/webnew\/wp-json\/wp\/v2\/pages\/16340"}],"wp:attachment":[{"href":"https:\/\/www.pogar.ch\/webnew\/wp-json\/wp\/v2\/media?parent=16327"}],"curies":[{"name":"wp","href":"https:\/\/api.w.org\/{rel}","templated":true}]}}