{"id":16204,"date":"2019-09-22T12:42:00","date_gmt":"2019-09-22T10:42:00","guid":{"rendered":"https:\/\/www.pogar.ch\/webnew\/?page_id=16204"},"modified":"2024-10-14T10:12:32","modified_gmt":"2024-10-14T08:12:32","slug":"portes-de-garages-residentielles","status":"publish","type":"page","link":"https:\/\/www.pogar.ch\/webnew\/produits\/portes-de-garage\/portes-de-garages-residentielles\/","title":{"rendered":"Portes de garage r\u00e9sidentielles"},"content":{"rendered":"<section class=\"wpb-content-wrapper\"><p>[vc_row css_animation=\u00a0\u00bb\u00a0\u00bb row_type=\u00a0\u00bbrow\u00a0\u00bb use_row_as_full_screen_section=\u00a0\u00bbno\u00a0\u00bb type=\u00a0\u00bbgrid\u00a0\u00bb angled_section=\u00a0\u00bbno\u00a0\u00bb text_align=\u00a0\u00bbleft\u00a0\u00bb background_image_as_pattern=\u00a0\u00bbwithout_pattern\u00a0\u00bb z_index=\u00a0\u00bb\u00a0\u00bb padding_bottom=\u00a0\u00bb0&Prime; padding_top=\u00a0\u00bb50&Prime;][vc_column][vc_separator type=\u00a0\u00bbtransparent\u00a0\u00bb thickness=\u00a0\u00bb1&Prime; up=\u00a0\u00bb-8&Prime;][vc_column_text]<\/p>\n<h5>Portes de garage<\/h5>\n<p>[\/vc_column_text][vc_separator type=\u00a0\u00bbsmall\u00a0\u00bb position=\u00a0\u00bbleft\u00a0\u00bb up=\u00a0\u00bb6&Prime; down=\u00a0\u00bb15&Prime;][vc_column_text]<\/p>\n<h1>Les portes de garage r\u00e9sidentielles<\/h1>\n<p>[\/vc_column_text][vc_separator type=\u00a0\u00bbtransparent\u00a0\u00bb thickness=\u00a0\u00bb1&Prime; up=\u00a0\u00bb25&Prime; down=\u00a0\u00bb0&Prime;][vc_column_text]Les portes de garage r\u00e9sidentielles sont un \u00e9l\u00e9ment important de toute maison. Elles assurent la s\u00e9curit\u00e9 de votre maison et de votre v\u00e9hicule, tout en \u00e9tant un \u00e9l\u00e9ment de design important. Il existe de nombreux types de portes de garage r\u00e9sidentielles, chacun avec ses propres avantages et inconv\u00e9nients.<\/p>\n<p>&nbsp;<\/p>\n<p>Les portes de garage en bois sont esth\u00e9tiquement agr\u00e9ables, mais n\u00e9cessitent un entretien r\u00e9gulier pour maintenir leur aspect et leur dur\u00e9e de vie. Les portes de garage en m\u00e9tal, comme l&rsquo;aluminium ou l&rsquo;acier, sont plus durables et n\u00e9cessitent moins d&rsquo;entretien, mais peuvent \u00eatre plus co\u00fbteuses \u00e0 l&rsquo;achat.<\/p>\n<p>&nbsp;<\/p>\n<p>Il existe \u00e9galement des portes de garage en PVC, qui sont \u00e9galement durables et faciles \u00e0 entretenir, mais qui ont l&rsquo;inconv\u00e9nient d&rsquo;\u00eatre moins esth\u00e9tiques que les autres mat\u00e9riaux.<\/p>\n<p>&nbsp;<\/p>\n<p>Les portes de garage motoris\u00e9es sont de plus en plus populaires, car elles sont pratiques et faciles \u00e0 utiliser. Elles sont \u00e9galement plus s\u00e9curis\u00e9es, car elles peuvent \u00eatre verrouill\u00e9es et d\u00e9verrouill\u00e9es \u00e0 distance. Cependant, elles n\u00e9cessitent l&rsquo;installation d&rsquo;un syst\u00e8me de motorisation.<\/p>\n<p>&nbsp;<\/p>\n<p>Il est important de prendre le temps de consid\u00e9rer vos besoins et votre budget avant de d\u00e9cider quel type de porte de garage r\u00e9sidentielle est le mieux adapt\u00e9 \u00e0 votre maison. En faisant une recherche approfondie et en comparant les diff\u00e9rentes options, <strong>vous pourrez trouver chez POGAR SA la porte de garage qui r\u00e9pond le mieux \u00e0 vos besoins et \u00e0 votre budget.<\/strong><\/p>\n<p>&nbsp;<\/p>\n<p>Ci-dessous les cat\u00e9gories de portes de garage r\u00e9sidentielles en vente chez POGAR SA.[\/vc_column_text][\/vc_column][\/vc_row][vc_row css_animation=\u00a0\u00bb\u00a0\u00bb row_type=\u00a0\u00bbrow\u00a0\u00bb use_row_as_full_screen_section=\u00a0\u00bbno\u00a0\u00bb type=\u00a0\u00bbgrid\u00a0\u00bb angled_section=\u00a0\u00bbno\u00a0\u00bb text_align=\u00a0\u00bbleft\u00a0\u00bb background_image_as_pattern=\u00a0\u00bbwithout_pattern\u00a0\u00bb z_index=\u00a0\u00bb\u00a0\u00bb padding_bottom=\u00a0\u00bb0&Prime; padding_top=\u00a0\u00bb50&Prime;][vc_column][vc_column_text]<\/p>\n<h2>Notre diversit\u00e9 de portes n\u2019a d\u2019\u00e9gal que vos envies car nos portes s\u2019ouvrent aussi \u00e0 votre cr\u00e9ativit\u00e9 !<\/h2>\n<p>[\/vc_column_text][\/vc_column][\/vc_row][vc_row css_animation=\u00a0\u00bb\u00a0\u00bb row_type=\u00a0\u00bbrow\u00a0\u00bb use_row_as_full_screen_section=\u00a0\u00bbno\u00a0\u00bb type=\u00a0\u00bbgrid\u00a0\u00bb angled_section=\u00a0\u00bbno\u00a0\u00bb text_align=\u00a0\u00bbleft\u00a0\u00bb background_image_as_pattern=\u00a0\u00bbwithout_pattern\u00a0\u00bb z_index=\u00a0\u00bb\u00a0\u00bb padding_bottom=\u00a0\u00bb20&Prime; padding_top=\u00a0\u00bb50&Prime;][vc_column css=\u00a0\u00bb.vc_custom_1655576646318{padding-bottom: 20px !important;}\u00a0\u00bb]<a  itemprop=\"url\" href=\"https:\/\/www.pogar.ch\/webnew\/services\/demande-de-devis\/\" target=\"_self\"  class=\"qbutton  default\" style=\"margin: 20px 0px 0px 0px; \">Demander un devis gratuit<\/a>[\/vc_column][\/vc_row][vc_row css_animation=\u00a0\u00bb\u00a0\u00bb row_type=\u00a0\u00bbrow\u00a0\u00bb use_row_as_full_screen_section=\u00a0\u00bbno\u00a0\u00bb type=\u00a0\u00bbgrid\u00a0\u00bb angled_section=\u00a0\u00bbno\u00a0\u00bb text_align=\u00a0\u00bbleft\u00a0\u00bb background_image_as_pattern=\u00a0\u00bbwithout_pattern\u00a0\u00bb z_index=\u00a0\u00bb\u00a0\u00bb padding_bottom=\u00a0\u00bb20&Prime; padding_top=\u00a0\u00bb50&Prime;][vc_column width=\u00a0\u00bb1\/3&Prime; css=\u00a0\u00bb.vc_custom_1655576646318{padding-bottom: 20px !important;}\u00a0\u00bb][vc_single_image image=\u00a0\u00bb17146&Prime; qode_css_animation=\u00a0\u00bb\u00a0\u00bb][\/vc_column][vc_column width=\u00a0\u00bb2\/3&Prime;][vc_column_text]<\/p>\n<h3>Portes de garage battantes<\/h3>\n<p>Les portes de garage battantes, \u00e9galement connues sous le nom de portes \u00e0 deux battants, sont une option populaire pour de nombreux propri\u00e9taires gr\u00e2ce \u00e0 leur esth\u00e9tique classique et \u00e0 leur robustesse. Elles offrent une s\u00e9curit\u00e9 optimale et s&rsquo;int\u00e8grent parfaitement dans le paysage de votre maison, qu&rsquo;il soit traditionnel ou contemporain.[\/vc_column_text]<a  itemprop=\"url\" href=\"https:\/\/www.pogar.ch\/webnew\/produits\/portes-de-garage\/portes-de-garages-residentielles\/portes-de-garage-battantes\/\" target=\"_self\"  class=\"qbutton  default\" style=\"margin: 20px 0px 0px 0px; \">Voir les portes de garage battantes<\/a>[\/vc_column][\/vc_row][vc_row css_animation=\u00a0\u00bb\u00a0\u00bb row_type=\u00a0\u00bbrow\u00a0\u00bb use_row_as_full_screen_section=\u00a0\u00bbno\u00a0\u00bb type=\u00a0\u00bbgrid\u00a0\u00bb angled_section=\u00a0\u00bbno\u00a0\u00bb text_align=\u00a0\u00bbleft\u00a0\u00bb background_image_as_pattern=\u00a0\u00bbwithout_pattern\u00a0\u00bb z_index=\u00a0\u00bb\u00a0\u00bb padding_bottom=\u00a0\u00bb20&Prime; padding_top=\u00a0\u00bb50&Prime;][vc_column width=\u00a0\u00bb1\/3&Prime; css=\u00a0\u00bb.vc_custom_1655576646318{padding-bottom: 20px !important;}\u00a0\u00bb][vc_single_image image=\u00a0\u00bb16478&Prime; qode_css_animation=\u00a0\u00bb\u00a0\u00bb][\/vc_column][vc_column width=\u00a0\u00bb2\/3&Prime;][vc_column_text]<\/p>\n<h3>Portes de garage coulissantes<\/h3>\n<p>La porte de garage coulissante suit naturellement le mur lat\u00e9ral et n\u2019offre aucun encombrement du plafond. Disponible en acier, aluminium, vitrage ou encore en bois massif.[\/vc_column_text]<a  itemprop=\"url\" href=\"https:\/\/www.pogar.ch\/webnew\/produits\/portes-de-garage\/portes-de-garages-residentielles\/portes-de-garage-coulissantes\/\" target=\"_self\"  class=\"qbutton  default\" style=\"margin: 20px 0px 0px 0px; \">Voir les portes de garage coulissantes<\/a>[\/vc_column][\/vc_row][vc_row css_animation=\u00a0\u00bb\u00a0\u00bb row_type=\u00a0\u00bbrow\u00a0\u00bb use_row_as_full_screen_section=\u00a0\u00bbno\u00a0\u00bb type=\u00a0\u00bbgrid\u00a0\u00bb angled_section=\u00a0\u00bbno\u00a0\u00bb text_align=\u00a0\u00bbleft\u00a0\u00bb background_image_as_pattern=\u00a0\u00bbwithout_pattern\u00a0\u00bb z_index=\u00a0\u00bb\u00a0\u00bb padding_bottom=\u00a0\u00bb20&Prime; padding_top=\u00a0\u00bb50&Prime;][vc_column width=\u00a0\u00bb1\/3&Prime; css=\u00a0\u00bb.vc_custom_1655576646318{padding-bottom: 20px !important;}\u00a0\u00bb][vc_single_image image=\u00a0\u00bb16493&Prime; qode_css_animation=\u00a0\u00bb\u00a0\u00bb][\/vc_column][vc_column width=\u00a0\u00bb2\/3&Prime;][vc_column_text]<\/p>\n<h3>Portes de garage sectionnelles<\/h3>\n<p>Qu\u2019elle soit en acier, en aluminium, en vitrage ou en bois massif, la porte de garage sectionnelle suit l\u2019inclinaison du toit et offre un faible encombrement tout en respectant l\u2019esth\u00e9tique du b\u00e2timent.[\/vc_column_text]<a  itemprop=\"url\" href=\"https:\/\/www.pogar.ch\/webnew\/produits\/portes-de-garage\/portes-de-garages-residentielles\/portes-de-garage-sectionnelles\/\" target=\"_self\"  class=\"qbutton  default\" style=\"margin: 20px 0px 0px 0px; \">Voir les portes de garage sectionnelles<\/a>[\/vc_column][\/vc_row][vc_row css_animation=\u00a0\u00bb\u00a0\u00bb row_type=\u00a0\u00bbrow\u00a0\u00bb use_row_as_full_screen_section=\u00a0\u00bbno\u00a0\u00bb type=\u00a0\u00bbgrid\u00a0\u00bb angled_section=\u00a0\u00bbno\u00a0\u00bb text_align=\u00a0\u00bbleft\u00a0\u00bb background_image_as_pattern=\u00a0\u00bbwithout_pattern\u00a0\u00bb z_index=\u00a0\u00bb\u00a0\u00bb padding_bottom=\u00a0\u00bb20&Prime; padding_top=\u00a0\u00bb50&Prime;][vc_column width=\u00a0\u00bb1\/3&Prime; css=\u00a0\u00bb.vc_custom_1655576646318{padding-bottom: 20px !important;}\u00a0\u00bb][vc_single_image image=\u00a0\u00bb16510&Prime; qode_css_animation=\u00a0\u00bb\u00a0\u00bb][\/vc_column][vc_column width=\u00a0\u00bb2\/3&Prime;][vc_column_text]<\/p>\n<h3>Portes de garage \u00e0 rouleau<\/h3>\n<p>En aluminium, la porte de garage \u00e0 rouleau dispose d\u2019un syst\u00e8me d\u2019enroulement rapide et d\u2019une isolation acoustique id\u00e9ale. Elle s\u2019adapte aussi bien \u00e0 un montage en ext\u00e9rieur qu\u2019en int\u00e9rieur.[\/vc_column_text]<a  itemprop=\"url\" href=\"https:\/\/www.pogar.ch\/webnew\/produits\/portes-de-garage\/portes-de-garages-residentielles\/portes-de-garage-a-rouleau\/\" target=\"_self\"  class=\"qbutton  default\" style=\"margin: 20px 0px 0px 0px; \">Voir les portes de garage \u00e0 rouleau<\/a>[\/vc_column][\/vc_row][vc_row css_animation=\u00a0\u00bb\u00a0\u00bb row_type=\u00a0\u00bbrow\u00a0\u00bb use_row_as_full_screen_section=\u00a0\u00bbno\u00a0\u00bb type=\u00a0\u00bbgrid\u00a0\u00bb angled_section=\u00a0\u00bbno\u00a0\u00bb text_align=\u00a0\u00bbleft\u00a0\u00bb background_image_as_pattern=\u00a0\u00bbwithout_pattern\u00a0\u00bb z_index=\u00a0\u00bb\u00a0\u00bb padding_bottom=\u00a0\u00bb20&Prime; padding_top=\u00a0\u00bb50&Prime;][vc_column width=\u00a0\u00bb1\/3&Prime; css=\u00a0\u00bb.vc_custom_1655576646318{padding-bottom: 20px !important;}\u00a0\u00bb][vc_single_image image=\u00a0\u00bb16516&Prime; qode_css_animation=\u00a0\u00bb\u00a0\u00bb][\/vc_column][vc_column width=\u00a0\u00bb2\/3&Prime;][vc_column_text]<\/p>\n<h3>Portes de garage basculantes<\/h3>\n<p>En acier, en aluminium, ou en bois massif, la porte de garage basculante vous offre une solution de fermeture efficace et robuste.[\/vc_column_text]<a  itemprop=\"url\" href=\"https:\/\/www.pogar.ch\/webnew\/produits\/portes-de-garage\/portes-de-garages-residentielles\/portes-de-garage-basculantes\/\" target=\"_self\"  class=\"qbutton  default\" style=\"margin: 20px 0px 0px 0px; \">Voir les portes de garage basculantes<\/a>[\/vc_column][\/vc_row][vc_row css_animation=\u00a0\u00bb\u00a0\u00bb row_type=\u00a0\u00bbrow\u00a0\u00bb use_row_as_full_screen_section=\u00a0\u00bbno\u00a0\u00bb type=\u00a0\u00bbgrid\u00a0\u00bb angled_section=\u00a0\u00bbno\u00a0\u00bb text_align=\u00a0\u00bbleft\u00a0\u00bb background_image_as_pattern=\u00a0\u00bbwithout_pattern\u00a0\u00bb z_index=\u00a0\u00bb\u00a0\u00bb padding_bottom=\u00a0\u00bb20&Prime; padding_top=\u00a0\u00bb50&Prime;][vc_column css=\u00a0\u00bb.vc_custom_1655576646318{padding-bottom: 20px !important;}\u00a0\u00bb]<a  itemprop=\"url\" href=\"https:\/\/www.pogar.ch\/webnew\/services\/demande-de-devis\/\" target=\"_self\"  class=\"qbutton  default\" style=\"margin: 20px 0px 0px 0px; \">Demander un devis gratuit<\/a>[\/vc_column][\/vc_row][vc_row css_animation=\u00a0\u00bb\u00a0\u00bb row_type=\u00a0\u00bbrow\u00a0\u00bb use_row_as_full_screen_section=\u00a0\u00bbno\u00a0\u00bb type=\u00a0\u00bbfull_width\u00a0\u00bb angled_section=\u00a0\u00bbno\u00a0\u00bb text_align=\u00a0\u00bbleft\u00a0\u00bb background_image_as_pattern=\u00a0\u00bbwithout_pattern\u00a0\u00bb][vc_column][vc_separator type=\u00a0\u00bbtransparent\u00a0\u00bb up=\u00a0\u00bb50&Prime; down=\u00a0\u00bb50&Prime;][\/vc_column][\/vc_row]<\/p>\n<\/section>","protected":false},"excerpt":{"rendered":"<p>[vc_row css_animation=\u00a0\u00bb\u00a0\u00bb row_type=\u00a0\u00bbrow\u00a0\u00bb use_row_as_full_screen_section=\u00a0\u00bbno\u00a0\u00bb type=\u00a0\u00bbgrid\u00a0\u00bb angled_section=\u00a0\u00bbno\u00a0\u00bb text_align=\u00a0\u00bbleft\u00a0\u00bb background_image_as_pattern=\u00a0\u00bbwithout_pattern\u00a0\u00bb z_index=\u00a0\u00bb\u00a0\u00bb padding_bottom=\u00a0\u00bb0&Prime; padding_top=\u00a0\u00bb50&Prime;][vc_column][vc_separator type=\u00a0\u00bbtransparent\u00a0\u00bb thickness=\u00a0\u00bb1&Prime; up=\u00a0\u00bb-8&Prime;][vc_column_text] Portes de garage [\/vc_column_text][vc_separator type=\u00a0\u00bbsmall\u00a0\u00bb position=\u00a0\u00bbleft\u00a0\u00bb up=\u00a0\u00bb6&Prime; down=\u00a0\u00bb15&Prime;][vc_column_text] Les portes de garage r\u00e9sidentielles [\/vc_column_text][vc_separator type=\u00a0\u00bbtransparent\u00a0\u00bb thickness=\u00a0\u00bb1&Prime; up=\u00a0\u00bb25&Prime; down=\u00a0\u00bb0&Prime;][vc_column_text]Les portes de garage r\u00e9sidentielles sont un \u00e9l\u00e9ment important de toute maison. Elles assurent&#8230;<\/p>\n","protected":false},"author":1,"featured_media":0,"parent":16195,"menu_order":0,"comment_status":"closed","ping_status":"closed","template":"full_width.php","meta":[],"yoast_head":"<!-- This site is optimized with the Yoast SEO Premium plugin v20.9 (Yoast SEO v20.9) - https:\/\/yoast.com\/wordpress\/plugins\/seo\/ -->\n<title>Portes de garage r\u00e9sidentielles - Pogar S.A.<\/title>\n<meta name=\"description\" content=\"POGAR SA vous pr\u00e9sente les portes de garages industrielles, portes coulissantes, portes \u00e0 rouleaux, portes basculantes.\" \/>\n<meta name=\"robots\" content=\"index, follow, max-snippet:-1, max-image-preview:large, max-video-preview:-1\" \/>\n<link rel=\"canonical\" href=\"https:\/\/www.pogar.ch\/webnew\/produits\/portes-de-garage\/portes-de-garages-residentielles\/\" \/>\n<meta property=\"og:locale\" content=\"fr_FR\" \/>\n<meta property=\"og:type\" content=\"article\" \/>\n<meta property=\"og:title\" content=\"Portes de garage r\u00e9sidentielles\" \/>\n<meta property=\"og:description\" content=\"POGAR SA vous pr\u00e9sente les portes de garages industrielles, portes coulissantes, portes \u00e0 rouleaux, portes basculantes.\" \/>\n<meta property=\"og:url\" content=\"https:\/\/www.pogar.ch\/webnew\/produits\/portes-de-garage\/portes-de-garages-residentielles\/\" \/>\n<meta property=\"og:site_name\" content=\"Pogar S.A.\" \/>\n<meta property=\"article:publisher\" content=\"https:\/\/www.facebook.com\/POGAR-Team-139006666269936\/\" \/>\n<meta property=\"article:modified_time\" content=\"2024-10-14T08:12:32+00:00\" \/>\n<meta name=\"twitter:card\" content=\"summary_large_image\" \/>\n<meta name=\"twitter:label1\" content=\"Dur\u00e9e de lecture estim\u00e9e\" \/>\n\t<meta name=\"twitter:data1\" content=\"4 minutes\" \/>\n<script type=\"application\/ld+json\" class=\"yoast-schema-graph\">{\"@context\":\"https:\/\/schema.org\",\"@graph\":[{\"@type\":\"WebPage\",\"@id\":\"https:\/\/www.pogar.ch\/webnew\/produits\/portes-de-garage\/portes-de-garages-residentielles\/\",\"url\":\"https:\/\/www.pogar.ch\/webnew\/produits\/portes-de-garage\/portes-de-garages-residentielles\/\",\"name\":\"Portes de garage r\u00e9sidentielles - Pogar S.A.\",\"isPartOf\":{\"@id\":\"https:\/\/www.pogar.ch\/webnew\/#website\"},\"datePublished\":\"2019-09-22T10:42:00+00:00\",\"dateModified\":\"2024-10-14T08:12:32+00:00\",\"description\":\"POGAR SA vous pr\u00e9sente les portes de garages industrielles, portes coulissantes, portes \u00e0 rouleaux, portes basculantes.\",\"breadcrumb\":{\"@id\":\"https:\/\/www.pogar.ch\/webnew\/produits\/portes-de-garage\/portes-de-garages-residentielles\/#breadcrumb\"},\"inLanguage\":\"fr-FR\",\"potentialAction\":[{\"@type\":\"ReadAction\",\"target\":[\"https:\/\/www.pogar.ch\/webnew\/produits\/portes-de-garage\/portes-de-garages-residentielles\/\"]}]},{\"@type\":\"BreadcrumbList\",\"@id\":\"https:\/\/www.pogar.ch\/webnew\/produits\/portes-de-garage\/portes-de-garages-residentielles\/#breadcrumb\",\"itemListElement\":[{\"@type\":\"ListItem\",\"position\":1,\"name\":\"Accueil\",\"item\":\"https:\/\/www.pogar.ch\/webnew\/\"},{\"@type\":\"ListItem\",\"position\":2,\"name\":\"Tous les produits\",\"item\":\"https:\/\/www.pogar.ch\/webnew\/produits\/\"},{\"@type\":\"ListItem\",\"position\":3,\"name\":\"Portes de garage standards\",\"item\":\"https:\/\/www.pogar.ch\/webnew\/produits\/portes-de-garage\/\"},{\"@type\":\"ListItem\",\"position\":4,\"name\":\"Portes de garage r\u00e9sidentielles\"}]},{\"@type\":\"WebSite\",\"@id\":\"https:\/\/www.pogar.ch\/webnew\/#website\",\"url\":\"https:\/\/www.pogar.ch\/webnew\/\",\"name\":\"Pogar S.A.\",\"description\":\"Portes de garage - Portes d&#039;entr\u00e9e - Portails\",\"publisher\":{\"@id\":\"https:\/\/www.pogar.ch\/webnew\/#organization\"},\"potentialAction\":[{\"@type\":\"SearchAction\",\"target\":{\"@type\":\"EntryPoint\",\"urlTemplate\":\"https:\/\/www.pogar.ch\/webnew\/?s={search_term_string}\"},\"query-input\":\"required name=search_term_string\"}],\"inLanguage\":\"fr-FR\"},{\"@type\":\"Organization\",\"@id\":\"https:\/\/www.pogar.ch\/webnew\/#organization\",\"name\":\"Pogar S.A.\",\"url\":\"https:\/\/www.pogar.ch\/webnew\/\",\"logo\":{\"@type\":\"ImageObject\",\"inLanguage\":\"fr-FR\",\"@id\":\"https:\/\/www.pogar.ch\/webnew\/#\/schema\/logo\/image\/\",\"url\":\"https:\/\/www.pogar.ch\/webnew\/wp-content\/uploads\/2019\/09\/logo-positif-pogar.png\",\"contentUrl\":\"https:\/\/www.pogar.ch\/webnew\/wp-content\/uploads\/2019\/09\/logo-positif-pogar.png\",\"width\":254,\"height\":210,\"caption\":\"Pogar S.A.\"},\"image\":{\"@id\":\"https:\/\/www.pogar.ch\/webnew\/#\/schema\/logo\/image\/\"},\"sameAs\":[\"https:\/\/www.facebook.com\/POGAR-Team-139006666269936\/\",\"https:\/\/www.instagram.com\/pogar_sa\/\",\"https:\/\/www.linkedin.com\/company\/81284588\/\"]}]}<\/script>\n<!-- \/ Yoast SEO Premium plugin. -->","yoast_head_json":{"title":"Portes de garage r\u00e9sidentielles - Pogar S.A.","description":"POGAR SA vous pr\u00e9sente les portes de garages industrielles, portes coulissantes, portes \u00e0 rouleaux, portes basculantes.","robots":{"index":"index","follow":"follow","max-snippet":"max-snippet:-1","max-image-preview":"max-image-preview:large","max-video-preview":"max-video-preview:-1"},"canonical":"https:\/\/www.pogar.ch\/webnew\/produits\/portes-de-garage\/portes-de-garages-residentielles\/","og_locale":"fr_FR","og_type":"article","og_title":"Portes de garage r\u00e9sidentielles","og_description":"POGAR SA vous pr\u00e9sente les portes de garages industrielles, portes coulissantes, portes \u00e0 rouleaux, portes basculantes.","og_url":"https:\/\/www.pogar.ch\/webnew\/produits\/portes-de-garage\/portes-de-garages-residentielles\/","og_site_name":"Pogar S.A.","article_publisher":"https:\/\/www.facebook.com\/POGAR-Team-139006666269936\/","article_modified_time":"2024-10-14T08:12:32+00:00","twitter_card":"summary_large_image","twitter_misc":{"Dur\u00e9e de lecture estim\u00e9e":"4 minutes"},"schema":{"@context":"https:\/\/schema.org","@graph":[{"@type":"WebPage","@id":"https:\/\/www.pogar.ch\/webnew\/produits\/portes-de-garage\/portes-de-garages-residentielles\/","url":"https:\/\/www.pogar.ch\/webnew\/produits\/portes-de-garage\/portes-de-garages-residentielles\/","name":"Portes de garage r\u00e9sidentielles - Pogar S.A.","isPartOf":{"@id":"https:\/\/www.pogar.ch\/webnew\/#website"},"datePublished":"2019-09-22T10:42:00+00:00","dateModified":"2024-10-14T08:12:32+00:00","description":"POGAR SA vous pr\u00e9sente les portes de garages industrielles, portes coulissantes, portes \u00e0 rouleaux, portes basculantes.","breadcrumb":{"@id":"https:\/\/www.pogar.ch\/webnew\/produits\/portes-de-garage\/portes-de-garages-residentielles\/#breadcrumb"},"inLanguage":"fr-FR","potentialAction":[{"@type":"ReadAction","target":["https:\/\/www.pogar.ch\/webnew\/produits\/portes-de-garage\/portes-de-garages-residentielles\/"]}]},{"@type":"BreadcrumbList","@id":"https:\/\/www.pogar.ch\/webnew\/produits\/portes-de-garage\/portes-de-garages-residentielles\/#breadcrumb","itemListElement":[{"@type":"ListItem","position":1,"name":"Accueil","item":"https:\/\/www.pogar.ch\/webnew\/"},{"@type":"ListItem","position":2,"name":"Tous les produits","item":"https:\/\/www.pogar.ch\/webnew\/produits\/"},{"@type":"ListItem","position":3,"name":"Portes de garage standards","item":"https:\/\/www.pogar.ch\/webnew\/produits\/portes-de-garage\/"},{"@type":"ListItem","position":4,"name":"Portes de garage r\u00e9sidentielles"}]},{"@type":"WebSite","@id":"https:\/\/www.pogar.ch\/webnew\/#website","url":"https:\/\/www.pogar.ch\/webnew\/","name":"Pogar S.A.","description":"Portes de garage - Portes d&#039;entr\u00e9e - Portails","publisher":{"@id":"https:\/\/www.pogar.ch\/webnew\/#organization"},"potentialAction":[{"@type":"SearchAction","target":{"@type":"EntryPoint","urlTemplate":"https:\/\/www.pogar.ch\/webnew\/?s={search_term_string}"},"query-input":"required name=search_term_string"}],"inLanguage":"fr-FR"},{"@type":"Organization","@id":"https:\/\/www.pogar.ch\/webnew\/#organization","name":"Pogar S.A.","url":"https:\/\/www.pogar.ch\/webnew\/","logo":{"@type":"ImageObject","inLanguage":"fr-FR","@id":"https:\/\/www.pogar.ch\/webnew\/#\/schema\/logo\/image\/","url":"https:\/\/www.pogar.ch\/webnew\/wp-content\/uploads\/2019\/09\/logo-positif-pogar.png","contentUrl":"https:\/\/www.pogar.ch\/webnew\/wp-content\/uploads\/2019\/09\/logo-positif-pogar.png","width":254,"height":210,"caption":"Pogar S.A."},"image":{"@id":"https:\/\/www.pogar.ch\/webnew\/#\/schema\/logo\/image\/"},"sameAs":["https:\/\/www.facebook.com\/POGAR-Team-139006666269936\/","https:\/\/www.instagram.com\/pogar_sa\/","https:\/\/www.linkedin.com\/company\/81284588\/"]}]}},"_links":{"self":[{"href":"https:\/\/www.pogar.ch\/webnew\/wp-json\/wp\/v2\/pages\/16204"}],"collection":[{"href":"https:\/\/www.pogar.ch\/webnew\/wp-json\/wp\/v2\/pages"}],"about":[{"href":"https:\/\/www.pogar.ch\/webnew\/wp-json\/wp\/v2\/types\/page"}],"author":[{"embeddable":true,"href":"https:\/\/www.pogar.ch\/webnew\/wp-json\/wp\/v2\/users\/1"}],"replies":[{"embeddable":true,"href":"https:\/\/www.pogar.ch\/webnew\/wp-json\/wp\/v2\/comments?post=16204"}],"version-history":[{"count":94,"href":"https:\/\/www.pogar.ch\/webnew\/wp-json\/wp\/v2\/pages\/16204\/revisions"}],"predecessor-version":[{"id":17924,"href":"https:\/\/www.pogar.ch\/webnew\/wp-json\/wp\/v2\/pages\/16204\/revisions\/17924"}],"up":[{"embeddable":true,"href":"https:\/\/www.pogar.ch\/webnew\/wp-json\/wp\/v2\/pages\/16195"}],"wp:attachment":[{"href":"https:\/\/www.pogar.ch\/webnew\/wp-json\/wp\/v2\/media?parent=16204"}],"curies":[{"name":"wp","href":"https:\/\/api.w.org\/{rel}","templated":true}]}}