{"id":16179,"date":"2019-09-22T07:57:24","date_gmt":"2019-09-22T05:57:24","guid":{"rendered":"https:\/\/www.pogar.ch\/webnew\/?page_id=16179"},"modified":"2024-07-24T10:10:12","modified_gmt":"2024-07-24T08:10:12","slug":"fournisseurs","status":"publish","type":"page","link":"https:\/\/www.pogar.ch\/webnew\/fournisseurs\/","title":{"rendered":"Fournisseurs"},"content":{"rendered":"<section class=\"wpb-content-wrapper\"><p>[vc_row css_animation=\u00a0\u00bb\u00a0\u00bb row_type=\u00a0\u00bbrow\u00a0\u00bb use_row_as_full_screen_section=\u00a0\u00bbno\u00a0\u00bb type=\u00a0\u00bbgrid\u00a0\u00bb angled_section=\u00a0\u00bbno\u00a0\u00bb text_align=\u00a0\u00bbleft\u00a0\u00bb background_image_as_pattern=\u00a0\u00bbwithout_pattern\u00a0\u00bb z_index=\u00a0\u00bb\u00a0\u00bb padding_top=\u00a0\u00bb150&Prime; padding_bottom=\u00a0\u00bb100&Prime; background_color=\u00a0\u00bb#ffffff\u00a0\u00bb][vc_column]<div class=\"qode-accordion-holder clearfix qode-accordion qode-initial \">\n\t<h4 class=\"clearfix qode-title-holder\">\n<span class=\"qode-tab-title\">\n\t    <span class=\"qode-tab-title-inner\">\n        MOTEURS    <\/span>\n<\/span>\n<span class=\"qode-accordion-mark\">\n    <span class=\"qode-accordion-mark-icon\">\n        <span class=\"icon_plus\"><\/span>\n        <span class=\"icon_minus-06\"><\/span>\n    <\/span>\n<\/span>\n<\/h4>\n<div  class=\"qode-accordion-content \" >\n    <div class=\"qode-accordion-content-inner\">\n        [vc_column_text]<\/p>\n<h3><img decoding=\"async\" loading=\"lazy\" class=\"alignnone wp-image-17077\" src=\"https:\/\/www.pogar.ch\/webnew\/wp-content\/uploads\/2023\/06\/logo-nuovo-tau_web.png\" alt=\"Logo Tau \" width=\"160\" height=\"140\" \/><\/h3>\n<h1>TAU<\/h1>\n<p>&nbsp;<\/p>\n<p>Une entreprise en \u00e9volution permanente, avec 40 ans d\u2019histoire et le regard toujours tourn\u00e9 vers l\u2019avenir: depuis deux g\u00e9n\u00e9rations l\u2019innovation et la recherche sont dans l\u2019ADN de TAU.<br \/>\nChaque produit TAU est le r\u00e9sultat de l\u2019application des technologies les plus sophistiqu\u00e9es \u00e0 une id\u00e9e, pour simplifier la vie de tous les jours. C\u2019est aussi la raison pour laquelle toutes les solutions TAU sont compatibles avec les diff\u00e9rents syst\u00e8mes de domotique. Les innovations sont le r\u00e9sultat de la recherche et du travail de notre laboratoire technique. L\u2019objectif est la qualit\u00e9 totale, que nous obtenons en suivant de pr\u00e8s toutes les phases de la fili\u00e8re de production, jusqu\u2019\u00e0 l\u2019essai de fonctionnement de chaque produit.<\/p>\n<p><strong><a href=\"https:\/\/tauitalia.com\/fr\/\" target=\"_blank\" rel=\"noopener noreferrer\">Visiter le site internet<\/a><\/strong>[\/vc_column_text][vc_separator type=\u00a0\u00bbtransparent\u00a0\u00bb up=\u00a0\u00bb40&Prime;][vc_column_text]<\/p>\n<h3><img decoding=\"async\" loading=\"lazy\" class=\"alignnone wp-image-17075 size-medium\" src=\"https:\/\/www.pogar.ch\/webnew\/wp-content\/uploads\/2023\/06\/marantec-logo-300x99.jpg\" alt=\"Logo Marantec\" width=\"300\" height=\"99\" srcset=\"https:\/\/www.pogar.ch\/webnew\/wp-content\/uploads\/2023\/06\/marantec-logo-300x99.jpg 300w, https:\/\/www.pogar.ch\/webnew\/wp-content\/uploads\/2023\/06\/marantec-logo-1024x336.jpg 1024w, https:\/\/www.pogar.ch\/webnew\/wp-content\/uploads\/2023\/06\/marantec-logo-768x252.jpg 768w, https:\/\/www.pogar.ch\/webnew\/wp-content\/uploads\/2023\/06\/marantec-logo-700x230.jpg 700w, https:\/\/www.pogar.ch\/webnew\/wp-content\/uploads\/2023\/06\/marantec-logo.jpg 1181w\" sizes=\"(max-width: 300px) 100vw, 300px\" \/><\/h3>\n<p>&nbsp;<\/p>\n<h1>MARANTEC<\/h1>\n<p>&nbsp;<\/p>\n<p><strong>Notre exp\u00e9rience remonte \u00e0 1957<\/strong><br \/>\nMarantec est un enfant des ann\u00e9es 1980 En 1989, alors que la sc\u00e8ne mondiale tourne une page politique digne des livres d\u2019histoire, \u00e0 Marienfeld (Westphalie orientale) Michael H\u00f6rmann \u00e9crit un nouveau chapitre dans le domaine des automatismes. Il fonde Marantec, une unit\u00e9 de production d\u2019op\u00e9rateurs issue du fabricant de portes H\u00f6rmann, dont les collaboratrices et les collaborateurs accumulent un savoir-faire professionnel et une pr\u00e9cieuse exp\u00e9rience dans le domaine des automatismes depuis 1957.<\/p>\n<p><strong><a href=\"https:\/\/www.marantec.com\/\" target=\"_blank\" rel=\"noopener noreferrer\">Visiter le site internet<\/a><\/strong>[\/vc_column_text][vc_separator type=\u00a0\u00bbtransparent\u00a0\u00bb up=\u00a0\u00bb40&Prime;][vc_column_text]<img decoding=\"async\" loading=\"lazy\" class=\"alignnone size-full wp-image-15628\" src=\"https:\/\/www.pogar.ch\/webnew\/wp-content\/uploads\/2019\/09\/logo-faac.jpg\" alt=\"\" width=\"200\" height=\"133\" \/><\/p>\n<h1>FAAC<\/h1>\n<p>&nbsp;<\/p>\n<p><strong>La mission de FAAC<\/strong>\u00a0est de produire les syst\u00e8mes d\u2019ouverture les plus durables, fiables et s\u00fbrs disponibles sur le march\u00e9. Notre gamme de produits doit \u00eatre la plus vaste possible et se placer au plus haut niveau de la technologie dans son cr\u00e9neau d\u2019appartenance. La distribution de produits FAAC doit toujours garantir une installation impeccable. Nous accordons donc une importance fondamentale \u00e0 la formation des installateurs et \u00e0 leur mise \u00e0 jour, en divulguant cette formule gagnante en Italie et \u00e0 l\u2019\u00e9tranger.<\/p>\n<p><strong><a href=\"https:\/\/faac.ch\/fr\/produits\/\" target=\"_blank\" rel=\"noopener noreferrer\">Visiter le site internet<\/a><\/strong>[\/vc_column_text][vc_separator type=\u00a0\u00bbtransparent\u00a0\u00bb up=\u00a0\u00bb40&Prime;][vc_column_text]<img decoding=\"async\" loading=\"lazy\" class=\"alignnone size-full wp-image-15631\" src=\"https:\/\/www.pogar.ch\/webnew\/wp-content\/uploads\/2019\/09\/logo-sommer.jpg\" alt=\"\" width=\"171\" height=\"101\" \/><\/p>\n<h1>SOMMER Antriebs- und Funktechnik<\/h1>\n<p>&nbsp;<\/p>\n<p>En Europe, la soci\u00e9t\u00e9 SOMMER Antriebs- und Funktechnik GmbH compte parmi les leaders en mati\u00e8re de fabrication d\u2019automatismes pour portes de garage, portes et portails coulissants et \u00e0 battants, moteurs de stores et de volets roulants ainsi que de t\u00e9l\u00e9commandes radio pour la domotique.<\/p>\n<p>SOMMER attache une importance toute particuli\u00e8re \u00e0 fournir une qualit\u00e9 exceptionnelle et des services hors pair. C\u2019est pourquoi les produits finis sont exclusivement commercialis\u00e9s dans des magasins sp\u00e9cialis\u00e9s. D\u00e8s 1995, la soci\u00e9t\u00e9 a re\u00e7u la certification DIN EN ISO 9001.<\/p>\n<p><strong><a href=\"http:\/\/www.sommer-torantriebe.de\/\" target=\"_blank\" rel=\"noopener noreferrer\">Visiter le site internet<\/a><\/strong>[\/vc_column_text][vc_separator type=\u00a0\u00bbtransparent\u00a0\u00bb up=\u00a0\u00bb40&Prime;]    <\/div>\n<\/div><h4 class=\"clearfix qode-title-holder\">\n<span class=\"qode-tab-title\">\n\t    <span class=\"qode-tab-title-inner\">\n        PORTES D&#039;ENTREE    <\/span>\n<\/span>\n<span class=\"qode-accordion-mark\">\n    <span class=\"qode-accordion-mark-icon\">\n        <span class=\"icon_plus\"><\/span>\n        <span class=\"icon_minus-06\"><\/span>\n    <\/span>\n<\/span>\n<\/h4>\n<div  class=\"qode-accordion-content \" >\n    <div class=\"qode-accordion-content-inner\">\n        [vc_column_text]<\/p>\n<h3><img decoding=\"async\" loading=\"lazy\" class=\"alignnone wp-image-17307 size-full\" src=\"https:\/\/www.pogar.ch\/webnew\/wp-content\/uploads\/2024\/07\/silvelox-logo.png\" alt=\"Logo Silvelox\" width=\"298\" height=\"80\" \/><\/h3>\n<h1>SILVELOX GROUP SPA<\/h1>\n<p>&nbsp;<\/p>\n<p>Silvelox\u00a0Group Spa est une entreprise italienne qui propose depuis\u00a01961\u00a0une large gamme de\u00a0portes blind\u00e9es et de portes de garage, avec des solutions standard et personnalis\u00e9es. Des produits qui ont une coupe sur mesure, exactement selon la tradition du\u00a0Made in Italy. Silvelox offre\u00a0plus de 300 finitions dans le catalogue, une attention maximale aux d\u00e9tails esth\u00e9tiques et un \u0153il attentif pour tout ce qui concerne l\u2019innovation et le d\u00e9veloppement durable.<\/p>\n<p><strong><a href=\"https:\/\/www.silvelox.it\/fr\/\" target=\"_blank\" rel=\"noopener noreferrer\">Visiter le site internet<\/a><\/strong>[\/vc_column_text][vc_separator type=\u00a0\u00bbtransparent\u00a0\u00bb up=\u00a0\u00bb40&Prime;][vc_column_text]<img decoding=\"async\" loading=\"lazy\" class=\"alignnone size-full wp-image-15629\" src=\"https:\/\/www.pogar.ch\/webnew\/wp-content\/uploads\/2019\/09\/logo-groke.jpg\" alt=\"\" width=\"192\" height=\"113\" \/><\/p>\n<h1>Groke<\/h1>\n<p>&nbsp;<\/p>\n<p>En tant que fournisseur dans l\u2019industrie de premier plan, la soci\u00e9t\u00e9 de portes Groke fabrique des portes en aluminium sur plan qui sont design, moderne et intemporel.<\/p>\n<p><strong><a href=\"https:\/\/www.groke.de\/fr\/\" target=\"_blank\" rel=\"noopener noreferrer\">Visiter le site internet<\/a><\/strong>[\/vc_column_text][vc_separator type=\u00a0\u00bbtransparent\u00a0\u00bb up=\u00a0\u00bb40&Prime;][vc_column_text]<\/p>\n<h3><img decoding=\"async\" loading=\"lazy\" class=\"alignnone wp-image-17185 size-full\" src=\"https:\/\/www.pogar.ch\/webnew\/wp-content\/uploads\/2023\/07\/belm-entrance-doors-logo-72.jpg\" alt=\"Logo Bel'm\" width=\"283\" height=\"148\" \/><\/h3>\n<h1>BELM<\/h1>\n<p>&nbsp;<\/p>\n<p>Notre univers est celui de la porte d\u2019entr\u00e9e depuis plus de 35 ans.<\/p>\n<p>Notre expertise multi mat\u00e9riaux nous permet de proposer une offre de plus de 230 r\u00e9f\u00e9rences de portes d\u2019entr\u00e9e,\u00a0fabriqu\u00e9es en France, alliant design, performance et durabilit\u00e9.<\/p>\n<p>Votre future porte d\u2019entr\u00e9e vous y attend d\u00e9j\u00e0.<\/p>\n<p><strong><a href=\"https:\/\/www.belm.fr\/\" target=\"_blank\" rel=\"noopener noreferrer\">Visiter le site internet<\/a><\/strong>[\/vc_column_text][vc_separator type=\u00a0\u00bbtransparent\u00a0\u00bb up=\u00a0\u00bb40&Prime;]    <\/div>\n<\/div><h4 class=\"clearfix qode-title-holder\">\n<span class=\"qode-tab-title\">\n\t    <span class=\"qode-tab-title-inner\">\n        PORTES DE GARAGE    <\/span>\n<\/span>\n<span class=\"qode-accordion-mark\">\n    <span class=\"qode-accordion-mark-icon\">\n        <span class=\"icon_plus\"><\/span>\n        <span class=\"icon_minus-06\"><\/span>\n    <\/span>\n<\/span>\n<\/h4>\n<div  class=\"qode-accordion-content \" >\n    <div class=\"qode-accordion-content-inner\">\n        [vc_column_text]<\/p>\n<h3><img decoding=\"async\" loading=\"lazy\" class=\"alignnone wp-image-17307 size-full\" src=\"https:\/\/www.pogar.ch\/webnew\/wp-content\/uploads\/2024\/07\/silvelox-logo.png\" alt=\"Logo Silvelox\" width=\"298\" height=\"80\" \/><\/h3>\n<h1>SILVELOX GROUP SPA<\/h1>\n<p>&nbsp;<\/p>\n<p>Silvelox\u00a0Group Spa est une entreprise italienne qui propose depuis\u00a01961\u00a0une large gamme de\u00a0portes blind\u00e9es et de portes de garage, avec des solutions standard et personnalis\u00e9es. Des produits qui ont une coupe sur mesure, exactement selon la tradition du\u00a0Made in Italy. Silvelox offre\u00a0plus de 300 finitions dans le catalogue, une attention maximale aux d\u00e9tails esth\u00e9tiques et un \u0153il attentif pour tout ce qui concerne l\u2019innovation et le d\u00e9veloppement durable.<\/p>\n<p><strong><a href=\"https:\/\/www.silvelox.it\/fr\/\" target=\"_blank\" rel=\"noopener noreferrer\">Visiter le site internet<\/a><\/strong>[\/vc_column_text][vc_separator type=\u00a0\u00bbtransparent\u00a0\u00bb up=\u00a0\u00bb40&Prime;][vc_column_text]<img decoding=\"async\" loading=\"lazy\" class=\"alignnone size-full wp-image-16118\" src=\"https:\/\/www.pogar.ch\/webnew\/wp-content\/uploads\/2019\/09\/hoermann_ch_fr.jpg\" alt=\"\" width=\"226\" height=\"56\" \/><\/p>\n<h1>H\u00f6rmann<\/h1>\n<p>&nbsp;<\/p>\n<p>Les produits H\u00f6rmann sont d\u00e9velopp\u00e9s et fabriqu\u00e9s par nos soins dans des usines de pointe. Nos collaborateurs hautement qualifi\u00e9s travaillent d\u2019arrache-pied \u00e0 la mise au point de nouveaux produits, d\u2019\u00e9volutions permanentes et d\u2019am\u00e9liorations de d\u00e9tails. Il en r\u00e9sulte de nombreux brevets et arguments cl\u00e9s de vente. Les tests de longue dur\u00e9e men\u00e9s en conditions r\u00e9elles assurent des produits en s\u00e9rie sophistiqu\u00e9s, caract\u00e9ris\u00e9s par la qualit\u00e9 H\u00f6rmann.<\/p>\n<p><strong><a href=\"http:\/\/www.hoermann.ch\/fr\/\" target=\"_blank\" rel=\"noopener noreferrer\">Visiter le site internet<\/a><\/strong>[\/vc_column_text][vc_separator type=\u00a0\u00bbtransparent\u00a0\u00bb up=\u00a0\u00bb40&Prime;][vc_column_text]<img decoding=\"async\" loading=\"lazy\" class=\"alignnone size-full wp-image-16106\" src=\"https:\/\/www.pogar.ch\/webnew\/wp-content\/uploads\/2019\/09\/r-ryterna.gif\" alt=\"\" width=\"205\" height=\"198\" \/><\/p>\n<h1>Ryterna<\/h1>\n<p>&nbsp;<\/p>\n<p><strong>Les produits de Ryterna \u2026\u00a0<\/strong>Portes de garage, Portes industrielles et Op\u00e9rateurs de porte<\/p>\n<p><strong><a href=\"http:\/\/www.ryterna.eu\/\" target=\"_blank\" rel=\"noopener noreferrer\">Visiter le site internet<\/a><\/strong>[\/vc_column_text][vc_separator type=\u00a0\u00bbtransparent\u00a0\u00bb up=\u00a0\u00bb40&Prime;][vc_column_text]<strong><img decoding=\"async\" loading=\"lazy\" class=\"alignnone size-full wp-image-16186\" src=\"https:\/\/www.pogar.ch\/webnew\/wp-content\/uploads\/2019\/09\/liens_0016_image_small.gif\" alt=\"\" width=\"139\" height=\"100\" \/><\/strong><\/p>\n<h1>ROMA<\/h1>\n<p>&nbsp;<\/p>\n<p><strong>Volet roulant, brise-soleil, protection solaire textile portes de garage.<\/strong><\/p>\n<p>Devenue le leader du march\u00e9 allemand des volets roulants, elle attire r\u00e9guli\u00e8rement l\u2019attention par de nouvelles cr\u00e9ations, perfectionnant ainsi le domaine des volets roulants et des portes de garage. Quelques exemples : le premier volet roulant arrondi extrud\u00e9 RONDO\u00ae, le volet roulant pour fen\u00eatres en biais TRENDO\u00ae, les bloc-baie multifonctions KARO\u00ae et PURO\u00ae, le volet roulant isol\u00e9 pour caisson existant pour r\u00e9novation TERMO\u00ae et la premi\u00e8re porte de garage \u00e0 enroulement avec isolation acoustique. Depuis 2004 au programme : le brise-soleil orientable r\u00e9novation et bloc-baie.<\/p>\n<p>En 2006, ROMA a pr\u00e9sent\u00e9, en nouveaut\u00e9 mondiale, le premier et unique volet roulant pour fen\u00eatre de toit avec lames orientables jusqu\u2019\u00e0 40\u00b0: le WERSO\u00ae. Cette orientation permet une protection solaire optimale sous le toit et en m\u00eame temps une vue d\u00e9gag\u00e9e \u00e0 l\u2019ext\u00e9rieur. Par ailleurs, nous avons \u00e9largi notre palette de produits au niveau des brise-soleil classiques et de la protection solaire en tissu avec la fusion, d\u00e9but 2009, avec le sp\u00e9cialiste de la protection solaire Hassinger.<\/p>\n<p><strong><a href=\"http:\/\/www.roma-france.fr\/\" target=\"_blank\" rel=\"noopener noreferrer\">Visiter le site internet<\/a><\/strong>[\/vc_column_text][vc_separator type=\u00a0\u00bbtransparent\u00a0\u00bb up=\u00a0\u00bb40&Prime;]    <\/div>\n<\/div><\/div>[\/vc_column][\/vc_row]<\/p>\n<\/section>","protected":false},"excerpt":{"rendered":"<p>[vc_row css_animation=\u00a0\u00bb\u00a0\u00bb row_type=\u00a0\u00bbrow\u00a0\u00bb use_row_as_full_screen_section=\u00a0\u00bbno\u00a0\u00bb type=\u00a0\u00bbgrid\u00a0\u00bb angled_section=\u00a0\u00bbno\u00a0\u00bb text_align=\u00a0\u00bbleft\u00a0\u00bb background_image_as_pattern=\u00a0\u00bbwithout_pattern\u00a0\u00bb z_index=\u00a0\u00bb\u00a0\u00bb padding_top=\u00a0\u00bb150&Prime; padding_bottom=\u00a0\u00bb100&Prime; background_color=\u00a0\u00bb#ffffff\u00a0\u00bb][vc_column][\/vc_column][\/vc_row]<\/p>\n","protected":false},"author":1,"featured_media":0,"parent":0,"menu_order":0,"comment_status":"closed","ping_status":"open","template":"full_width.php","meta":[],"yoast_head":"<!-- This site is optimized with the Yoast SEO Premium plugin v20.9 (Yoast SEO v20.9) - https:\/\/yoast.com\/wordpress\/plugins\/seo\/ -->\n<title>Fournisseurs - Pogar S.A.<\/title>\n<meta name=\"description\" content=\"Retrouvez la liste compl\u00e8te des fournisseurs Pogar SA. Vous y trouverez aussi des informations utiles et pratiques.\" \/>\n<meta name=\"robots\" content=\"index, follow, max-snippet:-1, max-image-preview:large, max-video-preview:-1\" \/>\n<link rel=\"canonical\" href=\"https:\/\/www.pogar.ch\/webnew\/fournisseurs\/\" \/>\n<meta property=\"og:locale\" content=\"fr_FR\" \/>\n<meta property=\"og:type\" content=\"article\" \/>\n<meta property=\"og:title\" content=\"Fournisseurs\" \/>\n<meta property=\"og:description\" content=\"Retrouvez la liste compl\u00e8te des fournisseurs Pogar SA. Vous y trouverez aussi des informations utiles et pratiques.\" \/>\n<meta property=\"og:url\" content=\"https:\/\/www.pogar.ch\/webnew\/fournisseurs\/\" \/>\n<meta property=\"og:site_name\" content=\"Pogar S.A.\" \/>\n<meta property=\"article:publisher\" content=\"https:\/\/www.facebook.com\/POGAR-Team-139006666269936\/\" \/>\n<meta property=\"article:modified_time\" content=\"2024-07-24T08:10:12+00:00\" \/>\n<meta property=\"og:image\" content=\"https:\/\/www.pogar.ch\/webnew\/wp-content\/uploads\/2023\/06\/logo-nuovo-tau_web.png\" \/>\n<meta name=\"twitter:card\" content=\"summary_large_image\" \/>\n<meta name=\"twitter:label1\" content=\"Dur\u00e9e de lecture estim\u00e9e\" \/>\n\t<meta name=\"twitter:data1\" content=\"7 minutes\" \/>\n<script type=\"application\/ld+json\" class=\"yoast-schema-graph\">{\"@context\":\"https:\/\/schema.org\",\"@graph\":[{\"@type\":\"WebPage\",\"@id\":\"https:\/\/www.pogar.ch\/webnew\/fournisseurs\/\",\"url\":\"https:\/\/www.pogar.ch\/webnew\/fournisseurs\/\",\"name\":\"Fournisseurs - Pogar S.A.\",\"isPartOf\":{\"@id\":\"https:\/\/www.pogar.ch\/webnew\/#website\"},\"datePublished\":\"2019-09-22T05:57:24+00:00\",\"dateModified\":\"2024-07-24T08:10:12+00:00\",\"description\":\"Retrouvez la liste compl\u00e8te des fournisseurs Pogar SA. Vous y trouverez aussi des informations utiles et pratiques.\",\"breadcrumb\":{\"@id\":\"https:\/\/www.pogar.ch\/webnew\/fournisseurs\/#breadcrumb\"},\"inLanguage\":\"fr-FR\",\"potentialAction\":[{\"@type\":\"ReadAction\",\"target\":[\"https:\/\/www.pogar.ch\/webnew\/fournisseurs\/\"]}]},{\"@type\":\"BreadcrumbList\",\"@id\":\"https:\/\/www.pogar.ch\/webnew\/fournisseurs\/#breadcrumb\",\"itemListElement\":[{\"@type\":\"ListItem\",\"position\":1,\"name\":\"Accueil\",\"item\":\"https:\/\/www.pogar.ch\/webnew\/\"},{\"@type\":\"ListItem\",\"position\":2,\"name\":\"Fournisseurs\"}]},{\"@type\":\"WebSite\",\"@id\":\"https:\/\/www.pogar.ch\/webnew\/#website\",\"url\":\"https:\/\/www.pogar.ch\/webnew\/\",\"name\":\"Pogar S.A.\",\"description\":\"Portes de garage - Portes d&#039;entr\u00e9e - Portails\",\"publisher\":{\"@id\":\"https:\/\/www.pogar.ch\/webnew\/#organization\"},\"potentialAction\":[{\"@type\":\"SearchAction\",\"target\":{\"@type\":\"EntryPoint\",\"urlTemplate\":\"https:\/\/www.pogar.ch\/webnew\/?s={search_term_string}\"},\"query-input\":\"required name=search_term_string\"}],\"inLanguage\":\"fr-FR\"},{\"@type\":\"Organization\",\"@id\":\"https:\/\/www.pogar.ch\/webnew\/#organization\",\"name\":\"Pogar S.A.\",\"url\":\"https:\/\/www.pogar.ch\/webnew\/\",\"logo\":{\"@type\":\"ImageObject\",\"inLanguage\":\"fr-FR\",\"@id\":\"https:\/\/www.pogar.ch\/webnew\/#\/schema\/logo\/image\/\",\"url\":\"https:\/\/www.pogar.ch\/webnew\/wp-content\/uploads\/2019\/09\/logo-positif-pogar.png\",\"contentUrl\":\"https:\/\/www.pogar.ch\/webnew\/wp-content\/uploads\/2019\/09\/logo-positif-pogar.png\",\"width\":254,\"height\":210,\"caption\":\"Pogar S.A.\"},\"image\":{\"@id\":\"https:\/\/www.pogar.ch\/webnew\/#\/schema\/logo\/image\/\"},\"sameAs\":[\"https:\/\/www.facebook.com\/POGAR-Team-139006666269936\/\",\"https:\/\/www.instagram.com\/pogar_sa\/\",\"https:\/\/www.linkedin.com\/company\/81284588\/\"]}]}<\/script>\n<!-- \/ Yoast SEO Premium plugin. -->","yoast_head_json":{"title":"Fournisseurs - Pogar S.A.","description":"Retrouvez la liste compl\u00e8te des fournisseurs Pogar SA. Vous y trouverez aussi des informations utiles et pratiques.","robots":{"index":"index","follow":"follow","max-snippet":"max-snippet:-1","max-image-preview":"max-image-preview:large","max-video-preview":"max-video-preview:-1"},"canonical":"https:\/\/www.pogar.ch\/webnew\/fournisseurs\/","og_locale":"fr_FR","og_type":"article","og_title":"Fournisseurs","og_description":"Retrouvez la liste compl\u00e8te des fournisseurs Pogar SA. Vous y trouverez aussi des informations utiles et pratiques.","og_url":"https:\/\/www.pogar.ch\/webnew\/fournisseurs\/","og_site_name":"Pogar S.A.","article_publisher":"https:\/\/www.facebook.com\/POGAR-Team-139006666269936\/","article_modified_time":"2024-07-24T08:10:12+00:00","og_image":[{"url":"https:\/\/www.pogar.ch\/webnew\/wp-content\/uploads\/2023\/06\/logo-nuovo-tau_web.png"}],"twitter_card":"summary_large_image","twitter_misc":{"Dur\u00e9e de lecture estim\u00e9e":"7 minutes"},"schema":{"@context":"https:\/\/schema.org","@graph":[{"@type":"WebPage","@id":"https:\/\/www.pogar.ch\/webnew\/fournisseurs\/","url":"https:\/\/www.pogar.ch\/webnew\/fournisseurs\/","name":"Fournisseurs - Pogar S.A.","isPartOf":{"@id":"https:\/\/www.pogar.ch\/webnew\/#website"},"datePublished":"2019-09-22T05:57:24+00:00","dateModified":"2024-07-24T08:10:12+00:00","description":"Retrouvez la liste compl\u00e8te des fournisseurs Pogar SA. Vous y trouverez aussi des informations utiles et pratiques.","breadcrumb":{"@id":"https:\/\/www.pogar.ch\/webnew\/fournisseurs\/#breadcrumb"},"inLanguage":"fr-FR","potentialAction":[{"@type":"ReadAction","target":["https:\/\/www.pogar.ch\/webnew\/fournisseurs\/"]}]},{"@type":"BreadcrumbList","@id":"https:\/\/www.pogar.ch\/webnew\/fournisseurs\/#breadcrumb","itemListElement":[{"@type":"ListItem","position":1,"name":"Accueil","item":"https:\/\/www.pogar.ch\/webnew\/"},{"@type":"ListItem","position":2,"name":"Fournisseurs"}]},{"@type":"WebSite","@id":"https:\/\/www.pogar.ch\/webnew\/#website","url":"https:\/\/www.pogar.ch\/webnew\/","name":"Pogar S.A.","description":"Portes de garage - Portes d&#039;entr\u00e9e - Portails","publisher":{"@id":"https:\/\/www.pogar.ch\/webnew\/#organization"},"potentialAction":[{"@type":"SearchAction","target":{"@type":"EntryPoint","urlTemplate":"https:\/\/www.pogar.ch\/webnew\/?s={search_term_string}"},"query-input":"required name=search_term_string"}],"inLanguage":"fr-FR"},{"@type":"Organization","@id":"https:\/\/www.pogar.ch\/webnew\/#organization","name":"Pogar S.A.","url":"https:\/\/www.pogar.ch\/webnew\/","logo":{"@type":"ImageObject","inLanguage":"fr-FR","@id":"https:\/\/www.pogar.ch\/webnew\/#\/schema\/logo\/image\/","url":"https:\/\/www.pogar.ch\/webnew\/wp-content\/uploads\/2019\/09\/logo-positif-pogar.png","contentUrl":"https:\/\/www.pogar.ch\/webnew\/wp-content\/uploads\/2019\/09\/logo-positif-pogar.png","width":254,"height":210,"caption":"Pogar S.A."},"image":{"@id":"https:\/\/www.pogar.ch\/webnew\/#\/schema\/logo\/image\/"},"sameAs":["https:\/\/www.facebook.com\/POGAR-Team-139006666269936\/","https:\/\/www.instagram.com\/pogar_sa\/","https:\/\/www.linkedin.com\/company\/81284588\/"]}]}},"_links":{"self":[{"href":"https:\/\/www.pogar.ch\/webnew\/wp-json\/wp\/v2\/pages\/16179"}],"collection":[{"href":"https:\/\/www.pogar.ch\/webnew\/wp-json\/wp\/v2\/pages"}],"about":[{"href":"https:\/\/www.pogar.ch\/webnew\/wp-json\/wp\/v2\/types\/page"}],"author":[{"embeddable":true,"href":"https:\/\/www.pogar.ch\/webnew\/wp-json\/wp\/v2\/users\/1"}],"replies":[{"embeddable":true,"href":"https:\/\/www.pogar.ch\/webnew\/wp-json\/wp\/v2\/comments?post=16179"}],"version-history":[{"count":44,"href":"https:\/\/www.pogar.ch\/webnew\/wp-json\/wp\/v2\/pages\/16179\/revisions"}],"predecessor-version":[{"id":17393,"href":"https:\/\/www.pogar.ch\/webnew\/wp-json\/wp\/v2\/pages\/16179\/revisions\/17393"}],"wp:attachment":[{"href":"https:\/\/www.pogar.ch\/webnew\/wp-json\/wp\/v2\/media?parent=16179"}],"curies":[{"name":"wp","href":"https:\/\/api.w.org\/{rel}","templated":true}]}}