{"id":15425,"date":"2019-09-20T19:47:07","date_gmt":"2019-09-20T17:47:07","guid":{"rendered":"https:\/\/www.pogar.ch\/webnew\/?page_id=15425"},"modified":"2024-08-07T09:45:22","modified_gmt":"2024-08-07T07:45:22","slug":"produits","status":"publish","type":"page","link":"https:\/\/www.pogar.ch\/webnew\/produits\/","title":{"rendered":"Tous les produits"},"content":{"rendered":"<section class=\"wpb-content-wrapper\"><p>[vc_row css_animation=\u00a0\u00bb\u00a0\u00bb row_type=\u00a0\u00bbrow\u00a0\u00bb use_row_as_full_screen_section=\u00a0\u00bbno\u00a0\u00bb type=\u00a0\u00bbgrid\u00a0\u00bb angled_section=\u00a0\u00bbno\u00a0\u00bb text_align=\u00a0\u00bbleft\u00a0\u00bb background_image_as_pattern=\u00a0\u00bbwithout_pattern\u00a0\u00bb z_index=\u00a0\u00bb\u00a0\u00bb padding_top=\u00a0\u00bb150&Prime; padding_bottom=\u00a0\u00bb100&Prime;][vc_column]<div class='cover_boxes' data-active-element='1'><ul class='clearfix'><li><div class='box'><a itemprop='url' class='thumb' href='https:\/\/www.pogar.ch\/webnew\/produits\/portes-de-garage\/' target='_self'><img itemprop='image' alt='Portes de garage' src='https:\/\/www.pogar.ch\/webnew\/wp-content\/uploads\/2019\/09\/Bellevue-1024x768-e1569077534140.jpg' \/><\/a><div class='box_content'><h3 >Portes de garage<\/h3><p >R\u00e9sidentielles, industrielles ou collectives<\/p><a itemprop='url' class='qbutton tiny' href='https:\/\/www.pogar.ch\/webnew\/produits\/portes-de-garage\/' target='_self'>Portes de garage<\/a><\/div><\/div><\/li><li><div class='box'><a itemprop='url' class='thumb' href='https:\/\/www.pogar.ch\/webnew\/produits\/portes-de-garage-silvelox\/' target='_self'><img itemprop='image' alt='Portes de garage Silvelox' src='https:\/\/www.pogar.ch\/webnew\/wp-content\/uploads\/2024\/07\/Porte-basculante-Basculap-vignette-01.webp' \/><\/a><div class='box_content'><h3 >Portes de garage Silvelox<\/h3><p >Con\u00e7ues pour combiner uniquement le meilleur de la qualit\u00e9 Made in Italy.<\/p><a itemprop='url' class='qbutton tiny' href='https:\/\/www.pogar.ch\/webnew\/produits\/portes-de-garage-silvelox\/' target='_self'>Portes de garage Silvelox<\/a><\/div><\/div><\/li><li><div class='box'><a itemprop='url' class='thumb' href='https:\/\/www.pogar.ch\/webnew\/produits\/portes-dentree-blindees\/' target='_self'><img itemprop='image' alt='Portes d'entr\u00e9e blind\u00e9es' src='https:\/\/www.pogar.ch\/webnew\/wp-content\/uploads\/2024\/08\/Porte-blindee-silvelox.webp' \/><\/a><div class='box_content'><h3 >Portes d'entr\u00e9e blind\u00e9es<\/h3><p >Vous voulez allier s\u00e9curit\u00e9 et design ?<\/p><a itemprop='url' class='qbutton tiny' href='https:\/\/www.pogar.ch\/webnew\/produits\/portes-dentree-blindees\/' target='_self'>Portes blind\u00e9es Silvelox<\/a><\/div><\/div><\/li><\/ul><\/div>[vc_separator type=\u00a0\u00bbtransparent\u00a0\u00bb up=\u00a0\u00bb10&Prime;]<div class='cover_boxes' data-active-element='1'><ul class='clearfix'><li><div class='box'><a itemprop='url' class='thumb' href='https:\/\/www.pogar.ch\/webnew\/produits\/portails-et-portillons\/' target='_self'><img itemprop='image' alt='Portails' src='https:\/\/www.pogar.ch\/webnew\/wp-content\/uploads\/2019\/09\/MG_3799-e1569077702999.jpg' \/><\/a><div class='box_content'><h3 >Portails<\/h3><p >Battants, coulissants, auto-portants ou industriels ?<\/p><a itemprop='url' class='qbutton tiny' href='https:\/\/www.pogar.ch\/webnew\/produits\/portails-et-portillons\/' target='_self'>Portails &amp; portillons<\/a><\/div><\/div><\/li><li><div class='box'><a itemprop='url' class='thumb' href='https:\/\/www.pogar.ch\/webnew\/produits\/portes-dentree\/' target='_self'><img itemprop='image' alt='Portes d'entr\u00e9e' src='https:\/\/www.pogar.ch\/webnew\/wp-content\/uploads\/2019\/09\/ttc-089-1024x768-2-e1569077809772.jpg' \/><\/a><div class='box_content'><h3 >Portes d'entr\u00e9e<\/h3><p >Portes d'entr\u00e9e standards<\/p><a itemprop='url' class='qbutton tiny' href='https:\/\/www.pogar.ch\/webnew\/produits\/portes-dentree\/' target='_self'>Portes d'entr\u00e9e standards<\/a><\/div><\/div><\/li><li><div class='box'><a itemprop='url' class='thumb' href='https:\/\/www.pogar.ch\/webnew\/produits\/motorisation\/' target='_self'><img itemprop='image' alt='Motorisations' src='https:\/\/www.pogar.ch\/webnew\/wp-content\/uploads\/2019\/09\/IMG_1582-e1569078275210.jpg' \/><\/a><div class='box_content'><h3 >Motorisations<\/h3><p >Envie de motoriser un portail d\u00e9j\u00e0 install\u00e9 ?<\/p><a itemprop='url' class='qbutton tiny' href='https:\/\/www.pogar.ch\/webnew\/produits\/motorisation\/' target='_self'>Motorisations<\/a><\/div><\/div><\/li><\/ul><\/div>[vc_separator type=\u00a0\u00bbtransparent\u00a0\u00bb up=\u00a0\u00bb10&Prime;]<div class='cover_boxes' data-active-element='1'><ul class='clearfix'><li><div class='box'><a itemprop='url' class='thumb' href='https:\/\/www.pogar.ch\/webnew\/produits\/grilles-de-securite\/' target='_self'><img itemprop='image' alt='Grilles de s\u00e9curit\u00e9' src='https:\/\/www.pogar.ch\/webnew\/wp-content\/uploads\/2019\/09\/Pogar-grilles-a-rouleau-02-e1569078443923.jpg' \/><\/a><div class='box_content'><h3 >Grilles de s\u00e9curit\u00e9<\/h3><p >Grilles et rideaux de s\u00e9curit\u00e9 ?<\/p><a itemprop='url' class='qbutton tiny' href='https:\/\/www.pogar.ch\/webnew\/produits\/grilles-de-securite\/' target='_self'>Grilles de s\u00e9curit\u00e9<\/a><\/div><\/div><\/li><li><div class='box'><a itemprop='url' class='thumb' href='https:\/\/www.pogar.ch\/webnew\/produits\/controle-dacces\/' target='_self'><img itemprop='image' alt='Contr\u00f4les d'acc\u00e8s' src='https:\/\/www.pogar.ch\/webnew\/wp-content\/uploads\/2019\/09\/News-pogar-880x461-01-e1569078391322.jpg' \/><\/a><div class='box_content'><h3 >Contr\u00f4les d'acc\u00e8s<\/h3><p >Besoin de contr\u00f4ler un acc\u00e8s ?<\/p><a itemprop='url' class='qbutton tiny' href='https:\/\/www.pogar.ch\/webnew\/produits\/controle-dacces\/' target='_self'>Contr\u00f4les d'acc\u00e8s<\/a><\/div><\/div><\/li><li><div class='box'><a itemprop='url' class='thumb' href='https:\/\/www.pogar.ch\/webnew\/produits\/pergolas-bioclimatiques\/' target='_self'><img itemprop='image' alt='Pergolas bioclimatiques' src='https:\/\/www.pogar.ch\/webnew\/wp-content\/uploads\/2019\/10\/Pergolas-bioclimatiques-vignette.jpg' \/><\/a><div class='box_content'><h3 >Pergolas bioclimatiques<\/h3><p >Am\u00e9nagement ext\u00e9rieur<\/p><a itemprop='url' class='qbutton tiny' href='https:\/\/www.pogar.ch\/webnew\/produits\/pergolas-bioclimatiques\/' target='_self'>Pergolas bioclimatiques<\/a><\/div><\/div><\/li><\/ul><\/div>[vc_separator type=\u00a0\u00bbtransparent\u00a0\u00bb up=\u00a0\u00bb10&Prime;]<div class='cover_boxes' data-active-element='1'><ul class='clearfix'><li><div class='box'><a itemprop='url' class='thumb' href='https:\/\/www.pogar.ch\/webnew\/produits\/protections-solaires\/' target='_self'><img itemprop='image' alt='Protections solaires' src='https:\/\/www.pogar.ch\/webnew\/wp-content\/uploads\/2019\/11\/Protectoin-solaire-banne-monobloc-vignette.jpg' \/><\/a><div class='box_content'><h3 >Protections solaires<\/h3><p >Pergolas, toiles, protections solaires, toiles \u00e0 enroulement, toiles \u00e0 lames orientables, voiles d'ombrage.<\/p><a itemprop='url' class='qbutton tiny' href='https:\/\/www.pogar.ch\/webnew\/produits\/protections-solaires\/' target='_self'>Protections solaires<\/a><\/div><\/div><\/li><li><div class='box'><a itemprop='url' class='thumb' href='' target='_self'><img itemprop='image' alt='' src='' \/><\/a><div class='box_content'><h3 ><\/h3><p ><\/p><\/div><\/div><\/li><li><div class='box'><a itemprop='url' class='thumb' href='' target='_self'><img itemprop='image' alt='' src='' \/><\/a><div class='box_content'><h3 ><\/h3><p ><\/p><\/div><\/div><\/li><\/ul><\/div>[\/vc_column][\/vc_row]<\/p>\n<\/section>","protected":false},"excerpt":{"rendered":"<p>[vc_row css_animation=\u00a0\u00bb\u00a0\u00bb row_type=\u00a0\u00bbrow\u00a0\u00bb use_row_as_full_screen_section=\u00a0\u00bbno\u00a0\u00bb type=\u00a0\u00bbgrid\u00a0\u00bb angled_section=\u00a0\u00bbno\u00a0\u00bb text_align=\u00a0\u00bbleft\u00a0\u00bb background_image_as_pattern=\u00a0\u00bbwithout_pattern\u00a0\u00bb z_index=\u00a0\u00bb\u00a0\u00bb padding_top=\u00a0\u00bb150&Prime; padding_bottom=\u00a0\u00bb100&Prime;][vc_column][vc_separator type=\u00a0\u00bbtransparent\u00a0\u00bb up=\u00a0\u00bb10&Prime;][vc_separator type=\u00a0\u00bbtransparent\u00a0\u00bb up=\u00a0\u00bb10&Prime;][vc_separator type=\u00a0\u00bbtransparent\u00a0\u00bb up=\u00a0\u00bb10&Prime;][\/vc_column][\/vc_row]<\/p>\n","protected":false},"author":1,"featured_media":0,"parent":0,"menu_order":0,"comment_status":"closed","ping_status":"closed","template":"full_width.php","meta":[],"yoast_head":"<!-- This site is optimized with the Yoast SEO Premium plugin v20.9 (Yoast SEO v20.9) - https:\/\/yoast.com\/wordpress\/plugins\/seo\/ -->\n<title>Tous les produits - Pogar S.A.<\/title>\n<meta name=\"description\" content=\"Tous les produits Pogar SA, portes de garage, portes industrielles, portes r\u00e9sidentielles. Portes d&#039;entr\u00e9e, portails, motorisation, grilles de s\u00e9curit\u00e9, etc.\" \/>\n<meta name=\"robots\" content=\"index, follow, max-snippet:-1, max-image-preview:large, max-video-preview:-1\" \/>\n<link rel=\"canonical\" href=\"https:\/\/www.pogar.ch\/webnew\/produits\/\" \/>\n<meta property=\"og:locale\" content=\"fr_FR\" \/>\n<meta property=\"og:type\" content=\"article\" \/>\n<meta property=\"og:title\" content=\"Tous les produits\" \/>\n<meta property=\"og:description\" content=\"Tous les produits Pogar SA, portes de garage, portes industrielles, portes r\u00e9sidentielles. Portes d&#039;entr\u00e9e, portails, motorisation, grilles de s\u00e9curit\u00e9, etc.\" \/>\n<meta property=\"og:url\" content=\"https:\/\/www.pogar.ch\/webnew\/produits\/\" \/>\n<meta property=\"og:site_name\" content=\"Pogar S.A.\" \/>\n<meta property=\"article:publisher\" content=\"https:\/\/www.facebook.com\/POGAR-Team-139006666269936\/\" \/>\n<meta property=\"article:modified_time\" content=\"2024-08-07T07:45:22+00:00\" \/>\n<meta name=\"twitter:card\" content=\"summary_large_image\" \/>\n<meta name=\"twitter:label1\" content=\"Dur\u00e9e de lecture estim\u00e9e\" \/>\n\t<meta name=\"twitter:data1\" content=\"1 minute\" \/>\n<script type=\"application\/ld+json\" class=\"yoast-schema-graph\">{\"@context\":\"https:\/\/schema.org\",\"@graph\":[{\"@type\":\"WebPage\",\"@id\":\"https:\/\/www.pogar.ch\/webnew\/produits\/\",\"url\":\"https:\/\/www.pogar.ch\/webnew\/produits\/\",\"name\":\"Tous les produits - Pogar S.A.\",\"isPartOf\":{\"@id\":\"https:\/\/www.pogar.ch\/webnew\/#website\"},\"datePublished\":\"2019-09-20T17:47:07+00:00\",\"dateModified\":\"2024-08-07T07:45:22+00:00\",\"description\":\"Tous les produits Pogar SA, portes de garage, portes industrielles, portes r\u00e9sidentielles. Portes d'entr\u00e9e, portails, motorisation, grilles de s\u00e9curit\u00e9, etc.\",\"breadcrumb\":{\"@id\":\"https:\/\/www.pogar.ch\/webnew\/produits\/#breadcrumb\"},\"inLanguage\":\"fr-FR\",\"potentialAction\":[{\"@type\":\"ReadAction\",\"target\":[\"https:\/\/www.pogar.ch\/webnew\/produits\/\"]}]},{\"@type\":\"BreadcrumbList\",\"@id\":\"https:\/\/www.pogar.ch\/webnew\/produits\/#breadcrumb\",\"itemListElement\":[{\"@type\":\"ListItem\",\"position\":1,\"name\":\"Accueil\",\"item\":\"https:\/\/www.pogar.ch\/webnew\/\"},{\"@type\":\"ListItem\",\"position\":2,\"name\":\"Tous les produits\"}]},{\"@type\":\"WebSite\",\"@id\":\"https:\/\/www.pogar.ch\/webnew\/#website\",\"url\":\"https:\/\/www.pogar.ch\/webnew\/\",\"name\":\"Pogar S.A.\",\"description\":\"Portes de garage - Portes d&#039;entr\u00e9e - Portails\",\"publisher\":{\"@id\":\"https:\/\/www.pogar.ch\/webnew\/#organization\"},\"potentialAction\":[{\"@type\":\"SearchAction\",\"target\":{\"@type\":\"EntryPoint\",\"urlTemplate\":\"https:\/\/www.pogar.ch\/webnew\/?s={search_term_string}\"},\"query-input\":\"required name=search_term_string\"}],\"inLanguage\":\"fr-FR\"},{\"@type\":\"Organization\",\"@id\":\"https:\/\/www.pogar.ch\/webnew\/#organization\",\"name\":\"Pogar S.A.\",\"url\":\"https:\/\/www.pogar.ch\/webnew\/\",\"logo\":{\"@type\":\"ImageObject\",\"inLanguage\":\"fr-FR\",\"@id\":\"https:\/\/www.pogar.ch\/webnew\/#\/schema\/logo\/image\/\",\"url\":\"https:\/\/www.pogar.ch\/webnew\/wp-content\/uploads\/2019\/09\/logo-positif-pogar.png\",\"contentUrl\":\"https:\/\/www.pogar.ch\/webnew\/wp-content\/uploads\/2019\/09\/logo-positif-pogar.png\",\"width\":254,\"height\":210,\"caption\":\"Pogar S.A.\"},\"image\":{\"@id\":\"https:\/\/www.pogar.ch\/webnew\/#\/schema\/logo\/image\/\"},\"sameAs\":[\"https:\/\/www.facebook.com\/POGAR-Team-139006666269936\/\",\"https:\/\/www.instagram.com\/pogar_sa\/\",\"https:\/\/www.linkedin.com\/company\/81284588\/\"]}]}<\/script>\n<!-- \/ Yoast SEO Premium plugin. -->","yoast_head_json":{"title":"Tous les produits - Pogar S.A.","description":"Tous les produits Pogar SA, portes de garage, portes industrielles, portes r\u00e9sidentielles. Portes d'entr\u00e9e, portails, motorisation, grilles de s\u00e9curit\u00e9, etc.","robots":{"index":"index","follow":"follow","max-snippet":"max-snippet:-1","max-image-preview":"max-image-preview:large","max-video-preview":"max-video-preview:-1"},"canonical":"https:\/\/www.pogar.ch\/webnew\/produits\/","og_locale":"fr_FR","og_type":"article","og_title":"Tous les produits","og_description":"Tous les produits Pogar SA, portes de garage, portes industrielles, portes r\u00e9sidentielles. Portes d'entr\u00e9e, portails, motorisation, grilles de s\u00e9curit\u00e9, etc.","og_url":"https:\/\/www.pogar.ch\/webnew\/produits\/","og_site_name":"Pogar S.A.","article_publisher":"https:\/\/www.facebook.com\/POGAR-Team-139006666269936\/","article_modified_time":"2024-08-07T07:45:22+00:00","twitter_card":"summary_large_image","twitter_misc":{"Dur\u00e9e de lecture estim\u00e9e":"1 minute"},"schema":{"@context":"https:\/\/schema.org","@graph":[{"@type":"WebPage","@id":"https:\/\/www.pogar.ch\/webnew\/produits\/","url":"https:\/\/www.pogar.ch\/webnew\/produits\/","name":"Tous les produits - Pogar S.A.","isPartOf":{"@id":"https:\/\/www.pogar.ch\/webnew\/#website"},"datePublished":"2019-09-20T17:47:07+00:00","dateModified":"2024-08-07T07:45:22+00:00","description":"Tous les produits Pogar SA, portes de garage, portes industrielles, portes r\u00e9sidentielles. Portes d'entr\u00e9e, portails, motorisation, grilles de s\u00e9curit\u00e9, etc.","breadcrumb":{"@id":"https:\/\/www.pogar.ch\/webnew\/produits\/#breadcrumb"},"inLanguage":"fr-FR","potentialAction":[{"@type":"ReadAction","target":["https:\/\/www.pogar.ch\/webnew\/produits\/"]}]},{"@type":"BreadcrumbList","@id":"https:\/\/www.pogar.ch\/webnew\/produits\/#breadcrumb","itemListElement":[{"@type":"ListItem","position":1,"name":"Accueil","item":"https:\/\/www.pogar.ch\/webnew\/"},{"@type":"ListItem","position":2,"name":"Tous les produits"}]},{"@type":"WebSite","@id":"https:\/\/www.pogar.ch\/webnew\/#website","url":"https:\/\/www.pogar.ch\/webnew\/","name":"Pogar S.A.","description":"Portes de garage - Portes d&#039;entr\u00e9e - Portails","publisher":{"@id":"https:\/\/www.pogar.ch\/webnew\/#organization"},"potentialAction":[{"@type":"SearchAction","target":{"@type":"EntryPoint","urlTemplate":"https:\/\/www.pogar.ch\/webnew\/?s={search_term_string}"},"query-input":"required name=search_term_string"}],"inLanguage":"fr-FR"},{"@type":"Organization","@id":"https:\/\/www.pogar.ch\/webnew\/#organization","name":"Pogar S.A.","url":"https:\/\/www.pogar.ch\/webnew\/","logo":{"@type":"ImageObject","inLanguage":"fr-FR","@id":"https:\/\/www.pogar.ch\/webnew\/#\/schema\/logo\/image\/","url":"https:\/\/www.pogar.ch\/webnew\/wp-content\/uploads\/2019\/09\/logo-positif-pogar.png","contentUrl":"https:\/\/www.pogar.ch\/webnew\/wp-content\/uploads\/2019\/09\/logo-positif-pogar.png","width":254,"height":210,"caption":"Pogar S.A."},"image":{"@id":"https:\/\/www.pogar.ch\/webnew\/#\/schema\/logo\/image\/"},"sameAs":["https:\/\/www.facebook.com\/POGAR-Team-139006666269936\/","https:\/\/www.instagram.com\/pogar_sa\/","https:\/\/www.linkedin.com\/company\/81284588\/"]}]}},"_links":{"self":[{"href":"https:\/\/www.pogar.ch\/webnew\/wp-json\/wp\/v2\/pages\/15425"}],"collection":[{"href":"https:\/\/www.pogar.ch\/webnew\/wp-json\/wp\/v2\/pages"}],"about":[{"href":"https:\/\/www.pogar.ch\/webnew\/wp-json\/wp\/v2\/types\/page"}],"author":[{"embeddable":true,"href":"https:\/\/www.pogar.ch\/webnew\/wp-json\/wp\/v2\/users\/1"}],"replies":[{"embeddable":true,"href":"https:\/\/www.pogar.ch\/webnew\/wp-json\/wp\/v2\/comments?post=15425"}],"version-history":[{"count":79,"href":"https:\/\/www.pogar.ch\/webnew\/wp-json\/wp\/v2\/pages\/15425\/revisions"}],"predecessor-version":[{"id":17428,"href":"https:\/\/www.pogar.ch\/webnew\/wp-json\/wp\/v2\/pages\/15425\/revisions\/17428"}],"wp:attachment":[{"href":"https:\/\/www.pogar.ch\/webnew\/wp-json\/wp\/v2\/media?parent=15425"}],"curies":[{"name":"wp","href":"https:\/\/api.w.org\/{rel}","templated":true}]}}